{"id":972,"date":"2025-09-12T10:06:04","date_gmt":"2025-09-12T08:06:04","guid":{"rendered":"https:\/\/nataliaramirezrivera.com\/?page_id=972"},"modified":"2026-01-05T11:49:02","modified_gmt":"2026-01-05T10:49:02","slug":"adolescencia","status":"publish","type":"page","link":"https:\/\/nataliaramirezrivera.com\/fr\/adolescencia\/","title":{"rendered":"Adolescence"},"content":{"rendered":"<div data-elementor-type=\"wp-page\" data-elementor-id=\"972\" class=\"elementor elementor-972\" data-elementor-post-type=\"page\">\n\t\t\t\t<div class=\"elementor-element elementor-element-74b6d41 e-flex e-con-boxed e-con e-parent\" data-id=\"74b6d41\" data-element_type=\"container\" data-settings=\"{&quot;background_background&quot;:&quot;gradient&quot;}\">\n\t\t\t\t\t<div class=\"e-con-inner\">\n\t\t\t\t<div class=\"elementor-element elementor-element-e725bdf elementor-widget elementor-widget-heading\" data-id=\"e725bdf\" data-element_type=\"widget\" data-widget_type=\"heading.default\">\n\t\t\t\t<div class=\"elementor-widget-container\">\n\t\t\t\t\t<h1 class=\"elementor-heading-title elementor-size-default\">Adolescence<\/h1>\t\t\t\t<\/div>\n\t\t\t\t<\/div>\n\t\t\t\t\t<\/div>\n\t\t\t\t<\/div>\n\t\t<div class=\"elementor-element elementor-element-ed60570 e-flex e-con-boxed e-con e-parent\" data-id=\"ed60570\" data-element_type=\"container\">\n\t\t\t\t\t<div class=\"e-con-inner\">\n\t\t\t\t<div class=\"elementor-element elementor-element-8a4f8dd elementor-widget elementor-widget-spacer\" data-id=\"8a4f8dd\" data-element_type=\"widget\" data-widget_type=\"spacer.default\">\n\t\t\t\t<div class=\"elementor-widget-container\">\n\t\t\t\t\t\t\t<div class=\"elementor-spacer\">\n\t\t\t<div class=\"elementor-spacer-inner\"><\/div>\n\t\t<\/div>\n\t\t\t\t\t\t<\/div>\n\t\t\t\t<\/div>\n\t\t\t\t\t<\/div>\n\t\t\t\t<\/div>\n\t\t<div class=\"elementor-element elementor-element-72dc7b1 e-grid e-con-boxed e-con e-parent\" data-id=\"72dc7b1\" data-element_type=\"container\">\n\t\t\t\t\t<div class=\"e-con-inner\">\n\t\t\t\t<div class=\"elementor-element elementor-element-32dcfa6 elementor-widget elementor-widget-image\" data-id=\"32dcfa6\" data-element_type=\"widget\" data-widget_type=\"image.default\">\n\t\t\t\t<div class=\"elementor-widget-container\">\n\t\t\t\t\t\t\t\t\t\t\t\t\t\t\t<img fetchpriority=\"high\" decoding=\"async\" width=\"683\" height=\"1024\" src=\"https:\/\/nataliaramirezrivera.com\/wp-content\/uploads\/2025\/09\/Adolescence_Adolescencia-683x1024.jpg\" class=\"attachment-large size-large wp-image-804\" alt=\"Adolescence_Adolescencia\" srcset=\"https:\/\/nataliaramirezrivera.com\/wp-content\/uploads\/2025\/09\/Adolescence_Adolescencia-683x1024.jpg 683w, https:\/\/nataliaramirezrivera.com\/wp-content\/uploads\/2025\/09\/Adolescence_Adolescencia-200x300.jpg 200w, https:\/\/nataliaramirezrivera.com\/wp-content\/uploads\/2025\/09\/Adolescence_Adolescencia-768x1151.jpg 768w, https:\/\/nataliaramirezrivera.com\/wp-content\/uploads\/2025\/09\/Adolescence_Adolescencia-1024x1536.jpg 1024w, https:\/\/nataliaramirezrivera.com\/wp-content\/uploads\/2025\/09\/Adolescence_Adolescencia-1366x2048.jpg 1366w, https:\/\/nataliaramirezrivera.com\/wp-content\/uploads\/2025\/09\/Adolescence_Adolescencia.jpg 1482w\" sizes=\"(max-width: 683px) 100vw, 683px\" \/>\t\t\t\t\t\t\t\t\t\t\t\t\t\t\t<\/div>\n\t\t\t\t<\/div>\n\t\t<div class=\"elementor-element elementor-element-1e7eaab e-con-full e-flex e-con e-child\" data-id=\"1e7eaab\" data-element_type=\"container\">\n\t\t\t\t<div class=\"elementor-element elementor-element-7c158ca elementor-widget elementor-widget-heading\" data-id=\"7c158ca\" data-element_type=\"widget\" data-widget_type=\"heading.default\">\n\t\t\t\t<div class=\"elementor-widget-container\">\n\t\t\t\t\t<h2 class=\"elementor-heading-title elementor-size-default\">FICHE TECHNIQUE DU PROJET<\/h2>\t\t\t\t<\/div>\n\t\t\t\t<\/div>\n\t\t\t\t<div class=\"elementor-element elementor-element-2310aa8 elementor-widget elementor-widget-text-editor\" data-id=\"2310aa8\" data-element_type=\"widget\" data-widget_type=\"text-editor.default\">\n\t\t\t\t<div class=\"elementor-widget-container\">\n\t\t\t\t\t\t\t\t\t<p><strong>Travail <span style=\"text-transform: lowercase;\">effectu\u00e9 :<\/span><\/strong><\/p><ul><li><p>Description audio en espagnol<\/p><\/li><\/ul><p><strong>Dur\u00e9e :<\/strong><\/p><p>4 \u00e9pisodes<\/p><p><strong>Classification :<\/strong><\/p><p>12 ans<\/p><p><strong>Genre :<\/strong><\/p><p>Mini-s\u00e9rie, Drame, Thriller, Policier<\/p><p><strong>Synopsis :<\/strong><\/p><p>Jamie Miller, un gar\u00e7on de 13 ans, est arr\u00eat\u00e9 pour le meurtre d&#039;un camarade de classe, mais l&#039;intrigue ne tourne pas autour de la r\u00e9solution du meurtre, mais plut\u00f4t autour de d\u00e9veloppements de personnages complexes et de d\u00e9tectives qui veulent conna\u00eetre le mobile.<\/p><p><strong><span style=\"color: #000000;\">Bande-annonce :<\/span><\/strong><\/p>\t\t\t\t\t\t\t\t<\/div>\n\t\t\t\t<\/div>\n\t\t\t\t<div class=\"elementor-element elementor-element-d1e3011 elementor-widget elementor-widget-video\" data-id=\"d1e3011\" data-element_type=\"widget\" data-settings=\"{&quot;youtube_url&quot;:&quot;https:\\\/\\\/youtu.be\\\/Wk5OxqtpBR4&quot;,&quot;cc_load_policy&quot;:&quot;yes&quot;,&quot;video_type&quot;:&quot;youtube&quot;,&quot;controls&quot;:&quot;yes&quot;}\" data-widget_type=\"video.default\">\n\t\t\t\t<div class=\"elementor-widget-container\">\n\t\t\t\t\t\t\t<div class=\"elementor-wrapper elementor-open-inline\">\n\t\t\t<div class=\"elementor-video\"><\/div>\t\t<\/div>\n\t\t\t\t\t\t<\/div>\n\t\t\t\t<\/div>\n\t\t\t\t<\/div>\n\t\t\t\t\t<\/div>\n\t\t\t\t<\/div>\n\t\t<div class=\"elementor-element elementor-element-69c329c e-flex e-con-boxed e-con e-parent\" data-id=\"69c329c\" data-element_type=\"container\">\n\t\t\t\t\t<div class=\"e-con-inner\">\n\t\t\t\t<div class=\"elementor-element elementor-element-f44cf98 elementor-widget elementor-widget-spacer\" data-id=\"f44cf98\" data-element_type=\"widget\" data-widget_type=\"spacer.default\">\n\t\t\t\t<div class=\"elementor-widget-container\">\n\t\t\t\t\t\t\t<div class=\"elementor-spacer\">\n\t\t\t<div class=\"elementor-spacer-inner\"><\/div>\n\t\t<\/div>\n\t\t\t\t\t\t<\/div>\n\t\t\t\t<\/div>\n\t\t\t\t\t<\/div>\n\t\t\t\t<\/div>\n\t\t\t\t<\/div>","protected":false},"excerpt":{"rendered":"<p>Adolescencia FICHA T\u00c9CNICA DEL PROYECTO Trabajo realizado: Audiodescripci\u00f3n en espa\u00f1ol Duraci\u00f3n: 4 episodios Clasificaci\u00f3n: 12 a\u00f1os G\u00e9nero: Miniserie, Drama, Thriller, Polic\u00edaca Sinopsis: Jamie Miller, un ni\u00f1o de 13 a\u00f1os, es arrestado por el asesinato de una compa\u00f1era de clase, pero la trama no gira en torno a resolver el asesinato, sino en torno a complejos [&hellip;]<\/p>","protected":false},"author":1,"featured_media":0,"parent":0,"menu_order":0,"comment_status":"closed","ping_status":"closed","template":"","meta":{"footnotes":""},"class_list":["post-972","page","type-page","status-publish","hentry"],"yoast_head":"<!-- This site is optimized with the Yoast SEO plugin v26.5 - https:\/\/yoast.com\/wordpress\/plugins\/seo\/ -->\n<title>Adolescencia - Natalia Ram\u00edrez<\/title>\n<meta name=\"robots\" content=\"index, follow, max-snippet:-1, max-image-preview:large, max-video-preview:-1\" \/>\n<link rel=\"canonical\" href=\"https:\/\/nataliaramirezrivera.com\/fr\/adolescencia\/\" \/>\n<meta property=\"og:locale\" content=\"fr_FR\" \/>\n<meta property=\"og:type\" content=\"article\" \/>\n<meta property=\"og:title\" content=\"Adolescencia - Natalia Ram\u00edrez\" \/>\n<meta property=\"og:description\" content=\"Adolescencia FICHA T\u00c9CNICA DEL PROYECTO Trabajo realizado: Audiodescripci\u00f3n en espa\u00f1ol Duraci\u00f3n: 4 episodios Clasificaci\u00f3n: 12 a\u00f1os G\u00e9nero: Miniserie, Drama, Thriller, Polic\u00edaca Sinopsis: Jamie Miller, un ni\u00f1o de 13 a\u00f1os, es arrestado por el asesinato de una compa\u00f1era de clase, pero la trama no gira en torno a resolver el asesinato, sino en torno a complejos [&hellip;]\" \/>\n<meta property=\"og:url\" content=\"https:\/\/nataliaramirezrivera.com\/fr\/adolescencia\/\" \/>\n<meta property=\"og:site_name\" content=\"Natalia Ram\u00edrez\" \/>\n<meta property=\"article:modified_time\" content=\"2026-01-05T10:49:02+00:00\" \/>\n<meta property=\"og:image\" content=\"https:\/\/nataliaramirezrivera.com\/wp-content\/uploads\/2025\/09\/Adolescence_Adolescencia.jpg\" \/>\n\t<meta property=\"og:image:width\" content=\"1482\" \/>\n\t<meta property=\"og:image:height\" content=\"2222\" \/>\n\t<meta property=\"og:image:type\" content=\"image\/jpeg\" \/>\n<meta name=\"twitter:card\" content=\"summary_large_image\" \/>\n<meta name=\"twitter:label1\" content=\"Dur\u00e9e de lecture estim\u00e9e\" \/>\n\t<meta name=\"twitter:data1\" content=\"1 minute\" \/>\n<script type=\"application\/ld+json\" class=\"yoast-schema-graph\">{\"@context\":\"https:\/\/schema.org\",\"@graph\":[{\"@type\":\"WebPage\",\"@id\":\"https:\/\/nataliaramirezrivera.com\/adolescencia\/\",\"url\":\"https:\/\/nataliaramirezrivera.com\/adolescencia\/\",\"name\":\"Adolescencia - Natalia Ram\u00edrez\",\"isPartOf\":{\"@id\":\"https:\/\/nataliaramirezrivera.com\/#website\"},\"primaryImageOfPage\":{\"@id\":\"https:\/\/nataliaramirezrivera.com\/adolescencia\/#primaryimage\"},\"image\":{\"@id\":\"https:\/\/nataliaramirezrivera.com\/adolescencia\/#primaryimage\"},\"thumbnailUrl\":\"https:\/\/nataliaramirezrivera.com\/wp-content\/uploads\/2025\/09\/Adolescence_Adolescencia-683x1024.jpg\",\"datePublished\":\"2025-09-12T08:06:04+00:00\",\"dateModified\":\"2026-01-05T10:49:02+00:00\",\"breadcrumb\":{\"@id\":\"https:\/\/nataliaramirezrivera.com\/adolescencia\/#breadcrumb\"},\"inLanguage\":\"fr-FR\",\"potentialAction\":[{\"@type\":\"ReadAction\",\"target\":[\"https:\/\/nataliaramirezrivera.com\/adolescencia\/\"]}]},{\"@type\":\"ImageObject\",\"inLanguage\":\"fr-FR\",\"@id\":\"https:\/\/nataliaramirezrivera.com\/adolescencia\/#primaryimage\",\"url\":\"https:\/\/nataliaramirezrivera.com\/wp-content\/uploads\/2025\/09\/Adolescence_Adolescencia-683x1024.jpg\",\"contentUrl\":\"https:\/\/nataliaramirezrivera.com\/wp-content\/uploads\/2025\/09\/Adolescence_Adolescencia-683x1024.jpg\"},{\"@type\":\"BreadcrumbList\",\"@id\":\"https:\/\/nataliaramirezrivera.com\/adolescencia\/#breadcrumb\",\"itemListElement\":[{\"@type\":\"ListItem\",\"position\":1,\"name\":\"Portada\",\"item\":\"https:\/\/nataliaramirezrivera.com\/\"},{\"@type\":\"ListItem\",\"position\":2,\"name\":\"Adolescencia\"}]},{\"@type\":\"WebSite\",\"@id\":\"https:\/\/nataliaramirezrivera.com\/#website\",\"url\":\"https:\/\/nataliaramirezrivera.com\/\",\"name\":\"Natalia Ram\u00edrez\",\"description\":\"Traducci\u00f3n audiovisual especializada\",\"publisher\":{\"@id\":\"https:\/\/nataliaramirezrivera.com\/#organization\"},\"potentialAction\":[{\"@type\":\"SearchAction\",\"target\":{\"@type\":\"EntryPoint\",\"urlTemplate\":\"https:\/\/nataliaramirezrivera.com\/?s={search_term_string}\"},\"query-input\":{\"@type\":\"PropertyValueSpecification\",\"valueRequired\":true,\"valueName\":\"search_term_string\"}}],\"inLanguage\":\"fr-FR\"},{\"@type\":\"Organization\",\"@id\":\"https:\/\/nataliaramirezrivera.com\/#organization\",\"name\":\"Natalia Ram\u00edrez\",\"url\":\"https:\/\/nataliaramirezrivera.com\/\",\"logo\":{\"@type\":\"ImageObject\",\"inLanguage\":\"fr-FR\",\"@id\":\"https:\/\/nataliaramirezrivera.com\/#\/schema\/logo\/image\/\",\"url\":\"https:\/\/nataliaramirezrivera.com\/wp-content\/uploads\/2025\/10\/cropped-Natalia-Ramirez-logo-2.png\",\"contentUrl\":\"https:\/\/nataliaramirezrivera.com\/wp-content\/uploads\/2025\/10\/cropped-Natalia-Ramirez-logo-2.png\",\"width\":1087,\"height\":548,\"caption\":\"Natalia Ram\u00edrez\"},\"image\":{\"@id\":\"https:\/\/nataliaramirezrivera.com\/#\/schema\/logo\/image\/\"}}]}<\/script>\n<!-- \/ Yoast SEO plugin. -->","yoast_head_json":{"title":"Adolescencia - Natalia Ram\u00edrez","robots":{"index":"index","follow":"follow","max-snippet":"max-snippet:-1","max-image-preview":"max-image-preview:large","max-video-preview":"max-video-preview:-1"},"canonical":"https:\/\/nataliaramirezrivera.com\/fr\/adolescencia\/","og_locale":"fr_FR","og_type":"article","og_title":"Adolescencia - Natalia Ram\u00edrez","og_description":"Adolescencia FICHA T\u00c9CNICA DEL PROYECTO Trabajo realizado: Audiodescripci\u00f3n en espa\u00f1ol Duraci\u00f3n: 4 episodios Clasificaci\u00f3n: 12 a\u00f1os G\u00e9nero: Miniserie, Drama, Thriller, Polic\u00edaca Sinopsis: Jamie Miller, un ni\u00f1o de 13 a\u00f1os, es arrestado por el asesinato de una compa\u00f1era de clase, pero la trama no gira en torno a resolver el asesinato, sino en torno a complejos [&hellip;]","og_url":"https:\/\/nataliaramirezrivera.com\/fr\/adolescencia\/","og_site_name":"Natalia Ram\u00edrez","article_modified_time":"2026-01-05T10:49:02+00:00","og_image":[{"width":1482,"height":2222,"url":"https:\/\/nataliaramirezrivera.com\/wp-content\/uploads\/2025\/09\/Adolescence_Adolescencia.jpg","type":"image\/jpeg"}],"twitter_card":"summary_large_image","twitter_misc":{"Dur\u00e9e de lecture estim\u00e9e":"1 minute"},"schema":{"@context":"https:\/\/schema.org","@graph":[{"@type":"WebPage","@id":"https:\/\/nataliaramirezrivera.com\/adolescencia\/","url":"https:\/\/nataliaramirezrivera.com\/adolescencia\/","name":"Adolescencia - Natalia Ram\u00edrez","isPartOf":{"@id":"https:\/\/nataliaramirezrivera.com\/#website"},"primaryImageOfPage":{"@id":"https:\/\/nataliaramirezrivera.com\/adolescencia\/#primaryimage"},"image":{"@id":"https:\/\/nataliaramirezrivera.com\/adolescencia\/#primaryimage"},"thumbnailUrl":"https:\/\/nataliaramirezrivera.com\/wp-content\/uploads\/2025\/09\/Adolescence_Adolescencia-683x1024.jpg","datePublished":"2025-09-12T08:06:04+00:00","dateModified":"2026-01-05T10:49:02+00:00","breadcrumb":{"@id":"https:\/\/nataliaramirezrivera.com\/adolescencia\/#breadcrumb"},"inLanguage":"fr-FR","potentialAction":[{"@type":"ReadAction","target":["https:\/\/nataliaramirezrivera.com\/adolescencia\/"]}]},{"@type":"ImageObject","inLanguage":"fr-FR","@id":"https:\/\/nataliaramirezrivera.com\/adolescencia\/#primaryimage","url":"https:\/\/nataliaramirezrivera.com\/wp-content\/uploads\/2025\/09\/Adolescence_Adolescencia-683x1024.jpg","contentUrl":"https:\/\/nataliaramirezrivera.com\/wp-content\/uploads\/2025\/09\/Adolescence_Adolescencia-683x1024.jpg"},{"@type":"BreadcrumbList","@id":"https:\/\/nataliaramirezrivera.com\/adolescencia\/#breadcrumb","itemListElement":[{"@type":"ListItem","position":1,"name":"Portada","item":"https:\/\/nataliaramirezrivera.com\/"},{"@type":"ListItem","position":2,"name":"Adolescencia"}]},{"@type":"WebSite","@id":"https:\/\/nataliaramirezrivera.com\/#website","url":"https:\/\/nataliaramirezrivera.com\/","name":"Natalia Ram\u00edrez","description":"Traduction audiovisuelle sp\u00e9cialis\u00e9e","publisher":{"@id":"https:\/\/nataliaramirezrivera.com\/#organization"},"potentialAction":[{"@type":"SearchAction","target":{"@type":"EntryPoint","urlTemplate":"https:\/\/nataliaramirezrivera.com\/?s={search_term_string}"},"query-input":{"@type":"PropertyValueSpecification","valueRequired":true,"valueName":"search_term_string"}}],"inLanguage":"fr-FR"},{"@type":"Organization","@id":"https:\/\/nataliaramirezrivera.com\/#organization","name":"Natalia Ram\u00edrez","url":"https:\/\/nataliaramirezrivera.com\/","logo":{"@type":"ImageObject","inLanguage":"fr-FR","@id":"https:\/\/nataliaramirezrivera.com\/#\/schema\/logo\/image\/","url":"https:\/\/nataliaramirezrivera.com\/wp-content\/uploads\/2025\/10\/cropped-Natalia-Ramirez-logo-2.png","contentUrl":"https:\/\/nataliaramirezrivera.com\/wp-content\/uploads\/2025\/10\/cropped-Natalia-Ramirez-logo-2.png","width":1087,"height":548,"caption":"Natalia Ram\u00edrez"},"image":{"@id":"https:\/\/nataliaramirezrivera.com\/#\/schema\/logo\/image\/"}}]}},"_links":{"self":[{"href":"https:\/\/nataliaramirezrivera.com\/fr\/wp-json\/wp\/v2\/pages\/972","targetHints":{"allow":["GET"]}}],"collection":[{"href":"https:\/\/nataliaramirezrivera.com\/fr\/wp-json\/wp\/v2\/pages"}],"about":[{"href":"https:\/\/nataliaramirezrivera.com\/fr\/wp-json\/wp\/v2\/types\/page"}],"author":[{"embeddable":true,"href":"https:\/\/nataliaramirezrivera.com\/fr\/wp-json\/wp\/v2\/users\/1"}],"replies":[{"embeddable":true,"href":"https:\/\/nataliaramirezrivera.com\/fr\/wp-json\/wp\/v2\/comments?post=972"}],"version-history":[{"count":16,"href":"https:\/\/nataliaramirezrivera.com\/fr\/wp-json\/wp\/v2\/pages\/972\/revisions"}],"predecessor-version":[{"id":2568,"href":"https:\/\/nataliaramirezrivera.com\/fr\/wp-json\/wp\/v2\/pages\/972\/revisions\/2568"}],"wp:attachment":[{"href":"https:\/\/nataliaramirezrivera.com\/fr\/wp-json\/wp\/v2\/media?parent=972"}],"curies":[{"name":"wp","href":"https:\/\/api.w.org\/{rel}","templated":true}]}}