{"id":858,"date":"2025-09-04T11:56:44","date_gmt":"2025-09-04T09:56:44","guid":{"rendered":"https:\/\/nataliaramirezrivera.com\/?page_id=858"},"modified":"2026-01-05T11:52:38","modified_gmt":"2026-01-05T10:52:38","slug":"pee-wee-as-himself","status":"publish","type":"page","link":"https:\/\/nataliaramirezrivera.com\/fr\/pee-wee-as-himself\/","title":{"rendered":"Pee-Wee en tant que lui-m\u00eame"},"content":{"rendered":"<div data-elementor-type=\"wp-page\" data-elementor-id=\"858\" class=\"elementor elementor-858\" data-elementor-post-type=\"page\">\n\t\t\t\t<div class=\"elementor-element elementor-element-7a979d2 e-flex e-con-boxed e-con e-parent\" data-id=\"7a979d2\" data-element_type=\"container\" data-settings=\"{&quot;background_background&quot;:&quot;gradient&quot;}\">\n\t\t\t\t\t<div class=\"e-con-inner\">\n\t\t\t\t<div class=\"elementor-element elementor-element-2347a07 elementor-widget elementor-widget-heading\" data-id=\"2347a07\" data-element_type=\"widget\" data-widget_type=\"heading.default\">\n\t\t\t\t<div class=\"elementor-widget-container\">\n\t\t\t\t\t<h1 class=\"elementor-heading-title elementor-size-default\">Pee-Wee lui-m\u00eame<\/h1>\t\t\t\t<\/div>\n\t\t\t\t<\/div>\n\t\t\t\t\t<\/div>\n\t\t\t\t<\/div>\n\t\t<div class=\"elementor-element elementor-element-8513353 e-flex e-con-boxed e-con e-parent\" data-id=\"8513353\" data-element_type=\"container\">\n\t\t\t\t\t<div class=\"e-con-inner\">\n\t\t\t\t<div class=\"elementor-element elementor-element-44a360b elementor-widget elementor-widget-spacer\" data-id=\"44a360b\" data-element_type=\"widget\" data-widget_type=\"spacer.default\">\n\t\t\t\t<div class=\"elementor-widget-container\">\n\t\t\t\t\t\t\t<div class=\"elementor-spacer\">\n\t\t\t<div class=\"elementor-spacer-inner\"><\/div>\n\t\t<\/div>\n\t\t\t\t\t\t<\/div>\n\t\t\t\t<\/div>\n\t\t\t\t\t<\/div>\n\t\t\t\t<\/div>\n\t\t<div class=\"elementor-element elementor-element-26ab2d3 e-grid e-con-boxed e-con e-parent\" data-id=\"26ab2d3\" data-element_type=\"container\">\n\t\t\t\t\t<div class=\"e-con-inner\">\n\t\t\t\t<div class=\"elementor-element elementor-element-83d862f elementor-widget elementor-widget-image\" data-id=\"83d862f\" data-element_type=\"widget\" data-widget_type=\"image.default\">\n\t\t\t\t<div class=\"elementor-widget-container\">\n\t\t\t\t\t\t\t\t\t\t\t\t\t\t\t<img fetchpriority=\"high\" decoding=\"async\" width=\"691\" height=\"1024\" src=\"https:\/\/nataliaramirezrivera.com\/wp-content\/uploads\/2025\/09\/pee_wee_as_himself_El-mismisimo-Pee-Wee-691x1024.jpg\" class=\"attachment-large size-large wp-image-795\" alt=\"pee_wee_as_himself_El mismi\u0301simo Pee Wee\" srcset=\"https:\/\/nataliaramirezrivera.com\/wp-content\/uploads\/2025\/09\/pee_wee_as_himself_El-mismisimo-Pee-Wee-691x1024.jpg 691w, https:\/\/nataliaramirezrivera.com\/wp-content\/uploads\/2025\/09\/pee_wee_as_himself_El-mismisimo-Pee-Wee-203x300.jpg 203w, https:\/\/nataliaramirezrivera.com\/wp-content\/uploads\/2025\/09\/pee_wee_as_himself_El-mismisimo-Pee-Wee-768x1138.jpg 768w, https:\/\/nataliaramirezrivera.com\/wp-content\/uploads\/2025\/09\/pee_wee_as_himself_El-mismisimo-Pee-Wee.jpg 800w\" sizes=\"(max-width: 691px) 100vw, 691px\" \/>\t\t\t\t\t\t\t\t\t\t\t\t\t\t\t<\/div>\n\t\t\t\t<\/div>\n\t\t<div class=\"elementor-element elementor-element-e1cf1e8 e-con-full e-flex e-con e-child\" data-id=\"e1cf1e8\" data-element_type=\"container\">\n\t\t\t\t<div class=\"elementor-element elementor-element-eb14f0f elementor-widget elementor-widget-heading\" data-id=\"eb14f0f\" data-element_type=\"widget\" data-widget_type=\"heading.default\">\n\t\t\t\t<div class=\"elementor-widget-container\">\n\t\t\t\t\t<h2 class=\"elementor-heading-title elementor-size-default\">FICHE TECHNIQUE DU PROJET<\/h2>\t\t\t\t<\/div>\n\t\t\t\t<\/div>\n\t\t\t\t<div class=\"elementor-element elementor-element-f87d893 elementor-widget elementor-widget-text-editor\" data-id=\"f87d893\" data-element_type=\"widget\" data-widget_type=\"text-editor.default\">\n\t\t\t\t<div class=\"elementor-widget-container\">\n\t\t\t\t\t\t\t\t\t<p><strong>Travail <span style=\"text-transform: lowercase;\">effectu\u00e9 :<\/span><\/strong><\/p><ul><li><p>Sous-titres en espagnol<\/p><\/li><\/ul><p><strong>Dur\u00e9e :<\/strong><\/p><p>205 min.<\/p><p><strong>Classification :<\/strong><\/p><p>16 ans<\/p><p><strong>Genre :<\/strong><\/p><p>Biographie, mini-s\u00e9rie<\/p><p><strong>Synopsis :<\/strong><\/p><p>2 \u00e9pisodes. Retrace la vie de l&#039;artiste et performeur Paul Reubens et de son alter ego Pee-wee Herman. Avant son r\u00e9cent d\u00e9c\u00e8s, Reubens a longuement \u00e9voqu\u00e9 ses influences cr\u00e9atives et les difficult\u00e9s personnelles qu&#039;il a rencontr\u00e9es pour pers\u00e9v\u00e9rer en tant qu&#039;artiste.<\/p><p><strong><span style=\"color: #000000;\">Bande-annonce :<\/span><\/strong><\/p>\t\t\t\t\t\t\t\t<\/div>\n\t\t\t\t<\/div>\n\t\t\t\t<div class=\"elementor-element elementor-element-0e57448 elementor-widget elementor-widget-video\" data-id=\"0e57448\" data-element_type=\"widget\" data-settings=\"{&quot;youtube_url&quot;:&quot;https:\\\/\\\/youtu.be\\\/jVx74C-RGDw&quot;,&quot;cc_load_policy&quot;:&quot;yes&quot;,&quot;video_type&quot;:&quot;youtube&quot;,&quot;controls&quot;:&quot;yes&quot;}\" data-widget_type=\"video.default\">\n\t\t\t\t<div class=\"elementor-widget-container\">\n\t\t\t\t\t\t\t<div class=\"elementor-wrapper elementor-open-inline\">\n\t\t\t<div class=\"elementor-video\"><\/div>\t\t<\/div>\n\t\t\t\t\t\t<\/div>\n\t\t\t\t<\/div>\n\t\t\t\t<\/div>\n\t\t\t\t\t<\/div>\n\t\t\t\t<\/div>\n\t\t<div class=\"elementor-element elementor-element-b4e1f8d e-flex e-con-boxed e-con e-parent\" data-id=\"b4e1f8d\" data-element_type=\"container\">\n\t\t\t\t\t<div class=\"e-con-inner\">\n\t\t\t\t<div class=\"elementor-element elementor-element-ccd70a8 elementor-widget elementor-widget-spacer\" data-id=\"ccd70a8\" data-element_type=\"widget\" data-widget_type=\"spacer.default\">\n\t\t\t\t<div class=\"elementor-widget-container\">\n\t\t\t\t\t\t\t<div class=\"elementor-spacer\">\n\t\t\t<div class=\"elementor-spacer-inner\"><\/div>\n\t\t<\/div>\n\t\t\t\t\t\t<\/div>\n\t\t\t\t<\/div>\n\t\t\t\t\t<\/div>\n\t\t\t\t<\/div>\n\t\t\t\t<\/div>","protected":false},"excerpt":{"rendered":"<p>El mism\u00edsimo Pee-Wee FICHA T\u00c9CNICA DEL PROYECTO Trabajo realizado: Subt\u00edtulos en espa\u00f1ol Duraci\u00f3n: 205 min. Clasificaci\u00f3n: 16 a\u00f1os G\u00e9nero: Biogr\u00e1fico, Miniserie Sinopsis: 2 episodios. Cr\u00f3nica de la vida del artista e int\u00e9rprete Paul Reubens y su alter ego Pee-wee Herman. Antes de su reciente fallecimiento, Reubens habl\u00f3 en profundidad sobre sus influencias creativas y las [&hellip;]<\/p>","protected":false},"author":1,"featured_media":0,"parent":0,"menu_order":0,"comment_status":"closed","ping_status":"closed","template":"","meta":{"footnotes":""},"class_list":["post-858","page","type-page","status-publish","hentry"],"yoast_head":"<!-- This site is optimized with the Yoast SEO plugin v26.5 - https:\/\/yoast.com\/wordpress\/plugins\/seo\/ -->\n<title>Pee-Wee As Himself - Natalia Ram\u00edrez<\/title>\n<meta name=\"robots\" content=\"index, follow, max-snippet:-1, max-image-preview:large, max-video-preview:-1\" \/>\n<link rel=\"canonical\" href=\"https:\/\/nataliaramirezrivera.com\/fr\/pee-wee-as-himself\/\" \/>\n<meta property=\"og:locale\" content=\"fr_FR\" \/>\n<meta property=\"og:type\" content=\"article\" \/>\n<meta property=\"og:title\" content=\"Pee-Wee As Himself - Natalia Ram\u00edrez\" \/>\n<meta property=\"og:description\" content=\"El mism\u00edsimo Pee-Wee FICHA T\u00c9CNICA DEL PROYECTO Trabajo realizado: Subt\u00edtulos en espa\u00f1ol Duraci\u00f3n: 205 min. Clasificaci\u00f3n: 16 a\u00f1os G\u00e9nero: Biogr\u00e1fico, Miniserie Sinopsis: 2 episodios. Cr\u00f3nica de la vida del artista e int\u00e9rprete Paul Reubens y su alter ego Pee-wee Herman. Antes de su reciente fallecimiento, Reubens habl\u00f3 en profundidad sobre sus influencias creativas y las [&hellip;]\" \/>\n<meta property=\"og:url\" content=\"https:\/\/nataliaramirezrivera.com\/fr\/pee-wee-as-himself\/\" \/>\n<meta property=\"og:site_name\" content=\"Natalia Ram\u00edrez\" \/>\n<meta property=\"article:modified_time\" content=\"2026-01-05T10:52:38+00:00\" \/>\n<meta property=\"og:image\" content=\"https:\/\/nataliaramirezrivera.com\/wp-content\/uploads\/2025\/09\/pee_wee_as_himself_El-mismisimo-Pee-Wee.jpg\" \/>\n\t<meta property=\"og:image:width\" content=\"800\" \/>\n\t<meta property=\"og:image:height\" content=\"1185\" \/>\n\t<meta property=\"og:image:type\" content=\"image\/jpeg\" \/>\n<meta name=\"twitter:card\" content=\"summary_large_image\" \/>\n<meta name=\"twitter:label1\" content=\"Dur\u00e9e de lecture estim\u00e9e\" \/>\n\t<meta name=\"twitter:data1\" content=\"1 minute\" \/>\n<script type=\"application\/ld+json\" class=\"yoast-schema-graph\">{\"@context\":\"https:\/\/schema.org\",\"@graph\":[{\"@type\":\"WebPage\",\"@id\":\"https:\/\/nataliaramirezrivera.com\/pee-wee-as-himself\/\",\"url\":\"https:\/\/nataliaramirezrivera.com\/pee-wee-as-himself\/\",\"name\":\"Pee-Wee As Himself - Natalia Ram\u00edrez\",\"isPartOf\":{\"@id\":\"https:\/\/nataliaramirezrivera.com\/#website\"},\"primaryImageOfPage\":{\"@id\":\"https:\/\/nataliaramirezrivera.com\/pee-wee-as-himself\/#primaryimage\"},\"image\":{\"@id\":\"https:\/\/nataliaramirezrivera.com\/pee-wee-as-himself\/#primaryimage\"},\"thumbnailUrl\":\"https:\/\/nataliaramirezrivera.com\/wp-content\/uploads\/2025\/09\/pee_wee_as_himself_El-mismisimo-Pee-Wee-691x1024.jpg\",\"datePublished\":\"2025-09-04T09:56:44+00:00\",\"dateModified\":\"2026-01-05T10:52:38+00:00\",\"breadcrumb\":{\"@id\":\"https:\/\/nataliaramirezrivera.com\/pee-wee-as-himself\/#breadcrumb\"},\"inLanguage\":\"fr-FR\",\"potentialAction\":[{\"@type\":\"ReadAction\",\"target\":[\"https:\/\/nataliaramirezrivera.com\/pee-wee-as-himself\/\"]}]},{\"@type\":\"ImageObject\",\"inLanguage\":\"fr-FR\",\"@id\":\"https:\/\/nataliaramirezrivera.com\/pee-wee-as-himself\/#primaryimage\",\"url\":\"https:\/\/nataliaramirezrivera.com\/wp-content\/uploads\/2025\/09\/pee_wee_as_himself_El-mismisimo-Pee-Wee-691x1024.jpg\",\"contentUrl\":\"https:\/\/nataliaramirezrivera.com\/wp-content\/uploads\/2025\/09\/pee_wee_as_himself_El-mismisimo-Pee-Wee-691x1024.jpg\"},{\"@type\":\"BreadcrumbList\",\"@id\":\"https:\/\/nataliaramirezrivera.com\/pee-wee-as-himself\/#breadcrumb\",\"itemListElement\":[{\"@type\":\"ListItem\",\"position\":1,\"name\":\"Portada\",\"item\":\"https:\/\/nataliaramirezrivera.com\/\"},{\"@type\":\"ListItem\",\"position\":2,\"name\":\"Pee-Wee As Himself\"}]},{\"@type\":\"WebSite\",\"@id\":\"https:\/\/nataliaramirezrivera.com\/#website\",\"url\":\"https:\/\/nataliaramirezrivera.com\/\",\"name\":\"Natalia Ram\u00edrez\",\"description\":\"Traducci\u00f3n audiovisual especializada\",\"publisher\":{\"@id\":\"https:\/\/nataliaramirezrivera.com\/#organization\"},\"potentialAction\":[{\"@type\":\"SearchAction\",\"target\":{\"@type\":\"EntryPoint\",\"urlTemplate\":\"https:\/\/nataliaramirezrivera.com\/?s={search_term_string}\"},\"query-input\":{\"@type\":\"PropertyValueSpecification\",\"valueRequired\":true,\"valueName\":\"search_term_string\"}}],\"inLanguage\":\"fr-FR\"},{\"@type\":\"Organization\",\"@id\":\"https:\/\/nataliaramirezrivera.com\/#organization\",\"name\":\"Natalia Ram\u00edrez\",\"url\":\"https:\/\/nataliaramirezrivera.com\/\",\"logo\":{\"@type\":\"ImageObject\",\"inLanguage\":\"fr-FR\",\"@id\":\"https:\/\/nataliaramirezrivera.com\/#\/schema\/logo\/image\/\",\"url\":\"https:\/\/nataliaramirezrivera.com\/wp-content\/uploads\/2025\/10\/cropped-Natalia-Ramirez-logo-2.png\",\"contentUrl\":\"https:\/\/nataliaramirezrivera.com\/wp-content\/uploads\/2025\/10\/cropped-Natalia-Ramirez-logo-2.png\",\"width\":1087,\"height\":548,\"caption\":\"Natalia Ram\u00edrez\"},\"image\":{\"@id\":\"https:\/\/nataliaramirezrivera.com\/#\/schema\/logo\/image\/\"}}]}<\/script>\n<!-- \/ Yoast SEO plugin. -->","yoast_head_json":{"title":"Pee-Wee As Himself - Natalia Ram\u00edrez","robots":{"index":"index","follow":"follow","max-snippet":"max-snippet:-1","max-image-preview":"max-image-preview:large","max-video-preview":"max-video-preview:-1"},"canonical":"https:\/\/nataliaramirezrivera.com\/fr\/pee-wee-as-himself\/","og_locale":"fr_FR","og_type":"article","og_title":"Pee-Wee As Himself - Natalia Ram\u00edrez","og_description":"El mism\u00edsimo Pee-Wee FICHA T\u00c9CNICA DEL PROYECTO Trabajo realizado: Subt\u00edtulos en espa\u00f1ol Duraci\u00f3n: 205 min. Clasificaci\u00f3n: 16 a\u00f1os G\u00e9nero: Biogr\u00e1fico, Miniserie Sinopsis: 2 episodios. Cr\u00f3nica de la vida del artista e int\u00e9rprete Paul Reubens y su alter ego Pee-wee Herman. Antes de su reciente fallecimiento, Reubens habl\u00f3 en profundidad sobre sus influencias creativas y las [&hellip;]","og_url":"https:\/\/nataliaramirezrivera.com\/fr\/pee-wee-as-himself\/","og_site_name":"Natalia Ram\u00edrez","article_modified_time":"2026-01-05T10:52:38+00:00","og_image":[{"width":800,"height":1185,"url":"https:\/\/nataliaramirezrivera.com\/wp-content\/uploads\/2025\/09\/pee_wee_as_himself_El-mismisimo-Pee-Wee.jpg","type":"image\/jpeg"}],"twitter_card":"summary_large_image","twitter_misc":{"Dur\u00e9e de lecture estim\u00e9e":"1 minute"},"schema":{"@context":"https:\/\/schema.org","@graph":[{"@type":"WebPage","@id":"https:\/\/nataliaramirezrivera.com\/pee-wee-as-himself\/","url":"https:\/\/nataliaramirezrivera.com\/pee-wee-as-himself\/","name":"Pee-Wee As Himself - Natalia Ram\u00edrez","isPartOf":{"@id":"https:\/\/nataliaramirezrivera.com\/#website"},"primaryImageOfPage":{"@id":"https:\/\/nataliaramirezrivera.com\/pee-wee-as-himself\/#primaryimage"},"image":{"@id":"https:\/\/nataliaramirezrivera.com\/pee-wee-as-himself\/#primaryimage"},"thumbnailUrl":"https:\/\/nataliaramirezrivera.com\/wp-content\/uploads\/2025\/09\/pee_wee_as_himself_El-mismisimo-Pee-Wee-691x1024.jpg","datePublished":"2025-09-04T09:56:44+00:00","dateModified":"2026-01-05T10:52:38+00:00","breadcrumb":{"@id":"https:\/\/nataliaramirezrivera.com\/pee-wee-as-himself\/#breadcrumb"},"inLanguage":"fr-FR","potentialAction":[{"@type":"ReadAction","target":["https:\/\/nataliaramirezrivera.com\/pee-wee-as-himself\/"]}]},{"@type":"ImageObject","inLanguage":"fr-FR","@id":"https:\/\/nataliaramirezrivera.com\/pee-wee-as-himself\/#primaryimage","url":"https:\/\/nataliaramirezrivera.com\/wp-content\/uploads\/2025\/09\/pee_wee_as_himself_El-mismisimo-Pee-Wee-691x1024.jpg","contentUrl":"https:\/\/nataliaramirezrivera.com\/wp-content\/uploads\/2025\/09\/pee_wee_as_himself_El-mismisimo-Pee-Wee-691x1024.jpg"},{"@type":"BreadcrumbList","@id":"https:\/\/nataliaramirezrivera.com\/pee-wee-as-himself\/#breadcrumb","itemListElement":[{"@type":"ListItem","position":1,"name":"Portada","item":"https:\/\/nataliaramirezrivera.com\/"},{"@type":"ListItem","position":2,"name":"Pee-Wee As Himself"}]},{"@type":"WebSite","@id":"https:\/\/nataliaramirezrivera.com\/#website","url":"https:\/\/nataliaramirezrivera.com\/","name":"Natalia Ram\u00edrez","description":"Traduction audiovisuelle sp\u00e9cialis\u00e9e","publisher":{"@id":"https:\/\/nataliaramirezrivera.com\/#organization"},"potentialAction":[{"@type":"SearchAction","target":{"@type":"EntryPoint","urlTemplate":"https:\/\/nataliaramirezrivera.com\/?s={search_term_string}"},"query-input":{"@type":"PropertyValueSpecification","valueRequired":true,"valueName":"search_term_string"}}],"inLanguage":"fr-FR"},{"@type":"Organization","@id":"https:\/\/nataliaramirezrivera.com\/#organization","name":"Natalia Ram\u00edrez","url":"https:\/\/nataliaramirezrivera.com\/","logo":{"@type":"ImageObject","inLanguage":"fr-FR","@id":"https:\/\/nataliaramirezrivera.com\/#\/schema\/logo\/image\/","url":"https:\/\/nataliaramirezrivera.com\/wp-content\/uploads\/2025\/10\/cropped-Natalia-Ramirez-logo-2.png","contentUrl":"https:\/\/nataliaramirezrivera.com\/wp-content\/uploads\/2025\/10\/cropped-Natalia-Ramirez-logo-2.png","width":1087,"height":548,"caption":"Natalia Ram\u00edrez"},"image":{"@id":"https:\/\/nataliaramirezrivera.com\/#\/schema\/logo\/image\/"}}]}},"_links":{"self":[{"href":"https:\/\/nataliaramirezrivera.com\/fr\/wp-json\/wp\/v2\/pages\/858","targetHints":{"allow":["GET"]}}],"collection":[{"href":"https:\/\/nataliaramirezrivera.com\/fr\/wp-json\/wp\/v2\/pages"}],"about":[{"href":"https:\/\/nataliaramirezrivera.com\/fr\/wp-json\/wp\/v2\/types\/page"}],"author":[{"embeddable":true,"href":"https:\/\/nataliaramirezrivera.com\/fr\/wp-json\/wp\/v2\/users\/1"}],"replies":[{"embeddable":true,"href":"https:\/\/nataliaramirezrivera.com\/fr\/wp-json\/wp\/v2\/comments?post=858"}],"version-history":[{"count":34,"href":"https:\/\/nataliaramirezrivera.com\/fr\/wp-json\/wp\/v2\/pages\/858\/revisions"}],"predecessor-version":[{"id":2580,"href":"https:\/\/nataliaramirezrivera.com\/fr\/wp-json\/wp\/v2\/pages\/858\/revisions\/2580"}],"wp:attachment":[{"href":"https:\/\/nataliaramirezrivera.com\/fr\/wp-json\/wp\/v2\/media?parent=858"}],"curies":[{"name":"wp","href":"https:\/\/api.w.org\/{rel}","templated":true}]}}