{"id":15,"date":"2025-03-28T15:58:30","date_gmt":"2025-03-28T18:58:30","guid":{"rendered":"https:\/\/innovacon.simplificandotuweb.com\/?page_id=15"},"modified":"2025-07-22T02:39:49","modified_gmt":"2025-07-22T00:39:49","slug":"mapa-web","status":"publish","type":"page","link":"https:\/\/nataliaramirezrivera.com\/fr\/mapa-web\/","title":{"rendered":"Carte Web"},"content":{"rendered":"<div data-elementor-type=\"wp-page\" data-elementor-id=\"15\" class=\"elementor elementor-15\" data-elementor-post-type=\"page\">\n\t\t\t\t<div class=\"elementor-element elementor-element-10de591 e-flex e-con-boxed e-con e-parent\" data-id=\"10de591\" data-element_type=\"container\" data-settings=\"{&quot;background_background&quot;:&quot;classic&quot;}\">\n\t\t\t\t\t<div class=\"e-con-inner\">\n\t\t\t\t<div class=\"elementor-element elementor-element-00bad49 elementor-widget elementor-widget-heading\" data-id=\"00bad49\" data-element_type=\"widget\" data-widget_type=\"heading.default\">\n\t\t\t\t<div class=\"elementor-widget-container\">\n\t\t\t\t\t<h1 class=\"elementor-heading-title elementor-size-default\">Carte Web<\/h1>\t\t\t\t<\/div>\n\t\t\t\t<\/div>\n\t\t\t\t\t<\/div>\n\t\t\t\t<\/div>\n\t\t<div class=\"elementor-element elementor-element-e9d9cbf e-flex e-con-boxed e-con e-parent\" data-id=\"e9d9cbf\" data-element_type=\"container\">\n\t\t\t\t\t<div class=\"e-con-inner\">\n\t\t\t\t<div class=\"elementor-element elementor-element-4e4b0aa elementor-widget elementor-widget-sitemap\" data-id=\"4e4b0aa\" data-element_type=\"widget\" data-widget_type=\"sitemap.default\">\n\t\t\t\t<div class=\"elementor-widget-container\">\n\t\t\t\t\t<div class=\"elementor-sitemap-wrap\"><div class=\"elementor-sitemap-section\"><h2 class=\"elementor-sitemap-title elementor-sitemap-page-title\">Pages<\/h2><ul class=\"elementor-sitemap-list elementor-sitemap-page-list\"><li class=\"elementor-sitemap-item elementor-sitemap-item-page page_item page-item-2756\"><a href=\"https:\/\/nataliaramirezrivera.com\/fr\/localizacion\/localizacion-de-videojuegos-en-el-prat-de-llobregat\/\">Localizaci\u00f3n de videojuegos en El Prat de Llobregat<\/a><\/li><li class=\"elementor-sitemap-item elementor-sitemap-item-page page_item page-item-2745\"><a href=\"https:\/\/nataliaramirezrivera.com\/fr\/traduccion-audiovisual\/audiodescripcion\/audiodescripcion-de-peliculas-en-esplugues-de-llobregat\/\">Audiodescripci\u00f3n de pel\u00edculas en Esplugues de Llobregat<\/a><\/li><li class=\"elementor-sitemap-item elementor-sitemap-item-page page_item page-item-2737\"><a href=\"https:\/\/nataliaramirezrivera.com\/fr\/traduccion-audiovisual\/subtitulacion\/subtitulacion-profesional-en-molins-de-rei\/\">Subtitulaci\u00f3n profesional en Molins de Rei<\/a><\/li><li class=\"elementor-sitemap-item elementor-sitemap-item-page page_item page-item-2729\"><a href=\"https:\/\/nataliaramirezrivera.com\/fr\/traduccion-audiovisual\/traductora-audiovisual-en-sant-feliu-de-llobregat\/\">Traductora audiovisual en Sant Feliu de Llobregat<\/a><\/li><li class=\"elementor-sitemap-item elementor-sitemap-item-page page_item page-item-2481\"><a href=\"https:\/\/nataliaramirezrivera.com\/fr\/localizacion-de-videojuegos-sant-feliu-de-llobregat\/\">Lieu de jeu vid\u00e9o Sant Feliu de Llobregat<\/a><\/li><li class=\"elementor-sitemap-item elementor-sitemap-item-page page_item page-item-2476\"><a href=\"https:\/\/nataliaramirezrivera.com\/fr\/localizacion-de-videojuegos-molins-de-rei\/\">Lieu de jeu vid\u00e9o Molins de Rei<\/a><\/li><li class=\"elementor-sitemap-item elementor-sitemap-item-page page_item page-item-2232\"><a href=\"https:\/\/nataliaramirezrivera.com\/fr\/audiodescripcion-y-subtitulacion-en-cornella-de-llobregat\/\">Audiodescription et sous-titrage \u00e0 Cornell\u00e0 de Llobregat<\/a><\/li><li class=\"elementor-sitemap-item elementor-sitemap-item-page page_item page-item-2227\"><a href=\"https:\/\/nataliaramirezrivera.com\/fr\/subtitulos-para-personas-sordas-en-molins-de-rei\/\">Sous-titres pour personnes sourdes \u00e0 Molins de Rei<\/a><\/li><li class=\"elementor-sitemap-item elementor-sitemap-item-page page_item page-item-2222\"><a href=\"https:\/\/nataliaramirezrivera.com\/fr\/como-poner-subtitulos-a-un-video-en-sant-feliu-de-llobregat\/\">Comment ajouter des sous-titres \u00e0 une vid\u00e9o \u00e0 Sant Feliu de Llobregat<\/a><\/li><li class=\"elementor-sitemap-item elementor-sitemap-item-page page_item page-item-2192\"><a href=\"https:\/\/nataliaramirezrivera.com\/fr\/traduccion-cinematografica-barcelona\/\">Traduction de films Barcelone<\/a><\/li><li class=\"elementor-sitemap-item elementor-sitemap-item-page page_item page-item-2186\"><a href=\"https:\/\/nataliaramirezrivera.com\/fr\/traduccion-de-guiones-cinematograficos-barcelona\/\">Traduction de sc\u00e9nario Barcelone<\/a><\/li><li class=\"elementor-sitemap-item elementor-sitemap-item-page page_item page-item-2180\"><a href=\"https:\/\/nataliaramirezrivera.com\/fr\/localizacion-de-videojuegos-barcelona\/\">Localisation de jeux vid\u00e9o \u00e0 Barcelone<\/a><\/li><li class=\"elementor-sitemap-item elementor-sitemap-item-page page_item page-item-2174\"><a href=\"https:\/\/nataliaramirezrivera.com\/fr\/traductora-audiovisual-barcelona\/\">Traducteur audiovisuel Barcelone<\/a><\/li><li class=\"elementor-sitemap-item elementor-sitemap-item-page page_item page-item-1971\"><a href=\"https:\/\/nataliaramirezrivera.com\/fr\/plantilla-landing\/\">Mod\u00e8le d&#039;atterrissage<\/a><\/li><li class=\"elementor-sitemap-item elementor-sitemap-item-page page_item page-item-1591\"><a href=\"https:\/\/nataliaramirezrivera.com\/fr\/home-2\/\">Accueil 2<\/a><\/li><li class=\"elementor-sitemap-item elementor-sitemap-item-page page_item page-item-1567\"><a href=\"https:\/\/nataliaramirezrivera.com\/fr\/el-espiritu-de-bridge-hollow\/\">L&#039;esprit de Bridge Hollow<\/a><\/li><li class=\"elementor-sitemap-item elementor-sitemap-item-page page_item page-item-1550\"><a href=\"https:\/\/nataliaramirezrivera.com\/fr\/la-palma\/\">Le palmier<\/a><\/li><li class=\"elementor-sitemap-item elementor-sitemap-item-page page_item page-item-1515\"><a href=\"https:\/\/nataliaramirezrivera.com\/fr\/disco-inferno\/\">Disco Inferno<\/a><\/li><li class=\"elementor-sitemap-item elementor-sitemap-item-page page_item page-item-1490\"><a href=\"https:\/\/nataliaramirezrivera.com\/fr\/flashback\/\">Flashback<\/a><\/li><li class=\"elementor-sitemap-item elementor-sitemap-item-page page_item page-item-1462\"><a href=\"https:\/\/nataliaramirezrivera.com\/fr\/its-whats-inside\/\">c&#039;est ce qu&#039;il y a \u00e0 l&#039;int\u00e9rieur<\/a><\/li><li class=\"elementor-sitemap-item elementor-sitemap-item-page page_item page-item-1439\"><a href=\"https:\/\/nataliaramirezrivera.com\/fr\/thank-you-im-sorry\/\">Merci, je suis d\u00e9sol\u00e9<\/a><\/li><li class=\"elementor-sitemap-item elementor-sitemap-item-page page_item page-item-1422\"><a href=\"https:\/\/nataliaramirezrivera.com\/fr\/adoracion\/\">Culte<\/a><\/li><li class=\"elementor-sitemap-item elementor-sitemap-item-page page_item page-item-1399\"><a href=\"https:\/\/nataliaramirezrivera.com\/fr\/no-good-deed\/\">Aucune bonne action<\/a><\/li><li class=\"elementor-sitemap-item elementor-sitemap-item-page page_item page-item-1385\"><a href=\"https:\/\/nataliaramirezrivera.com\/fr\/how-to-rob-a-bank\/\">Comment braquer une banque<\/a><\/li><li class=\"elementor-sitemap-item elementor-sitemap-item-page page_item page-item-1365\"><a href=\"https:\/\/nataliaramirezrivera.com\/fr\/locked-in\/\">Enferm\u00e9<\/a><\/li><li class=\"elementor-sitemap-item elementor-sitemap-item-page page_item page-item-1344\"><a href=\"https:\/\/nataliaramirezrivera.com\/fr\/sin-edulcorar\/\">non sucr\u00e9<\/a><\/li><li class=\"elementor-sitemap-item elementor-sitemap-item-page page_item page-item-1321\"><a href=\"https:\/\/nataliaramirezrivera.com\/fr\/el-poder-policial-en-ee-uu\/\">Le pouvoir de la police aux \u00c9tats-Unis<\/a><\/li><li class=\"elementor-sitemap-item elementor-sitemap-item-page page_item page-item-1295\"><a href=\"https:\/\/nataliaramirezrivera.com\/fr\/testamento-la-historia-de-moises\/\">Testament : L&#039;histoire de Mo\u00efse<\/a><\/li><li class=\"elementor-sitemap-item elementor-sitemap-item-page page_item page-item-1263\"><a href=\"https:\/\/nataliaramirezrivera.com\/fr\/surviving-ohio-state\/\">Survivre \u00e0 l&#039;\u00c9tat de l&#039;Ohio<\/a><\/li><li class=\"elementor-sitemap-item elementor-sitemap-item-page page_item page-item-1240\"><a href=\"https:\/\/nataliaramirezrivera.com\/fr\/surveilled\/\">Surveill\u00e9<\/a><\/li><li class=\"elementor-sitemap-item elementor-sitemap-item-page page_item page-item-1222\"><a href=\"https:\/\/nataliaramirezrivera.com\/fr\/bill-maher\/\">Bill Maher<\/a><\/li><li class=\"elementor-sitemap-item elementor-sitemap-item-page page_item page-item-1193\"><a href=\"https:\/\/nataliaramirezrivera.com\/fr\/billy-joel-as-it-goes\/\">Billy Joel : Au fur et \u00e0 mesure<\/a><\/li><li class=\"elementor-sitemap-item elementor-sitemap-item-page page_item page-item-1152\"><a href=\"https:\/\/nataliaramirezrivera.com\/fr\/el-amante-de-lady-chatterley\/\">L&#039;amant de Lady Chatterley<\/a><\/li><li class=\"elementor-sitemap-item elementor-sitemap-item-page page_item page-item-1118\"><a href=\"https:\/\/nataliaramirezrivera.com\/fr\/los-caballeros\/\">Les Chevaliers<\/a><\/li><li class=\"elementor-sitemap-item elementor-sitemap-item-page page_item page-item-1092\"><a href=\"https:\/\/nataliaramirezrivera.com\/fr\/the-mendez-brothers\/\">Les fr\u00e8res Mendez<\/a><\/li><li class=\"elementor-sitemap-item elementor-sitemap-item-page page_item page-item-1066\"><a href=\"https:\/\/nataliaramirezrivera.com\/fr\/monsters\/\">Monstres<\/a><\/li><li class=\"elementor-sitemap-item elementor-sitemap-item-page page_item page-item-1046\"><a href=\"https:\/\/nataliaramirezrivera.com\/fr\/la-diplomatica\/\">Le Diplomate<\/a><\/li><li class=\"elementor-sitemap-item elementor-sitemap-item-page page_item page-item-1026\"><a href=\"https:\/\/nataliaramirezrivera.com\/fr\/la-caida-de-la-casa-usher\/\">La chute de la maison Usher<\/a><\/li><li class=\"elementor-sitemap-item elementor-sitemap-item-page page_item page-item-1012\"><a href=\"https:\/\/nataliaramirezrivera.com\/fr\/bodies\/\">Corps<\/a><\/li><li class=\"elementor-sitemap-item elementor-sitemap-item-page page_item page-item-992\"><a href=\"https:\/\/nataliaramirezrivera.com\/fr\/jeffrey-dahmer\/\">Jeffrey Dahmer<\/a><\/li><li class=\"elementor-sitemap-item elementor-sitemap-item-page page_item page-item-972\"><a href=\"https:\/\/nataliaramirezrivera.com\/fr\/adolescencia\/\">Adolescence<\/a><\/li><li class=\"elementor-sitemap-item elementor-sitemap-item-page page_item page-item-953\"><a href=\"https:\/\/nataliaramirezrivera.com\/fr\/cobra-kai\/\">Cobra Kai<\/a><\/li><li class=\"elementor-sitemap-item elementor-sitemap-item-page page_item page-item-923\"><a href=\"https:\/\/nataliaramirezrivera.com\/fr\/black-mirror\/\">Miroir noir<\/a><\/li><li class=\"elementor-sitemap-item elementor-sitemap-item-page page_item page-item-858\"><a href=\"https:\/\/nataliaramirezrivera.com\/fr\/pee-wee-as-himself\/\">Pee-Wee en tant que lui-m\u00eame<\/a><\/li><li class=\"elementor-sitemap-item elementor-sitemap-item-page page_item page-item-843\"><a href=\"https:\/\/nataliaramirezrivera.com\/fr\/james-acaster-hecklers-welcome\/\">James Acaster Hecklers Bienvenue<\/a><\/li><li class=\"elementor-sitemap-item elementor-sitemap-item-page page_item page-item-776\"><a href=\"https:\/\/nataliaramirezrivera.com\/fr\/traduccion-audiovisual\/traduccion-correccion-y-redaccion\/\">Traduction, r\u00e9vision et \u00e9dition<\/a><\/li><li class=\"elementor-sitemap-item elementor-sitemap-item-page page_item page-item-213\"><a href=\"https:\/\/nataliaramirezrivera.com\/fr\/contacto\/\">Contact<\/a><\/li><li class=\"elementor-sitemap-item elementor-sitemap-item-page page_item page-item-212 current_page_parent\"><a href=\"https:\/\/nataliaramirezrivera.com\/fr\/blog\/\">Blog<\/a><\/li><li class=\"elementor-sitemap-item elementor-sitemap-item-page page_item page-item-200\"><a href=\"https:\/\/nataliaramirezrivera.com\/fr\/proyectos\/\">Projets<\/a><\/li><li class=\"elementor-sitemap-item elementor-sitemap-item-page page_item page-item-199\"><a href=\"https:\/\/nataliaramirezrivera.com\/fr\/traduccion-y-revision\/\">Traduction et r\u00e9vision<\/a><\/li><li class=\"elementor-sitemap-item elementor-sitemap-item-page page_item page-item-198\"><a href=\"https:\/\/nataliaramirezrivera.com\/fr\/localizacion\/\">Localisation<\/a><\/li><li class=\"elementor-sitemap-item elementor-sitemap-item-page page_item page-item-197\"><a href=\"https:\/\/nataliaramirezrivera.com\/fr\/traduccion-audiovisual\/transcreacion\/\">Transcr\u00e9ation<\/a><\/li><li class=\"elementor-sitemap-item elementor-sitemap-item-page page_item page-item-196\"><a href=\"https:\/\/nataliaramirezrivera.com\/fr\/traduccion-audiovisual\/adaptaciones\/\">Adaptations<\/a><\/li><li class=\"elementor-sitemap-item elementor-sitemap-item-page page_item page-item-195\"><a href=\"https:\/\/nataliaramirezrivera.com\/fr\/traduccion-audiovisual\/audiodescripcion\/\">Audiodescription<\/a><\/li><li class=\"elementor-sitemap-item elementor-sitemap-item-page page_item page-item-194\"><a href=\"https:\/\/nataliaramirezrivera.com\/fr\/traduccion-audiovisual\/voces-superpuestas\/\">Voix off<\/a><\/li><li class=\"elementor-sitemap-item elementor-sitemap-item-page page_item page-item-193\"><a href=\"https:\/\/nataliaramirezrivera.com\/fr\/traduccion-audiovisual\/subtitulacion\/\">Sous-titrage<\/a><\/li><li class=\"elementor-sitemap-item elementor-sitemap-item-page page_item page-item-192\"><a href=\"https:\/\/nataliaramirezrivera.com\/fr\/traduccion-audiovisual\/traduccion-cinematografica\/\">Traduction de films<\/a><\/li><li class=\"elementor-sitemap-item elementor-sitemap-item-page page_item page-item-191\"><a href=\"https:\/\/nataliaramirezrivera.com\/fr\/traduccion-audiovisual\/\">Traduction audiovisuelle<\/a><\/li><li class=\"elementor-sitemap-item elementor-sitemap-item-page page_item page-item-190\"><a href=\"https:\/\/nataliaramirezrivera.com\/fr\/sobre-mi\/\">Sur moi<\/a><\/li><li class=\"elementor-sitemap-item elementor-sitemap-item-page page_item page-item-42\"><a href=\"https:\/\/nataliaramirezrivera.com\/fr\/\">Accueil<\/a><\/li><li class=\"elementor-sitemap-item elementor-sitemap-item-page page_item page-item-31\"><a href=\"https:\/\/nataliaramirezrivera.com\/fr\/politica-de-privacidad\/\">politique de confidentialit\u00e9<\/a><\/li><li class=\"elementor-sitemap-item elementor-sitemap-item-page page_item page-item-21\"><a href=\"https:\/\/nataliaramirezrivera.com\/fr\/declaracion-de-accesibilidad\/\">D\u00e9claration d&#039;accessibilit\u00e9<\/a><\/li><li class=\"elementor-sitemap-item elementor-sitemap-item-page page_item page-item-18\"><a href=\"https:\/\/nataliaramirezrivera.com\/fr\/aviso-legal\/\">Mentions l\u00e9gales<\/a><\/li><li class=\"elementor-sitemap-item elementor-sitemap-item-page page_item page-item-16\"><a href=\"https:\/\/nataliaramirezrivera.com\/fr\/politica-de-cookies\/\">Politique relative aux cookies<\/a><\/li><li class=\"elementor-sitemap-item elementor-sitemap-item-page page_item page-item-15\"><a href=\"https:\/\/nataliaramirezrivera.com\/fr\/mapa-web\/\">Carte Web<\/a><\/li><\/ul><\/div><div class=\"elementor-sitemap-section\"><h2 class=\"elementor-sitemap-title elementor-sitemap-category-title\">Cat\u00e9gories<\/h2><ul class=\"elementor-sitemap-list elementor-sitemap-category-list\">\t<li class=\"elementor-sitemap-item elementor-sitemap-item-category cat-item cat-item-20\"><a href=\"https:\/\/nataliaramirezrivera.com\/fr\/category\/traduccion-publicitaria\/\">traducci\u00f3n publicitaria<\/a>\n<\/li>\n\t<li class=\"elementor-sitemap-item elementor-sitemap-item-category cat-item cat-item-17\"><a href=\"https:\/\/nataliaramirezrivera.com\/fr\/category\/traduccion-cinematografica\/\">traduction de films<\/a>\n<\/li>\n\t<li class=\"elementor-sitemap-item elementor-sitemap-item-category cat-item cat-item-10\"><a href=\"https:\/\/nataliaramirezrivera.com\/fr\/category\/traduccion-audiovisual\/\">traduction audiovisuelle<\/a>\n<\/li>\n\t<li class=\"elementor-sitemap-item elementor-sitemap-item-category cat-item cat-item-16\"><a href=\"https:\/\/nataliaramirezrivera.com\/fr\/category\/subtitulacion-para-personas-sordas\/\">sous-titrage pour les personnes sourdes<\/a>\n<\/li>\n\t<li class=\"elementor-sitemap-item elementor-sitemap-item-category cat-item cat-item-12\"><a href=\"https:\/\/nataliaramirezrivera.com\/fr\/category\/localizacion-de-videojuegos\/\">localisation de jeux vid\u00e9o<\/a>\n<\/li>\n\t<li class=\"elementor-sitemap-item elementor-sitemap-item-category cat-item cat-item-1\"><a href=\"https:\/\/nataliaramirezrivera.com\/fr\/category\/blog\/\">Blog<\/a>\n<\/li>\n\t<li class=\"elementor-sitemap-item elementor-sitemap-item-category cat-item cat-item-21\"><a href=\"https:\/\/nataliaramirezrivera.com\/fr\/category\/audiodescripcion-de-peliculas\/\">audiodescripci\u00f3n de pel\u00edculas<\/a>\n<\/li>\n<\/ul><\/div><\/div>\t\t\t\t<\/div>\n\t\t\t\t<\/div>\n\t\t\t\t\t<\/div>\n\t\t\t\t<\/div>\n\t\t\t\t<\/div>","protected":false},"excerpt":{"rendered":"","protected":false},"author":1,"featured_media":0,"parent":0,"menu_order":0,"comment_status":"closed","ping_status":"closed","template":"","meta":{"footnotes":""},"class_list":["post-15","page","type-page","status-publish","hentry"],"yoast_head":"<!-- This site is optimized with the Yoast SEO plugin v26.5 - https:\/\/yoast.com\/wordpress\/plugins\/seo\/ -->\n<title>Mapa Web - Natalia Ram\u00edrez<\/title>\n<meta name=\"robots\" content=\"index, follow, max-snippet:-1, max-image-preview:large, max-video-preview:-1\" \/>\n<link rel=\"canonical\" href=\"https:\/\/nataliaramirezrivera.com\/fr\/mapa-web\/\" \/>\n<meta property=\"og:locale\" content=\"fr_FR\" \/>\n<meta property=\"og:type\" content=\"article\" \/>\n<meta property=\"og:title\" content=\"Mapa Web - Natalia Ram\u00edrez\" \/>\n<meta property=\"og:url\" content=\"https:\/\/nataliaramirezrivera.com\/fr\/mapa-web\/\" \/>\n<meta property=\"og:site_name\" content=\"Natalia Ram\u00edrez\" \/>\n<meta property=\"article:modified_time\" content=\"2025-07-22T00:39:49+00:00\" \/>\n<meta name=\"twitter:card\" content=\"summary_large_image\" \/>\n<script type=\"application\/ld+json\" class=\"yoast-schema-graph\">{\"@context\":\"https:\/\/schema.org\",\"@graph\":[{\"@type\":\"WebPage\",\"@id\":\"https:\/\/nataliaramirezrivera.com\/mapa-web\/\",\"url\":\"https:\/\/nataliaramirezrivera.com\/mapa-web\/\",\"name\":\"Mapa Web - Natalia Ram\u00edrez\",\"isPartOf\":{\"@id\":\"https:\/\/nataliaramirezrivera.com\/#website\"},\"datePublished\":\"2025-03-28T18:58:30+00:00\",\"dateModified\":\"2025-07-22T00:39:49+00:00\",\"breadcrumb\":{\"@id\":\"https:\/\/nataliaramirezrivera.com\/mapa-web\/#breadcrumb\"},\"inLanguage\":\"fr-FR\",\"potentialAction\":[{\"@type\":\"ReadAction\",\"target\":[\"https:\/\/nataliaramirezrivera.com\/mapa-web\/\"]}]},{\"@type\":\"BreadcrumbList\",\"@id\":\"https:\/\/nataliaramirezrivera.com\/mapa-web\/#breadcrumb\",\"itemListElement\":[{\"@type\":\"ListItem\",\"position\":1,\"name\":\"Portada\",\"item\":\"https:\/\/nataliaramirezrivera.com\/\"},{\"@type\":\"ListItem\",\"position\":2,\"name\":\"Mapa Web\"}]},{\"@type\":\"WebSite\",\"@id\":\"https:\/\/nataliaramirezrivera.com\/#website\",\"url\":\"https:\/\/nataliaramirezrivera.com\/\",\"name\":\"Natalia Ram\u00edrez\",\"description\":\"Traducci\u00f3n audiovisual especializada\",\"publisher\":{\"@id\":\"https:\/\/nataliaramirezrivera.com\/#organization\"},\"potentialAction\":[{\"@type\":\"SearchAction\",\"target\":{\"@type\":\"EntryPoint\",\"urlTemplate\":\"https:\/\/nataliaramirezrivera.com\/?s={search_term_string}\"},\"query-input\":{\"@type\":\"PropertyValueSpecification\",\"valueRequired\":true,\"valueName\":\"search_term_string\"}}],\"inLanguage\":\"fr-FR\"},{\"@type\":\"Organization\",\"@id\":\"https:\/\/nataliaramirezrivera.com\/#organization\",\"name\":\"Natalia Ram\u00edrez\",\"url\":\"https:\/\/nataliaramirezrivera.com\/\",\"logo\":{\"@type\":\"ImageObject\",\"inLanguage\":\"fr-FR\",\"@id\":\"https:\/\/nataliaramirezrivera.com\/#\/schema\/logo\/image\/\",\"url\":\"https:\/\/nataliaramirezrivera.com\/wp-content\/uploads\/2025\/10\/cropped-Natalia-Ramirez-logo-2.png\",\"contentUrl\":\"https:\/\/nataliaramirezrivera.com\/wp-content\/uploads\/2025\/10\/cropped-Natalia-Ramirez-logo-2.png\",\"width\":1087,\"height\":548,\"caption\":\"Natalia Ram\u00edrez\"},\"image\":{\"@id\":\"https:\/\/nataliaramirezrivera.com\/#\/schema\/logo\/image\/\"}}]}<\/script>\n<!-- \/ Yoast SEO plugin. -->","yoast_head_json":{"title":"Mapa Web - Natalia Ram\u00edrez","robots":{"index":"index","follow":"follow","max-snippet":"max-snippet:-1","max-image-preview":"max-image-preview:large","max-video-preview":"max-video-preview:-1"},"canonical":"https:\/\/nataliaramirezrivera.com\/fr\/mapa-web\/","og_locale":"fr_FR","og_type":"article","og_title":"Mapa Web - Natalia Ram\u00edrez","og_url":"https:\/\/nataliaramirezrivera.com\/fr\/mapa-web\/","og_site_name":"Natalia Ram\u00edrez","article_modified_time":"2025-07-22T00:39:49+00:00","twitter_card":"summary_large_image","schema":{"@context":"https:\/\/schema.org","@graph":[{"@type":"WebPage","@id":"https:\/\/nataliaramirezrivera.com\/mapa-web\/","url":"https:\/\/nataliaramirezrivera.com\/mapa-web\/","name":"Mapa Web - Natalia Ram\u00edrez","isPartOf":{"@id":"https:\/\/nataliaramirezrivera.com\/#website"},"datePublished":"2025-03-28T18:58:30+00:00","dateModified":"2025-07-22T00:39:49+00:00","breadcrumb":{"@id":"https:\/\/nataliaramirezrivera.com\/mapa-web\/#breadcrumb"},"inLanguage":"fr-FR","potentialAction":[{"@type":"ReadAction","target":["https:\/\/nataliaramirezrivera.com\/mapa-web\/"]}]},{"@type":"BreadcrumbList","@id":"https:\/\/nataliaramirezrivera.com\/mapa-web\/#breadcrumb","itemListElement":[{"@type":"ListItem","position":1,"name":"Portada","item":"https:\/\/nataliaramirezrivera.com\/"},{"@type":"ListItem","position":2,"name":"Mapa Web"}]},{"@type":"WebSite","@id":"https:\/\/nataliaramirezrivera.com\/#website","url":"https:\/\/nataliaramirezrivera.com\/","name":"Natalia Ram\u00edrez","description":"Traduction audiovisuelle sp\u00e9cialis\u00e9e","publisher":{"@id":"https:\/\/nataliaramirezrivera.com\/#organization"},"potentialAction":[{"@type":"SearchAction","target":{"@type":"EntryPoint","urlTemplate":"https:\/\/nataliaramirezrivera.com\/?s={search_term_string}"},"query-input":{"@type":"PropertyValueSpecification","valueRequired":true,"valueName":"search_term_string"}}],"inLanguage":"fr-FR"},{"@type":"Organization","@id":"https:\/\/nataliaramirezrivera.com\/#organization","name":"Natalia Ram\u00edrez","url":"https:\/\/nataliaramirezrivera.com\/","logo":{"@type":"ImageObject","inLanguage":"fr-FR","@id":"https:\/\/nataliaramirezrivera.com\/#\/schema\/logo\/image\/","url":"https:\/\/nataliaramirezrivera.com\/wp-content\/uploads\/2025\/10\/cropped-Natalia-Ramirez-logo-2.png","contentUrl":"https:\/\/nataliaramirezrivera.com\/wp-content\/uploads\/2025\/10\/cropped-Natalia-Ramirez-logo-2.png","width":1087,"height":548,"caption":"Natalia Ram\u00edrez"},"image":{"@id":"https:\/\/nataliaramirezrivera.com\/#\/schema\/logo\/image\/"}}]}},"_links":{"self":[{"href":"https:\/\/nataliaramirezrivera.com\/fr\/wp-json\/wp\/v2\/pages\/15","targetHints":{"allow":["GET"]}}],"collection":[{"href":"https:\/\/nataliaramirezrivera.com\/fr\/wp-json\/wp\/v2\/pages"}],"about":[{"href":"https:\/\/nataliaramirezrivera.com\/fr\/wp-json\/wp\/v2\/types\/page"}],"author":[{"embeddable":true,"href":"https:\/\/nataliaramirezrivera.com\/fr\/wp-json\/wp\/v2\/users\/1"}],"replies":[{"embeddable":true,"href":"https:\/\/nataliaramirezrivera.com\/fr\/wp-json\/wp\/v2\/comments?post=15"}],"version-history":[{"count":3,"href":"https:\/\/nataliaramirezrivera.com\/fr\/wp-json\/wp\/v2\/pages\/15\/revisions"}],"predecessor-version":[{"id":548,"href":"https:\/\/nataliaramirezrivera.com\/fr\/wp-json\/wp\/v2\/pages\/15\/revisions\/548"}],"wp:attachment":[{"href":"https:\/\/nataliaramirezrivera.com\/fr\/wp-json\/wp\/v2\/media?parent=15"}],"curies":[{"name":"wp","href":"https:\/\/api.w.org\/{rel}","templated":true}]}}