{"id":1462,"date":"2025-09-15T09:15:32","date_gmt":"2025-09-15T07:15:32","guid":{"rendered":"https:\/\/nataliaramirezrivera.com\/?page_id=1462"},"modified":"2026-01-05T12:06:53","modified_gmt":"2026-01-05T11:06:53","slug":"its-whats-inside","status":"publish","type":"page","link":"https:\/\/nataliaramirezrivera.com\/fr\/its-whats-inside\/","title":{"rendered":"c&#039;est ce qu&#039;il y a \u00e0 l&#039;int\u00e9rieur"},"content":{"rendered":"<div data-elementor-type=\"wp-page\" data-elementor-id=\"1462\" class=\"elementor elementor-1462\" data-elementor-post-type=\"page\">\n\t\t\t\t<div class=\"elementor-element elementor-element-37bb3c9 e-flex e-con-boxed e-con e-parent\" data-id=\"37bb3c9\" data-element_type=\"container\" data-settings=\"{&quot;background_background&quot;:&quot;gradient&quot;}\">\n\t\t\t\t\t<div class=\"e-con-inner\">\n\t\t\t\t<div class=\"elementor-element elementor-element-9d6355d elementor-widget elementor-widget-heading\" data-id=\"9d6355d\" data-element_type=\"widget\" data-widget_type=\"heading.default\">\n\t\t\t\t<div class=\"elementor-widget-container\">\n\t\t\t\t\t<h1 class=\"elementor-heading-title elementor-size-default\">C&#039;est ce qu&#039;il y a \u00e0 l&#039;int\u00e9rieur<\/h1>\t\t\t\t<\/div>\n\t\t\t\t<\/div>\n\t\t\t\t\t<\/div>\n\t\t\t\t<\/div>\n\t\t<div class=\"elementor-element elementor-element-b545cda e-flex e-con-boxed e-con e-parent\" data-id=\"b545cda\" data-element_type=\"container\">\n\t\t\t\t\t<div class=\"e-con-inner\">\n\t\t\t\t<div class=\"elementor-element elementor-element-7dabf26 elementor-widget elementor-widget-spacer\" data-id=\"7dabf26\" data-element_type=\"widget\" data-widget_type=\"spacer.default\">\n\t\t\t\t<div class=\"elementor-widget-container\">\n\t\t\t\t\t\t\t<div class=\"elementor-spacer\">\n\t\t\t<div class=\"elementor-spacer-inner\"><\/div>\n\t\t<\/div>\n\t\t\t\t\t\t<\/div>\n\t\t\t\t<\/div>\n\t\t\t\t\t<\/div>\n\t\t\t\t<\/div>\n\t\t<div class=\"elementor-element elementor-element-421927c e-grid e-con-boxed e-con e-parent\" data-id=\"421927c\" data-element_type=\"container\">\n\t\t\t\t\t<div class=\"e-con-inner\">\n\t\t\t\t<div class=\"elementor-element elementor-element-b9cefe4 elementor-widget elementor-widget-image\" data-id=\"b9cefe4\" data-element_type=\"widget\" data-widget_type=\"image.default\">\n\t\t\t\t<div class=\"elementor-widget-container\">\n\t\t\t\t\t\t\t\t\t\t\t\t\t\t\t<img fetchpriority=\"high\" decoding=\"async\" width=\"683\" height=\"1024\" src=\"https:\/\/nataliaramirezrivera.com\/wp-content\/uploads\/2025\/09\/Its-whats-inside_Lo-que-hay-dentro-683x1024.jpg\" class=\"attachment-large size-large wp-image-816\" alt=\"\" srcset=\"https:\/\/nataliaramirezrivera.com\/wp-content\/uploads\/2025\/09\/Its-whats-inside_Lo-que-hay-dentro-683x1024.jpg 683w, https:\/\/nataliaramirezrivera.com\/wp-content\/uploads\/2025\/09\/Its-whats-inside_Lo-que-hay-dentro-200x300.jpg 200w, https:\/\/nataliaramirezrivera.com\/wp-content\/uploads\/2025\/09\/Its-whats-inside_Lo-que-hay-dentro-768x1152.jpg 768w, https:\/\/nataliaramirezrivera.com\/wp-content\/uploads\/2025\/09\/Its-whats-inside_Lo-que-hay-dentro-1024x1536.jpg 1024w, https:\/\/nataliaramirezrivera.com\/wp-content\/uploads\/2025\/09\/Its-whats-inside_Lo-que-hay-dentro-1365x2048.jpg 1365w, https:\/\/nataliaramirezrivera.com\/wp-content\/uploads\/2025\/09\/Its-whats-inside_Lo-que-hay-dentro-scaled.jpg 1707w\" sizes=\"(max-width: 683px) 100vw, 683px\" \/>\t\t\t\t\t\t\t\t\t\t\t\t\t\t\t<\/div>\n\t\t\t\t<\/div>\n\t\t<div class=\"elementor-element elementor-element-7956bb0 e-con-full e-flex e-con e-child\" data-id=\"7956bb0\" data-element_type=\"container\">\n\t\t\t\t<div class=\"elementor-element elementor-element-1b5dc1b elementor-widget elementor-widget-heading\" data-id=\"1b5dc1b\" data-element_type=\"widget\" data-widget_type=\"heading.default\">\n\t\t\t\t<div class=\"elementor-widget-container\">\n\t\t\t\t\t<h2 class=\"elementor-heading-title elementor-size-default\">FICHE TECHNIQUE DU PROJET<\/h2>\t\t\t\t<\/div>\n\t\t\t\t<\/div>\n\t\t\t\t<div class=\"elementor-element elementor-element-6e01a41 elementor-widget elementor-widget-text-editor\" data-id=\"6e01a41\" data-element_type=\"widget\" data-widget_type=\"text-editor.default\">\n\t\t\t\t<div class=\"elementor-widget-container\">\n\t\t\t\t\t\t\t\t\t<p><strong>Travail <span style=\"text-transform: lowercase;\">effectu\u00e9 :<\/span><\/strong><\/p><ul><li><p>Description audio en espagnol<\/p><\/li><\/ul><p><strong>Dur\u00e9e :<\/strong><\/p><p>103 minutes<\/p><p><strong>Classification :<\/strong><\/p><p>16 ans<\/p><p><strong>Genre :<\/strong><\/p><p>Intrigue, Thriller, Science-fiction<\/p><p><strong>Synopsis :<\/strong><\/p><p>Lors d&#039;une f\u00eate pr\u00e9nuptiale, un groupe d&#039;amis d&#039;universit\u00e9 se retrouve plong\u00e9 dans un cauchemar psychologique lorsqu&#039;un invit\u00e9 inattendu d\u00e9barque avec une myst\u00e9rieuse valise contenant un appareil capable de changer d&#039;esprit. En participant \u00e0 ce jeu pervers, secrets cach\u00e9s, d\u00e9sirs refoul\u00e9s et profonds ressentiments sont r\u00e9v\u00e9l\u00e9s, plongeant tout le monde dans une spirale de chaos et de r\u00e9v\u00e9lations bouleversantes.<\/p><p><strong><span style=\"color: #000000;\">Bande-annonce :<\/span><\/strong><\/p>\t\t\t\t\t\t\t\t<\/div>\n\t\t\t\t<\/div>\n\t\t\t\t<div class=\"elementor-element elementor-element-7fdc261 elementor-widget elementor-widget-video\" data-id=\"7fdc261\" data-element_type=\"widget\" data-settings=\"{&quot;youtube_url&quot;:&quot;https:\\\/\\\/youtu.be\\\/RJBNi0CjX5I&quot;,&quot;cc_load_policy&quot;:&quot;yes&quot;,&quot;video_type&quot;:&quot;youtube&quot;,&quot;controls&quot;:&quot;yes&quot;}\" data-widget_type=\"video.default\">\n\t\t\t\t<div class=\"elementor-widget-container\">\n\t\t\t\t\t\t\t<div class=\"elementor-wrapper elementor-open-inline\">\n\t\t\t<div class=\"elementor-video\"><\/div>\t\t<\/div>\n\t\t\t\t\t\t<\/div>\n\t\t\t\t<\/div>\n\t\t\t\t<\/div>\n\t\t\t\t\t<\/div>\n\t\t\t\t<\/div>\n\t\t<div class=\"elementor-element elementor-element-b26fa62 e-flex e-con-boxed e-con e-parent\" data-id=\"b26fa62\" data-element_type=\"container\">\n\t\t\t\t\t<div class=\"e-con-inner\">\n\t\t\t\t<div class=\"elementor-element elementor-element-0f8a52c elementor-widget elementor-widget-spacer\" data-id=\"0f8a52c\" data-element_type=\"widget\" data-widget_type=\"spacer.default\">\n\t\t\t\t<div class=\"elementor-widget-container\">\n\t\t\t\t\t\t\t<div class=\"elementor-spacer\">\n\t\t\t<div class=\"elementor-spacer-inner\"><\/div>\n\t\t<\/div>\n\t\t\t\t\t\t<\/div>\n\t\t\t\t<\/div>\n\t\t\t\t\t<\/div>\n\t\t\t\t<\/div>\n\t\t\t\t<\/div>","protected":false},"excerpt":{"rendered":"<p>It&#8217;s what&#8217;s inside FICHA T\u00c9CNICA DEL PROYECTO Trabajo realizado: Audiodescripci\u00f3n en espa\u00f1ol Duraci\u00f3n: 103 min. Clasificaci\u00f3n: 16 a\u00f1os G\u00e9nero: Intriga, Thriller, Ciencia Ficci\u00f3n Sinopsis: En una fiesta previa a una boda, un grupo de amigos universitarios se ve envuelto en una pesadilla psicol\u00f3gica cuando un invitado inesperado llega con una misteriosa maleta que contiene un [&hellip;]<\/p>","protected":false},"author":1,"featured_media":0,"parent":0,"menu_order":0,"comment_status":"closed","ping_status":"closed","template":"","meta":{"footnotes":""},"class_list":["post-1462","page","type-page","status-publish","hentry"],"yoast_head":"<!-- This site is optimized with the Yoast SEO plugin v26.5 - https:\/\/yoast.com\/wordpress\/plugins\/seo\/ -->\n<title>it&#039;s what&#039;s inside - Natalia Ram\u00edrez<\/title>\n<meta name=\"robots\" content=\"index, follow, max-snippet:-1, max-image-preview:large, max-video-preview:-1\" \/>\n<link rel=\"canonical\" href=\"https:\/\/nataliaramirezrivera.com\/fr\/its-whats-inside\/\" \/>\n<meta property=\"og:locale\" content=\"fr_FR\" \/>\n<meta property=\"og:type\" content=\"article\" \/>\n<meta property=\"og:title\" content=\"it&#039;s what&#039;s inside - Natalia Ram\u00edrez\" \/>\n<meta property=\"og:description\" content=\"It&#8217;s what&#8217;s inside FICHA T\u00c9CNICA DEL PROYECTO Trabajo realizado: Audiodescripci\u00f3n en espa\u00f1ol Duraci\u00f3n: 103 min. Clasificaci\u00f3n: 16 a\u00f1os G\u00e9nero: Intriga, Thriller, Ciencia Ficci\u00f3n Sinopsis: En una fiesta previa a una boda, un grupo de amigos universitarios se ve envuelto en una pesadilla psicol\u00f3gica cuando un invitado inesperado llega con una misteriosa maleta que contiene un [&hellip;]\" \/>\n<meta property=\"og:url\" content=\"https:\/\/nataliaramirezrivera.com\/fr\/its-whats-inside\/\" \/>\n<meta property=\"og:site_name\" content=\"Natalia Ram\u00edrez\" \/>\n<meta property=\"article:modified_time\" content=\"2026-01-05T11:06:53+00:00\" \/>\n<meta property=\"og:image\" content=\"https:\/\/nataliaramirezrivera.com\/wp-content\/uploads\/2025\/09\/Its-whats-inside_Lo-que-hay-dentro-scaled.jpg\" \/>\n\t<meta property=\"og:image:width\" content=\"1707\" \/>\n\t<meta property=\"og:image:height\" content=\"2560\" \/>\n\t<meta property=\"og:image:type\" content=\"image\/jpeg\" \/>\n<meta name=\"twitter:card\" content=\"summary_large_image\" \/>\n<meta name=\"twitter:label1\" content=\"Dur\u00e9e de lecture estim\u00e9e\" \/>\n\t<meta name=\"twitter:data1\" content=\"1 minute\" \/>\n<script type=\"application\/ld+json\" class=\"yoast-schema-graph\">{\"@context\":\"https:\/\/schema.org\",\"@graph\":[{\"@type\":\"WebPage\",\"@id\":\"https:\/\/nataliaramirezrivera.com\/its-whats-inside\/\",\"url\":\"https:\/\/nataliaramirezrivera.com\/its-whats-inside\/\",\"name\":\"it's what's inside - Natalia Ram\u00edrez\",\"isPartOf\":{\"@id\":\"https:\/\/nataliaramirezrivera.com\/#website\"},\"primaryImageOfPage\":{\"@id\":\"https:\/\/nataliaramirezrivera.com\/its-whats-inside\/#primaryimage\"},\"image\":{\"@id\":\"https:\/\/nataliaramirezrivera.com\/its-whats-inside\/#primaryimage\"},\"thumbnailUrl\":\"https:\/\/nataliaramirezrivera.com\/wp-content\/uploads\/2025\/09\/Its-whats-inside_Lo-que-hay-dentro-683x1024.jpg\",\"datePublished\":\"2025-09-15T07:15:32+00:00\",\"dateModified\":\"2026-01-05T11:06:53+00:00\",\"breadcrumb\":{\"@id\":\"https:\/\/nataliaramirezrivera.com\/its-whats-inside\/#breadcrumb\"},\"inLanguage\":\"fr-FR\",\"potentialAction\":[{\"@type\":\"ReadAction\",\"target\":[\"https:\/\/nataliaramirezrivera.com\/its-whats-inside\/\"]}]},{\"@type\":\"ImageObject\",\"inLanguage\":\"fr-FR\",\"@id\":\"https:\/\/nataliaramirezrivera.com\/its-whats-inside\/#primaryimage\",\"url\":\"https:\/\/nataliaramirezrivera.com\/wp-content\/uploads\/2025\/09\/Its-whats-inside_Lo-que-hay-dentro-683x1024.jpg\",\"contentUrl\":\"https:\/\/nataliaramirezrivera.com\/wp-content\/uploads\/2025\/09\/Its-whats-inside_Lo-que-hay-dentro-683x1024.jpg\"},{\"@type\":\"BreadcrumbList\",\"@id\":\"https:\/\/nataliaramirezrivera.com\/its-whats-inside\/#breadcrumb\",\"itemListElement\":[{\"@type\":\"ListItem\",\"position\":1,\"name\":\"Portada\",\"item\":\"https:\/\/nataliaramirezrivera.com\/\"},{\"@type\":\"ListItem\",\"position\":2,\"name\":\"it&#8217;s what&#8217;s inside\"}]},{\"@type\":\"WebSite\",\"@id\":\"https:\/\/nataliaramirezrivera.com\/#website\",\"url\":\"https:\/\/nataliaramirezrivera.com\/\",\"name\":\"Natalia Ram\u00edrez\",\"description\":\"Traducci\u00f3n audiovisual especializada\",\"publisher\":{\"@id\":\"https:\/\/nataliaramirezrivera.com\/#organization\"},\"potentialAction\":[{\"@type\":\"SearchAction\",\"target\":{\"@type\":\"EntryPoint\",\"urlTemplate\":\"https:\/\/nataliaramirezrivera.com\/?s={search_term_string}\"},\"query-input\":{\"@type\":\"PropertyValueSpecification\",\"valueRequired\":true,\"valueName\":\"search_term_string\"}}],\"inLanguage\":\"fr-FR\"},{\"@type\":\"Organization\",\"@id\":\"https:\/\/nataliaramirezrivera.com\/#organization\",\"name\":\"Natalia Ram\u00edrez\",\"url\":\"https:\/\/nataliaramirezrivera.com\/\",\"logo\":{\"@type\":\"ImageObject\",\"inLanguage\":\"fr-FR\",\"@id\":\"https:\/\/nataliaramirezrivera.com\/#\/schema\/logo\/image\/\",\"url\":\"https:\/\/nataliaramirezrivera.com\/wp-content\/uploads\/2025\/10\/cropped-Natalia-Ramirez-logo-2.png\",\"contentUrl\":\"https:\/\/nataliaramirezrivera.com\/wp-content\/uploads\/2025\/10\/cropped-Natalia-Ramirez-logo-2.png\",\"width\":1087,\"height\":548,\"caption\":\"Natalia Ram\u00edrez\"},\"image\":{\"@id\":\"https:\/\/nataliaramirezrivera.com\/#\/schema\/logo\/image\/\"}}]}<\/script>\n<!-- \/ Yoast SEO plugin. -->","yoast_head_json":{"title":"it's what's inside - Natalia Ram\u00edrez","robots":{"index":"index","follow":"follow","max-snippet":"max-snippet:-1","max-image-preview":"max-image-preview:large","max-video-preview":"max-video-preview:-1"},"canonical":"https:\/\/nataliaramirezrivera.com\/fr\/its-whats-inside\/","og_locale":"fr_FR","og_type":"article","og_title":"it's what's inside - Natalia Ram\u00edrez","og_description":"It&#8217;s what&#8217;s inside FICHA T\u00c9CNICA DEL PROYECTO Trabajo realizado: Audiodescripci\u00f3n en espa\u00f1ol Duraci\u00f3n: 103 min. Clasificaci\u00f3n: 16 a\u00f1os G\u00e9nero: Intriga, Thriller, Ciencia Ficci\u00f3n Sinopsis: En una fiesta previa a una boda, un grupo de amigos universitarios se ve envuelto en una pesadilla psicol\u00f3gica cuando un invitado inesperado llega con una misteriosa maleta que contiene un [&hellip;]","og_url":"https:\/\/nataliaramirezrivera.com\/fr\/its-whats-inside\/","og_site_name":"Natalia Ram\u00edrez","article_modified_time":"2026-01-05T11:06:53+00:00","og_image":[{"width":1707,"height":2560,"url":"https:\/\/nataliaramirezrivera.com\/wp-content\/uploads\/2025\/09\/Its-whats-inside_Lo-que-hay-dentro-scaled.jpg","type":"image\/jpeg"}],"twitter_card":"summary_large_image","twitter_misc":{"Dur\u00e9e de lecture estim\u00e9e":"1 minute"},"schema":{"@context":"https:\/\/schema.org","@graph":[{"@type":"WebPage","@id":"https:\/\/nataliaramirezrivera.com\/its-whats-inside\/","url":"https:\/\/nataliaramirezrivera.com\/its-whats-inside\/","name":"it's what's inside - Natalia Ram\u00edrez","isPartOf":{"@id":"https:\/\/nataliaramirezrivera.com\/#website"},"primaryImageOfPage":{"@id":"https:\/\/nataliaramirezrivera.com\/its-whats-inside\/#primaryimage"},"image":{"@id":"https:\/\/nataliaramirezrivera.com\/its-whats-inside\/#primaryimage"},"thumbnailUrl":"https:\/\/nataliaramirezrivera.com\/wp-content\/uploads\/2025\/09\/Its-whats-inside_Lo-que-hay-dentro-683x1024.jpg","datePublished":"2025-09-15T07:15:32+00:00","dateModified":"2026-01-05T11:06:53+00:00","breadcrumb":{"@id":"https:\/\/nataliaramirezrivera.com\/its-whats-inside\/#breadcrumb"},"inLanguage":"fr-FR","potentialAction":[{"@type":"ReadAction","target":["https:\/\/nataliaramirezrivera.com\/its-whats-inside\/"]}]},{"@type":"ImageObject","inLanguage":"fr-FR","@id":"https:\/\/nataliaramirezrivera.com\/its-whats-inside\/#primaryimage","url":"https:\/\/nataliaramirezrivera.com\/wp-content\/uploads\/2025\/09\/Its-whats-inside_Lo-que-hay-dentro-683x1024.jpg","contentUrl":"https:\/\/nataliaramirezrivera.com\/wp-content\/uploads\/2025\/09\/Its-whats-inside_Lo-que-hay-dentro-683x1024.jpg"},{"@type":"BreadcrumbList","@id":"https:\/\/nataliaramirezrivera.com\/its-whats-inside\/#breadcrumb","itemListElement":[{"@type":"ListItem","position":1,"name":"Portada","item":"https:\/\/nataliaramirezrivera.com\/"},{"@type":"ListItem","position":2,"name":"it&#8217;s what&#8217;s inside"}]},{"@type":"WebSite","@id":"https:\/\/nataliaramirezrivera.com\/#website","url":"https:\/\/nataliaramirezrivera.com\/","name":"Natalia Ram\u00edrez","description":"Traduction audiovisuelle sp\u00e9cialis\u00e9e","publisher":{"@id":"https:\/\/nataliaramirezrivera.com\/#organization"},"potentialAction":[{"@type":"SearchAction","target":{"@type":"EntryPoint","urlTemplate":"https:\/\/nataliaramirezrivera.com\/?s={search_term_string}"},"query-input":{"@type":"PropertyValueSpecification","valueRequired":true,"valueName":"search_term_string"}}],"inLanguage":"fr-FR"},{"@type":"Organization","@id":"https:\/\/nataliaramirezrivera.com\/#organization","name":"Natalia Ram\u00edrez","url":"https:\/\/nataliaramirezrivera.com\/","logo":{"@type":"ImageObject","inLanguage":"fr-FR","@id":"https:\/\/nataliaramirezrivera.com\/#\/schema\/logo\/image\/","url":"https:\/\/nataliaramirezrivera.com\/wp-content\/uploads\/2025\/10\/cropped-Natalia-Ramirez-logo-2.png","contentUrl":"https:\/\/nataliaramirezrivera.com\/wp-content\/uploads\/2025\/10\/cropped-Natalia-Ramirez-logo-2.png","width":1087,"height":548,"caption":"Natalia Ram\u00edrez"},"image":{"@id":"https:\/\/nataliaramirezrivera.com\/#\/schema\/logo\/image\/"}}]}},"_links":{"self":[{"href":"https:\/\/nataliaramirezrivera.com\/fr\/wp-json\/wp\/v2\/pages\/1462","targetHints":{"allow":["GET"]}}],"collection":[{"href":"https:\/\/nataliaramirezrivera.com\/fr\/wp-json\/wp\/v2\/pages"}],"about":[{"href":"https:\/\/nataliaramirezrivera.com\/fr\/wp-json\/wp\/v2\/types\/page"}],"author":[{"embeddable":true,"href":"https:\/\/nataliaramirezrivera.com\/fr\/wp-json\/wp\/v2\/users\/1"}],"replies":[{"embeddable":true,"href":"https:\/\/nataliaramirezrivera.com\/fr\/wp-json\/wp\/v2\/comments?post=1462"}],"version-history":[{"count":31,"href":"https:\/\/nataliaramirezrivera.com\/fr\/wp-json\/wp\/v2\/pages\/1462\/revisions"}],"predecessor-version":[{"id":2643,"href":"https:\/\/nataliaramirezrivera.com\/fr\/wp-json\/wp\/v2\/pages\/1462\/revisions\/2643"}],"wp:attachment":[{"href":"https:\/\/nataliaramirezrivera.com\/fr\/wp-json\/wp\/v2\/media?parent=1462"}],"curies":[{"name":"wp","href":"https:\/\/api.w.org\/{rel}","templated":true}]}}