{"id":1399,"date":"2025-09-12T12:51:22","date_gmt":"2025-09-12T10:51:22","guid":{"rendered":"https:\/\/nataliaramirezrivera.com\/?page_id=1399"},"modified":"2026-01-05T12:02:11","modified_gmt":"2026-01-05T11:02:11","slug":"no-good-deed","status":"publish","type":"page","link":"https:\/\/nataliaramirezrivera.com\/fr\/no-good-deed\/","title":{"rendered":"Aucune bonne action"},"content":{"rendered":"<div data-elementor-type=\"wp-page\" data-elementor-id=\"1399\" class=\"elementor elementor-1399\" data-elementor-post-type=\"page\">\n\t\t\t\t<div class=\"elementor-element elementor-element-f5ba5f4 e-flex e-con-boxed e-con e-parent\" data-id=\"f5ba5f4\" data-element_type=\"container\" data-settings=\"{&quot;background_background&quot;:&quot;gradient&quot;}\">\n\t\t\t\t\t<div class=\"e-con-inner\">\n\t\t\t\t<div class=\"elementor-element elementor-element-ad26e27 elementor-widget elementor-widget-heading\" data-id=\"ad26e27\" data-element_type=\"widget\" data-widget_type=\"heading.default\">\n\t\t\t\t<div class=\"elementor-widget-container\">\n\t\t\t\t\t<h1 class=\"elementor-heading-title elementor-size-default\">Fa\u00e7ades<\/h1>\t\t\t\t<\/div>\n\t\t\t\t<\/div>\n\t\t\t\t\t<\/div>\n\t\t\t\t<\/div>\n\t\t<div class=\"elementor-element elementor-element-1b5779b e-flex e-con-boxed e-con e-parent\" data-id=\"1b5779b\" data-element_type=\"container\">\n\t\t\t\t\t<div class=\"e-con-inner\">\n\t\t\t\t<div class=\"elementor-element elementor-element-6ba18e3 elementor-widget elementor-widget-spacer\" data-id=\"6ba18e3\" data-element_type=\"widget\" data-widget_type=\"spacer.default\">\n\t\t\t\t<div class=\"elementor-widget-container\">\n\t\t\t\t\t\t\t<div class=\"elementor-spacer\">\n\t\t\t<div class=\"elementor-spacer-inner\"><\/div>\n\t\t<\/div>\n\t\t\t\t\t\t<\/div>\n\t\t\t\t<\/div>\n\t\t\t\t\t<\/div>\n\t\t\t\t<\/div>\n\t\t<div class=\"elementor-element elementor-element-70c726b e-grid e-con-boxed e-con e-parent\" data-id=\"70c726b\" data-element_type=\"container\">\n\t\t\t\t\t<div class=\"e-con-inner\">\n\t\t\t\t<div class=\"elementor-element elementor-element-005e766 elementor-widget elementor-widget-image\" data-id=\"005e766\" data-element_type=\"widget\" data-widget_type=\"image.default\">\n\t\t\t\t<div class=\"elementor-widget-container\">\n\t\t\t\t\t\t\t\t\t\t\t\t\t\t\t<img fetchpriority=\"high\" decoding=\"async\" width=\"683\" height=\"1024\" src=\"https:\/\/nataliaramirezrivera.com\/wp-content\/uploads\/2025\/09\/No-Good-Deed_Fachadas-683x1024.jpg\" class=\"attachment-large size-large wp-image-808\" alt=\"No Good Deed_Fachadas\" srcset=\"https:\/\/nataliaramirezrivera.com\/wp-content\/uploads\/2025\/09\/No-Good-Deed_Fachadas-683x1024.jpg 683w, https:\/\/nataliaramirezrivera.com\/wp-content\/uploads\/2025\/09\/No-Good-Deed_Fachadas-200x300.jpg 200w, https:\/\/nataliaramirezrivera.com\/wp-content\/uploads\/2025\/09\/No-Good-Deed_Fachadas-768x1152.jpg 768w, https:\/\/nataliaramirezrivera.com\/wp-content\/uploads\/2025\/09\/No-Good-Deed_Fachadas.jpg 1000w\" sizes=\"(max-width: 683px) 100vw, 683px\" \/>\t\t\t\t\t\t\t\t\t\t\t\t\t\t\t<\/div>\n\t\t\t\t<\/div>\n\t\t<div class=\"elementor-element elementor-element-c7a3f56 e-con-full e-flex e-con e-child\" data-id=\"c7a3f56\" data-element_type=\"container\">\n\t\t\t\t<div class=\"elementor-element elementor-element-6499094 elementor-widget elementor-widget-heading\" data-id=\"6499094\" data-element_type=\"widget\" data-widget_type=\"heading.default\">\n\t\t\t\t<div class=\"elementor-widget-container\">\n\t\t\t\t\t<h2 class=\"elementor-heading-title elementor-size-default\">FICHE TECHNIQUE DU PROJET<\/h2>\t\t\t\t<\/div>\n\t\t\t\t<\/div>\n\t\t\t\t<div class=\"elementor-element elementor-element-4154d3c elementor-widget elementor-widget-text-editor\" data-id=\"4154d3c\" data-element_type=\"widget\" data-widget_type=\"text-editor.default\">\n\t\t\t\t<div class=\"elementor-widget-container\">\n\t\t\t\t\t\t\t\t\t<p><strong>Travail <span style=\"text-transform: lowercase;\">effectu\u00e9 :<\/span><\/strong><\/p><ul><li><p>Description audio en espagnol<\/p><\/li><\/ul><p><strong>Dur\u00e9e :<\/strong><\/p><p>8 \u00e9pisodes<\/p><p><strong>Classification :<\/strong><\/p><p>16 ans<\/p><p><strong>Genre :<\/strong><\/p><p>S\u00e9ries t\u00e9l\u00e9vis\u00e9es, com\u00e9die, drame, com\u00e9die noire<\/p><p><strong>Synopsis :<\/strong><\/p><p>Lydia (Lisa Kudrow) et Paul (Ray Romano) d\u00e9cident de vendre leur maison de style espagnol des ann\u00e9es 1920 \u00e0 Los Feliz, Los Angeles, dans l&#039;espoir de passer \u00e0 autre chose. Cependant, la vente attire trois familles tr\u00e8s diff\u00e9rentes qui se disputent la propri\u00e9t\u00e9, chacune convaincue que la maison r\u00e9soudra ses probl\u00e8mes personnels. Tandis que les acheteurs potentiels explorent la maison, de sombres secrets et des tensions familiales sont r\u00e9v\u00e9l\u00e9s, donnant lieu \u00e0 des situations inattendues et cocasses.<\/p><p><strong><span style=\"color: #000000;\">Bande-annonce :<\/span><\/strong><\/p>\t\t\t\t\t\t\t\t<\/div>\n\t\t\t\t<\/div>\n\t\t\t\t<div class=\"elementor-element elementor-element-402198c elementor-widget elementor-widget-video\" data-id=\"402198c\" data-element_type=\"widget\" data-settings=\"{&quot;youtube_url&quot;:&quot;https:\\\/\\\/youtu.be\\\/JKufPJ-JHvA&quot;,&quot;cc_load_policy&quot;:&quot;yes&quot;,&quot;video_type&quot;:&quot;youtube&quot;,&quot;controls&quot;:&quot;yes&quot;}\" data-widget_type=\"video.default\">\n\t\t\t\t<div class=\"elementor-widget-container\">\n\t\t\t\t\t\t\t<div class=\"elementor-wrapper elementor-open-inline\">\n\t\t\t<div class=\"elementor-video\"><\/div>\t\t<\/div>\n\t\t\t\t\t\t<\/div>\n\t\t\t\t<\/div>\n\t\t\t\t<\/div>\n\t\t\t\t\t<\/div>\n\t\t\t\t<\/div>\n\t\t<div class=\"elementor-element elementor-element-87ec888 e-flex e-con-boxed e-con e-parent\" data-id=\"87ec888\" data-element_type=\"container\">\n\t\t\t\t\t<div class=\"e-con-inner\">\n\t\t\t\t<div class=\"elementor-element elementor-element-60da3ac elementor-widget elementor-widget-spacer\" data-id=\"60da3ac\" data-element_type=\"widget\" data-widget_type=\"spacer.default\">\n\t\t\t\t<div class=\"elementor-widget-container\">\n\t\t\t\t\t\t\t<div class=\"elementor-spacer\">\n\t\t\t<div class=\"elementor-spacer-inner\"><\/div>\n\t\t<\/div>\n\t\t\t\t\t\t<\/div>\n\t\t\t\t<\/div>\n\t\t\t\t\t<\/div>\n\t\t\t\t<\/div>\n\t\t\t\t<\/div>","protected":false},"excerpt":{"rendered":"<p>Fachadas FICHA T\u00c9CNICA DEL PROYECTO Trabajo realizado: Audiodescripci\u00f3n en espa\u00f1ol Duraci\u00f3n: 8 episodios Clasificaci\u00f3n: 16 a\u00f1os G\u00e9nero: Serie de TV, Comedia, Drama, Comedia negra Sinopsis: Lydia (Lisa Kudrow) y Paul (Ray Romano) deciden vender su casa de estilo espa\u00f1ol de los a\u00f1os 20 en Los Feliz, Los \u00c1ngeles, con la esperanza de comenzar una nueva [&hellip;]<\/p>","protected":false},"author":1,"featured_media":0,"parent":0,"menu_order":0,"comment_status":"closed","ping_status":"closed","template":"","meta":{"footnotes":""},"class_list":["post-1399","page","type-page","status-publish","hentry"],"yoast_head":"<!-- This site is optimized with the Yoast SEO plugin v26.5 - https:\/\/yoast.com\/wordpress\/plugins\/seo\/ -->\n<title>No good deed - Natalia Ram\u00edrez<\/title>\n<meta name=\"robots\" content=\"index, follow, max-snippet:-1, max-image-preview:large, max-video-preview:-1\" \/>\n<link rel=\"canonical\" href=\"https:\/\/nataliaramirezrivera.com\/fr\/no-good-deed\/\" \/>\n<meta property=\"og:locale\" content=\"fr_FR\" \/>\n<meta property=\"og:type\" content=\"article\" \/>\n<meta property=\"og:title\" content=\"No good deed - Natalia Ram\u00edrez\" \/>\n<meta property=\"og:description\" content=\"Fachadas FICHA T\u00c9CNICA DEL PROYECTO Trabajo realizado: Audiodescripci\u00f3n en espa\u00f1ol Duraci\u00f3n: 8 episodios Clasificaci\u00f3n: 16 a\u00f1os G\u00e9nero: Serie de TV, Comedia, Drama, Comedia negra Sinopsis: Lydia (Lisa Kudrow) y Paul (Ray Romano) deciden vender su casa de estilo espa\u00f1ol de los a\u00f1os 20 en Los Feliz, Los \u00c1ngeles, con la esperanza de comenzar una nueva [&hellip;]\" \/>\n<meta property=\"og:url\" content=\"https:\/\/nataliaramirezrivera.com\/fr\/no-good-deed\/\" \/>\n<meta property=\"og:site_name\" content=\"Natalia Ram\u00edrez\" \/>\n<meta property=\"article:modified_time\" content=\"2026-01-05T11:02:11+00:00\" \/>\n<meta property=\"og:image\" content=\"https:\/\/nataliaramirezrivera.com\/wp-content\/uploads\/2025\/09\/No-Good-Deed_Fachadas.jpg\" \/>\n\t<meta property=\"og:image:width\" content=\"1000\" \/>\n\t<meta property=\"og:image:height\" content=\"1500\" \/>\n\t<meta property=\"og:image:type\" content=\"image\/jpeg\" \/>\n<meta name=\"twitter:card\" content=\"summary_large_image\" \/>\n<meta name=\"twitter:label1\" content=\"Dur\u00e9e de lecture estim\u00e9e\" \/>\n\t<meta name=\"twitter:data1\" content=\"1 minute\" \/>\n<script type=\"application\/ld+json\" class=\"yoast-schema-graph\">{\"@context\":\"https:\/\/schema.org\",\"@graph\":[{\"@type\":\"WebPage\",\"@id\":\"https:\/\/nataliaramirezrivera.com\/no-good-deed\/\",\"url\":\"https:\/\/nataliaramirezrivera.com\/no-good-deed\/\",\"name\":\"No good deed - Natalia Ram\u00edrez\",\"isPartOf\":{\"@id\":\"https:\/\/nataliaramirezrivera.com\/#website\"},\"primaryImageOfPage\":{\"@id\":\"https:\/\/nataliaramirezrivera.com\/no-good-deed\/#primaryimage\"},\"image\":{\"@id\":\"https:\/\/nataliaramirezrivera.com\/no-good-deed\/#primaryimage\"},\"thumbnailUrl\":\"https:\/\/nataliaramirezrivera.com\/wp-content\/uploads\/2025\/09\/No-Good-Deed_Fachadas-683x1024.jpg\",\"datePublished\":\"2025-09-12T10:51:22+00:00\",\"dateModified\":\"2026-01-05T11:02:11+00:00\",\"breadcrumb\":{\"@id\":\"https:\/\/nataliaramirezrivera.com\/no-good-deed\/#breadcrumb\"},\"inLanguage\":\"fr-FR\",\"potentialAction\":[{\"@type\":\"ReadAction\",\"target\":[\"https:\/\/nataliaramirezrivera.com\/no-good-deed\/\"]}]},{\"@type\":\"ImageObject\",\"inLanguage\":\"fr-FR\",\"@id\":\"https:\/\/nataliaramirezrivera.com\/no-good-deed\/#primaryimage\",\"url\":\"https:\/\/nataliaramirezrivera.com\/wp-content\/uploads\/2025\/09\/No-Good-Deed_Fachadas-683x1024.jpg\",\"contentUrl\":\"https:\/\/nataliaramirezrivera.com\/wp-content\/uploads\/2025\/09\/No-Good-Deed_Fachadas-683x1024.jpg\"},{\"@type\":\"BreadcrumbList\",\"@id\":\"https:\/\/nataliaramirezrivera.com\/no-good-deed\/#breadcrumb\",\"itemListElement\":[{\"@type\":\"ListItem\",\"position\":1,\"name\":\"Portada\",\"item\":\"https:\/\/nataliaramirezrivera.com\/\"},{\"@type\":\"ListItem\",\"position\":2,\"name\":\"No good deed\"}]},{\"@type\":\"WebSite\",\"@id\":\"https:\/\/nataliaramirezrivera.com\/#website\",\"url\":\"https:\/\/nataliaramirezrivera.com\/\",\"name\":\"Natalia Ram\u00edrez\",\"description\":\"Traducci\u00f3n audiovisual especializada\",\"publisher\":{\"@id\":\"https:\/\/nataliaramirezrivera.com\/#organization\"},\"potentialAction\":[{\"@type\":\"SearchAction\",\"target\":{\"@type\":\"EntryPoint\",\"urlTemplate\":\"https:\/\/nataliaramirezrivera.com\/?s={search_term_string}\"},\"query-input\":{\"@type\":\"PropertyValueSpecification\",\"valueRequired\":true,\"valueName\":\"search_term_string\"}}],\"inLanguage\":\"fr-FR\"},{\"@type\":\"Organization\",\"@id\":\"https:\/\/nataliaramirezrivera.com\/#organization\",\"name\":\"Natalia Ram\u00edrez\",\"url\":\"https:\/\/nataliaramirezrivera.com\/\",\"logo\":{\"@type\":\"ImageObject\",\"inLanguage\":\"fr-FR\",\"@id\":\"https:\/\/nataliaramirezrivera.com\/#\/schema\/logo\/image\/\",\"url\":\"https:\/\/nataliaramirezrivera.com\/wp-content\/uploads\/2025\/10\/cropped-Natalia-Ramirez-logo-2.png\",\"contentUrl\":\"https:\/\/nataliaramirezrivera.com\/wp-content\/uploads\/2025\/10\/cropped-Natalia-Ramirez-logo-2.png\",\"width\":1087,\"height\":548,\"caption\":\"Natalia Ram\u00edrez\"},\"image\":{\"@id\":\"https:\/\/nataliaramirezrivera.com\/#\/schema\/logo\/image\/\"}}]}<\/script>\n<!-- \/ Yoast SEO plugin. -->","yoast_head_json":{"title":"No good deed - Natalia Ram\u00edrez","robots":{"index":"index","follow":"follow","max-snippet":"max-snippet:-1","max-image-preview":"max-image-preview:large","max-video-preview":"max-video-preview:-1"},"canonical":"https:\/\/nataliaramirezrivera.com\/fr\/no-good-deed\/","og_locale":"fr_FR","og_type":"article","og_title":"No good deed - Natalia Ram\u00edrez","og_description":"Fachadas FICHA T\u00c9CNICA DEL PROYECTO Trabajo realizado: Audiodescripci\u00f3n en espa\u00f1ol Duraci\u00f3n: 8 episodios Clasificaci\u00f3n: 16 a\u00f1os G\u00e9nero: Serie de TV, Comedia, Drama, Comedia negra Sinopsis: Lydia (Lisa Kudrow) y Paul (Ray Romano) deciden vender su casa de estilo espa\u00f1ol de los a\u00f1os 20 en Los Feliz, Los \u00c1ngeles, con la esperanza de comenzar una nueva [&hellip;]","og_url":"https:\/\/nataliaramirezrivera.com\/fr\/no-good-deed\/","og_site_name":"Natalia Ram\u00edrez","article_modified_time":"2026-01-05T11:02:11+00:00","og_image":[{"width":1000,"height":1500,"url":"https:\/\/nataliaramirezrivera.com\/wp-content\/uploads\/2025\/09\/No-Good-Deed_Fachadas.jpg","type":"image\/jpeg"}],"twitter_card":"summary_large_image","twitter_misc":{"Dur\u00e9e de lecture estim\u00e9e":"1 minute"},"schema":{"@context":"https:\/\/schema.org","@graph":[{"@type":"WebPage","@id":"https:\/\/nataliaramirezrivera.com\/no-good-deed\/","url":"https:\/\/nataliaramirezrivera.com\/no-good-deed\/","name":"No good deed - Natalia Ram\u00edrez","isPartOf":{"@id":"https:\/\/nataliaramirezrivera.com\/#website"},"primaryImageOfPage":{"@id":"https:\/\/nataliaramirezrivera.com\/no-good-deed\/#primaryimage"},"image":{"@id":"https:\/\/nataliaramirezrivera.com\/no-good-deed\/#primaryimage"},"thumbnailUrl":"https:\/\/nataliaramirezrivera.com\/wp-content\/uploads\/2025\/09\/No-Good-Deed_Fachadas-683x1024.jpg","datePublished":"2025-09-12T10:51:22+00:00","dateModified":"2026-01-05T11:02:11+00:00","breadcrumb":{"@id":"https:\/\/nataliaramirezrivera.com\/no-good-deed\/#breadcrumb"},"inLanguage":"fr-FR","potentialAction":[{"@type":"ReadAction","target":["https:\/\/nataliaramirezrivera.com\/no-good-deed\/"]}]},{"@type":"ImageObject","inLanguage":"fr-FR","@id":"https:\/\/nataliaramirezrivera.com\/no-good-deed\/#primaryimage","url":"https:\/\/nataliaramirezrivera.com\/wp-content\/uploads\/2025\/09\/No-Good-Deed_Fachadas-683x1024.jpg","contentUrl":"https:\/\/nataliaramirezrivera.com\/wp-content\/uploads\/2025\/09\/No-Good-Deed_Fachadas-683x1024.jpg"},{"@type":"BreadcrumbList","@id":"https:\/\/nataliaramirezrivera.com\/no-good-deed\/#breadcrumb","itemListElement":[{"@type":"ListItem","position":1,"name":"Portada","item":"https:\/\/nataliaramirezrivera.com\/"},{"@type":"ListItem","position":2,"name":"No good deed"}]},{"@type":"WebSite","@id":"https:\/\/nataliaramirezrivera.com\/#website","url":"https:\/\/nataliaramirezrivera.com\/","name":"Natalia Ram\u00edrez","description":"Traduction audiovisuelle sp\u00e9cialis\u00e9e","publisher":{"@id":"https:\/\/nataliaramirezrivera.com\/#organization"},"potentialAction":[{"@type":"SearchAction","target":{"@type":"EntryPoint","urlTemplate":"https:\/\/nataliaramirezrivera.com\/?s={search_term_string}"},"query-input":{"@type":"PropertyValueSpecification","valueRequired":true,"valueName":"search_term_string"}}],"inLanguage":"fr-FR"},{"@type":"Organization","@id":"https:\/\/nataliaramirezrivera.com\/#organization","name":"Natalia Ram\u00edrez","url":"https:\/\/nataliaramirezrivera.com\/","logo":{"@type":"ImageObject","inLanguage":"fr-FR","@id":"https:\/\/nataliaramirezrivera.com\/#\/schema\/logo\/image\/","url":"https:\/\/nataliaramirezrivera.com\/wp-content\/uploads\/2025\/10\/cropped-Natalia-Ramirez-logo-2.png","contentUrl":"https:\/\/nataliaramirezrivera.com\/wp-content\/uploads\/2025\/10\/cropped-Natalia-Ramirez-logo-2.png","width":1087,"height":548,"caption":"Natalia Ram\u00edrez"},"image":{"@id":"https:\/\/nataliaramirezrivera.com\/#\/schema\/logo\/image\/"}}]}},"_links":{"self":[{"href":"https:\/\/nataliaramirezrivera.com\/fr\/wp-json\/wp\/v2\/pages\/1399","targetHints":{"allow":["GET"]}}],"collection":[{"href":"https:\/\/nataliaramirezrivera.com\/fr\/wp-json\/wp\/v2\/pages"}],"about":[{"href":"https:\/\/nataliaramirezrivera.com\/fr\/wp-json\/wp\/v2\/types\/page"}],"author":[{"embeddable":true,"href":"https:\/\/nataliaramirezrivera.com\/fr\/wp-json\/wp\/v2\/users\/1"}],"replies":[{"embeddable":true,"href":"https:\/\/nataliaramirezrivera.com\/fr\/wp-json\/wp\/v2\/comments?post=1399"}],"version-history":[{"count":25,"href":"https:\/\/nataliaramirezrivera.com\/fr\/wp-json\/wp\/v2\/pages\/1399\/revisions"}],"predecessor-version":[{"id":2628,"href":"https:\/\/nataliaramirezrivera.com\/fr\/wp-json\/wp\/v2\/pages\/1399\/revisions\/2628"}],"wp:attachment":[{"href":"https:\/\/nataliaramirezrivera.com\/fr\/wp-json\/wp\/v2\/media?parent=1399"}],"curies":[{"name":"wp","href":"https:\/\/api.w.org\/{rel}","templated":true}]}}