{"id":1012,"date":"2025-09-12T10:25:21","date_gmt":"2025-09-12T08:25:21","guid":{"rendered":"https:\/\/nataliaramirezrivera.com\/?page_id=1012"},"modified":"2026-01-05T11:50:28","modified_gmt":"2026-01-05T10:50:28","slug":"bodies","status":"publish","type":"page","link":"https:\/\/nataliaramirezrivera.com\/fr\/bodies\/","title":{"rendered":"Corps"},"content":{"rendered":"<div data-elementor-type=\"wp-page\" data-elementor-id=\"1012\" class=\"elementor elementor-1012\" data-elementor-post-type=\"page\">\n\t\t\t\t<div class=\"elementor-element elementor-element-64cadaa e-flex e-con-boxed e-con e-parent\" data-id=\"64cadaa\" data-element_type=\"container\" data-settings=\"{&quot;background_background&quot;:&quot;gradient&quot;}\">\n\t\t\t\t\t<div class=\"e-con-inner\">\n\t\t\t\t<div class=\"elementor-element elementor-element-25224ad elementor-widget elementor-widget-heading\" data-id=\"25224ad\" data-element_type=\"widget\" data-widget_type=\"heading.default\">\n\t\t\t\t<div class=\"elementor-widget-container\">\n\t\t\t\t\t<h1 class=\"elementor-heading-title elementor-size-default\">Cadavres<\/h1>\t\t\t\t<\/div>\n\t\t\t\t<\/div>\n\t\t\t\t\t<\/div>\n\t\t\t\t<\/div>\n\t\t<div class=\"elementor-element elementor-element-2212d31 e-flex e-con-boxed e-con e-parent\" data-id=\"2212d31\" data-element_type=\"container\">\n\t\t\t\t\t<div class=\"e-con-inner\">\n\t\t\t\t<div class=\"elementor-element elementor-element-3344153 elementor-widget elementor-widget-spacer\" data-id=\"3344153\" data-element_type=\"widget\" data-widget_type=\"spacer.default\">\n\t\t\t\t<div class=\"elementor-widget-container\">\n\t\t\t\t\t\t\t<div class=\"elementor-spacer\">\n\t\t\t<div class=\"elementor-spacer-inner\"><\/div>\n\t\t<\/div>\n\t\t\t\t\t\t<\/div>\n\t\t\t\t<\/div>\n\t\t\t\t\t<\/div>\n\t\t\t\t<\/div>\n\t\t<div class=\"elementor-element elementor-element-6a17cc3 e-grid e-con-boxed e-con e-parent\" data-id=\"6a17cc3\" data-element_type=\"container\">\n\t\t\t\t\t<div class=\"e-con-inner\">\n\t\t\t\t<div class=\"elementor-element elementor-element-35178e3 elementor-widget elementor-widget-image\" data-id=\"35178e3\" data-element_type=\"widget\" data-widget_type=\"image.default\">\n\t\t\t\t<div class=\"elementor-widget-container\">\n\t\t\t\t\t\t\t\t\t\t\t\t\t\t\t<img fetchpriority=\"high\" decoding=\"async\" width=\"683\" height=\"1024\" src=\"https:\/\/nataliaramirezrivera.com\/wp-content\/uploads\/2025\/09\/Bodies_Cadaveres-683x1024.jpg\" class=\"attachment-large size-large wp-image-810\" alt=\"Bodies_Cada\u0301veres\" srcset=\"https:\/\/nataliaramirezrivera.com\/wp-content\/uploads\/2025\/09\/Bodies_Cadaveres-683x1024.jpg 683w, https:\/\/nataliaramirezrivera.com\/wp-content\/uploads\/2025\/09\/Bodies_Cadaveres-200x300.jpg 200w, https:\/\/nataliaramirezrivera.com\/wp-content\/uploads\/2025\/09\/Bodies_Cadaveres-768x1152.jpg 768w, https:\/\/nataliaramirezrivera.com\/wp-content\/uploads\/2025\/09\/Bodies_Cadaveres.jpg 1000w\" sizes=\"(max-width: 683px) 100vw, 683px\" \/>\t\t\t\t\t\t\t\t\t\t\t\t\t\t\t<\/div>\n\t\t\t\t<\/div>\n\t\t<div class=\"elementor-element elementor-element-92998b9 e-con-full e-flex e-con e-child\" data-id=\"92998b9\" data-element_type=\"container\">\n\t\t\t\t<div class=\"elementor-element elementor-element-3864353 elementor-widget elementor-widget-heading\" data-id=\"3864353\" data-element_type=\"widget\" data-widget_type=\"heading.default\">\n\t\t\t\t<div class=\"elementor-widget-container\">\n\t\t\t\t\t<h2 class=\"elementor-heading-title elementor-size-default\">FICHE TECHNIQUE DU PROJET<\/h2>\t\t\t\t<\/div>\n\t\t\t\t<\/div>\n\t\t\t\t<div class=\"elementor-element elementor-element-232c9d1 elementor-widget elementor-widget-text-editor\" data-id=\"232c9d1\" data-element_type=\"widget\" data-widget_type=\"text-editor.default\">\n\t\t\t\t<div class=\"elementor-widget-container\">\n\t\t\t\t\t\t\t\t\t<p><strong>Travail <span style=\"text-transform: lowercase;\">effectu\u00e9 :<\/span><\/strong><\/p><ul><li><p>Description audio en espagnol<\/p><\/li><\/ul><p><strong>Dur\u00e9e :<\/strong><\/p><p>8 \u00e9pisodes<\/p><p><strong>Classification :<\/strong><\/p><p>16 ans<\/p><p><strong>Genre :<\/strong><\/p><p>Mini-s\u00e9rie, Drame, Thriller, Science-fiction<\/p><p><strong>Synopsis :<\/strong><\/p><p>L&#039;intrigue s&#039;articule autour d&#039;un myst\u00e8re transcendant le temps\u00a0: quatre d\u00e9tectives d&#039;\u00e9poques diff\u00e9rentes (1890, 1941, 2023 et 2053) enqu\u00eatent sur le m\u00eame meurtre \u2013 la d\u00e9couverte d&#039;un corps dans l&#039;East End londonien \u2013 \u00e0 leurs \u00e9poques respectives. Au fil de l&#039;enqu\u00eate, les d\u00e9tectives d\u00e9couvrent des liens entre les \u00e9poques et une sinistre conspiration mena\u00e7ant l&#039;avenir de la Grande-Bretagne s&#039;infiltre, notamment par l&#039;interm\u00e9diaire de l&#039;\u00e9nigmatique leader politique Elias Mannix.<\/p><p><strong><span style=\"color: #000000;\">Bande-annonce :<\/span><\/strong><\/p>\t\t\t\t\t\t\t\t<\/div>\n\t\t\t\t<\/div>\n\t\t\t\t<div class=\"elementor-element elementor-element-c80fc3a elementor-widget elementor-widget-video\" data-id=\"c80fc3a\" data-element_type=\"widget\" data-settings=\"{&quot;youtube_url&quot;:&quot;https:\\\/\\\/youtu.be\\\/RyZjIPB8paw&quot;,&quot;cc_load_policy&quot;:&quot;yes&quot;,&quot;video_type&quot;:&quot;youtube&quot;,&quot;controls&quot;:&quot;yes&quot;}\" data-widget_type=\"video.default\">\n\t\t\t\t<div class=\"elementor-widget-container\">\n\t\t\t\t\t\t\t<div class=\"elementor-wrapper elementor-open-inline\">\n\t\t\t<div class=\"elementor-video\"><\/div>\t\t<\/div>\n\t\t\t\t\t\t<\/div>\n\t\t\t\t<\/div>\n\t\t\t\t<\/div>\n\t\t\t\t\t<\/div>\n\t\t\t\t<\/div>\n\t\t<div class=\"elementor-element elementor-element-91273f4 e-flex e-con-boxed e-con e-parent\" data-id=\"91273f4\" data-element_type=\"container\">\n\t\t\t\t\t<div class=\"e-con-inner\">\n\t\t\t\t<div class=\"elementor-element elementor-element-7211e63 elementor-widget elementor-widget-spacer\" data-id=\"7211e63\" data-element_type=\"widget\" data-widget_type=\"spacer.default\">\n\t\t\t\t<div class=\"elementor-widget-container\">\n\t\t\t\t\t\t\t<div class=\"elementor-spacer\">\n\t\t\t<div class=\"elementor-spacer-inner\"><\/div>\n\t\t<\/div>\n\t\t\t\t\t\t<\/div>\n\t\t\t\t<\/div>\n\t\t\t\t\t<\/div>\n\t\t\t\t<\/div>\n\t\t\t\t<\/div>","protected":false},"excerpt":{"rendered":"<p>Cad\u00e1veres FICHA T\u00c9CNICA DEL PROYECTO Trabajo realizado: Audiodescripci\u00f3n en espa\u00f1ol Duraci\u00f3n: 8 episodios Clasificaci\u00f3n: 16 a\u00f1os G\u00e9nero: Miniserie, Drama, Thriller, Ciencia ficci\u00f3n Sinopsis: La trama gira en torno a un misterio que trasciende el tiempo: cuatro detectives de distintas \u00e9pocas (1890, 1941, 2023 y 2053) investigan el mismo asesinato \u2014la aparici\u00f3n de un cuerpo en [&hellip;]<\/p>","protected":false},"author":1,"featured_media":0,"parent":0,"menu_order":0,"comment_status":"closed","ping_status":"closed","template":"","meta":{"footnotes":""},"class_list":["post-1012","page","type-page","status-publish","hentry"],"yoast_head":"<!-- This site is optimized with the Yoast SEO plugin v26.5 - https:\/\/yoast.com\/wordpress\/plugins\/seo\/ -->\n<title>Bodies - Natalia Ram\u00edrez<\/title>\n<meta name=\"robots\" content=\"index, follow, max-snippet:-1, max-image-preview:large, max-video-preview:-1\" \/>\n<link rel=\"canonical\" href=\"https:\/\/nataliaramirezrivera.com\/fr\/bodies\/\" \/>\n<meta property=\"og:locale\" content=\"fr_FR\" \/>\n<meta property=\"og:type\" content=\"article\" \/>\n<meta property=\"og:title\" content=\"Bodies - Natalia Ram\u00edrez\" \/>\n<meta property=\"og:description\" content=\"Cad\u00e1veres FICHA T\u00c9CNICA DEL PROYECTO Trabajo realizado: Audiodescripci\u00f3n en espa\u00f1ol Duraci\u00f3n: 8 episodios Clasificaci\u00f3n: 16 a\u00f1os G\u00e9nero: Miniserie, Drama, Thriller, Ciencia ficci\u00f3n Sinopsis: La trama gira en torno a un misterio que trasciende el tiempo: cuatro detectives de distintas \u00e9pocas (1890, 1941, 2023 y 2053) investigan el mismo asesinato \u2014la aparici\u00f3n de un cuerpo en [&hellip;]\" \/>\n<meta property=\"og:url\" content=\"https:\/\/nataliaramirezrivera.com\/fr\/bodies\/\" \/>\n<meta property=\"og:site_name\" content=\"Natalia Ram\u00edrez\" \/>\n<meta property=\"article:modified_time\" content=\"2026-01-05T10:50:28+00:00\" \/>\n<meta property=\"og:image\" content=\"https:\/\/nataliaramirezrivera.com\/wp-content\/uploads\/2025\/09\/Bodies_Cadaveres.jpg\" \/>\n\t<meta property=\"og:image:width\" content=\"1000\" \/>\n\t<meta property=\"og:image:height\" content=\"1500\" \/>\n\t<meta property=\"og:image:type\" content=\"image\/jpeg\" \/>\n<meta name=\"twitter:card\" content=\"summary_large_image\" \/>\n<meta name=\"twitter:label1\" content=\"Dur\u00e9e de lecture estim\u00e9e\" \/>\n\t<meta name=\"twitter:data1\" content=\"1 minute\" \/>\n<script type=\"application\/ld+json\" class=\"yoast-schema-graph\">{\"@context\":\"https:\/\/schema.org\",\"@graph\":[{\"@type\":\"WebPage\",\"@id\":\"https:\/\/nataliaramirezrivera.com\/bodies\/\",\"url\":\"https:\/\/nataliaramirezrivera.com\/bodies\/\",\"name\":\"Bodies - Natalia Ram\u00edrez\",\"isPartOf\":{\"@id\":\"https:\/\/nataliaramirezrivera.com\/#website\"},\"primaryImageOfPage\":{\"@id\":\"https:\/\/nataliaramirezrivera.com\/bodies\/#primaryimage\"},\"image\":{\"@id\":\"https:\/\/nataliaramirezrivera.com\/bodies\/#primaryimage\"},\"thumbnailUrl\":\"https:\/\/nataliaramirezrivera.com\/wp-content\/uploads\/2025\/09\/Bodies_Cadaveres-683x1024.jpg\",\"datePublished\":\"2025-09-12T08:25:21+00:00\",\"dateModified\":\"2026-01-05T10:50:28+00:00\",\"breadcrumb\":{\"@id\":\"https:\/\/nataliaramirezrivera.com\/bodies\/#breadcrumb\"},\"inLanguage\":\"fr-FR\",\"potentialAction\":[{\"@type\":\"ReadAction\",\"target\":[\"https:\/\/nataliaramirezrivera.com\/bodies\/\"]}]},{\"@type\":\"ImageObject\",\"inLanguage\":\"fr-FR\",\"@id\":\"https:\/\/nataliaramirezrivera.com\/bodies\/#primaryimage\",\"url\":\"https:\/\/nataliaramirezrivera.com\/wp-content\/uploads\/2025\/09\/Bodies_Cadaveres-683x1024.jpg\",\"contentUrl\":\"https:\/\/nataliaramirezrivera.com\/wp-content\/uploads\/2025\/09\/Bodies_Cadaveres-683x1024.jpg\"},{\"@type\":\"BreadcrumbList\",\"@id\":\"https:\/\/nataliaramirezrivera.com\/bodies\/#breadcrumb\",\"itemListElement\":[{\"@type\":\"ListItem\",\"position\":1,\"name\":\"Portada\",\"item\":\"https:\/\/nataliaramirezrivera.com\/\"},{\"@type\":\"ListItem\",\"position\":2,\"name\":\"Bodies\"}]},{\"@type\":\"WebSite\",\"@id\":\"https:\/\/nataliaramirezrivera.com\/#website\",\"url\":\"https:\/\/nataliaramirezrivera.com\/\",\"name\":\"Natalia Ram\u00edrez\",\"description\":\"Traducci\u00f3n audiovisual especializada\",\"publisher\":{\"@id\":\"https:\/\/nataliaramirezrivera.com\/#organization\"},\"potentialAction\":[{\"@type\":\"SearchAction\",\"target\":{\"@type\":\"EntryPoint\",\"urlTemplate\":\"https:\/\/nataliaramirezrivera.com\/?s={search_term_string}\"},\"query-input\":{\"@type\":\"PropertyValueSpecification\",\"valueRequired\":true,\"valueName\":\"search_term_string\"}}],\"inLanguage\":\"fr-FR\"},{\"@type\":\"Organization\",\"@id\":\"https:\/\/nataliaramirezrivera.com\/#organization\",\"name\":\"Natalia Ram\u00edrez\",\"url\":\"https:\/\/nataliaramirezrivera.com\/\",\"logo\":{\"@type\":\"ImageObject\",\"inLanguage\":\"fr-FR\",\"@id\":\"https:\/\/nataliaramirezrivera.com\/#\/schema\/logo\/image\/\",\"url\":\"https:\/\/nataliaramirezrivera.com\/wp-content\/uploads\/2025\/10\/cropped-Natalia-Ramirez-logo-2.png\",\"contentUrl\":\"https:\/\/nataliaramirezrivera.com\/wp-content\/uploads\/2025\/10\/cropped-Natalia-Ramirez-logo-2.png\",\"width\":1087,\"height\":548,\"caption\":\"Natalia Ram\u00edrez\"},\"image\":{\"@id\":\"https:\/\/nataliaramirezrivera.com\/#\/schema\/logo\/image\/\"}}]}<\/script>\n<!-- \/ Yoast SEO plugin. -->","yoast_head_json":{"title":"Bodies - Natalia Ram\u00edrez","robots":{"index":"index","follow":"follow","max-snippet":"max-snippet:-1","max-image-preview":"max-image-preview:large","max-video-preview":"max-video-preview:-1"},"canonical":"https:\/\/nataliaramirezrivera.com\/fr\/bodies\/","og_locale":"fr_FR","og_type":"article","og_title":"Bodies - Natalia Ram\u00edrez","og_description":"Cad\u00e1veres FICHA T\u00c9CNICA DEL PROYECTO Trabajo realizado: Audiodescripci\u00f3n en espa\u00f1ol Duraci\u00f3n: 8 episodios Clasificaci\u00f3n: 16 a\u00f1os G\u00e9nero: Miniserie, Drama, Thriller, Ciencia ficci\u00f3n Sinopsis: La trama gira en torno a un misterio que trasciende el tiempo: cuatro detectives de distintas \u00e9pocas (1890, 1941, 2023 y 2053) investigan el mismo asesinato \u2014la aparici\u00f3n de un cuerpo en [&hellip;]","og_url":"https:\/\/nataliaramirezrivera.com\/fr\/bodies\/","og_site_name":"Natalia Ram\u00edrez","article_modified_time":"2026-01-05T10:50:28+00:00","og_image":[{"width":1000,"height":1500,"url":"https:\/\/nataliaramirezrivera.com\/wp-content\/uploads\/2025\/09\/Bodies_Cadaveres.jpg","type":"image\/jpeg"}],"twitter_card":"summary_large_image","twitter_misc":{"Dur\u00e9e de lecture estim\u00e9e":"1 minute"},"schema":{"@context":"https:\/\/schema.org","@graph":[{"@type":"WebPage","@id":"https:\/\/nataliaramirezrivera.com\/bodies\/","url":"https:\/\/nataliaramirezrivera.com\/bodies\/","name":"Bodies - Natalia Ram\u00edrez","isPartOf":{"@id":"https:\/\/nataliaramirezrivera.com\/#website"},"primaryImageOfPage":{"@id":"https:\/\/nataliaramirezrivera.com\/bodies\/#primaryimage"},"image":{"@id":"https:\/\/nataliaramirezrivera.com\/bodies\/#primaryimage"},"thumbnailUrl":"https:\/\/nataliaramirezrivera.com\/wp-content\/uploads\/2025\/09\/Bodies_Cadaveres-683x1024.jpg","datePublished":"2025-09-12T08:25:21+00:00","dateModified":"2026-01-05T10:50:28+00:00","breadcrumb":{"@id":"https:\/\/nataliaramirezrivera.com\/bodies\/#breadcrumb"},"inLanguage":"fr-FR","potentialAction":[{"@type":"ReadAction","target":["https:\/\/nataliaramirezrivera.com\/bodies\/"]}]},{"@type":"ImageObject","inLanguage":"fr-FR","@id":"https:\/\/nataliaramirezrivera.com\/bodies\/#primaryimage","url":"https:\/\/nataliaramirezrivera.com\/wp-content\/uploads\/2025\/09\/Bodies_Cadaveres-683x1024.jpg","contentUrl":"https:\/\/nataliaramirezrivera.com\/wp-content\/uploads\/2025\/09\/Bodies_Cadaveres-683x1024.jpg"},{"@type":"BreadcrumbList","@id":"https:\/\/nataliaramirezrivera.com\/bodies\/#breadcrumb","itemListElement":[{"@type":"ListItem","position":1,"name":"Portada","item":"https:\/\/nataliaramirezrivera.com\/"},{"@type":"ListItem","position":2,"name":"Bodies"}]},{"@type":"WebSite","@id":"https:\/\/nataliaramirezrivera.com\/#website","url":"https:\/\/nataliaramirezrivera.com\/","name":"Natalia Ram\u00edrez","description":"Traduction audiovisuelle sp\u00e9cialis\u00e9e","publisher":{"@id":"https:\/\/nataliaramirezrivera.com\/#organization"},"potentialAction":[{"@type":"SearchAction","target":{"@type":"EntryPoint","urlTemplate":"https:\/\/nataliaramirezrivera.com\/?s={search_term_string}"},"query-input":{"@type":"PropertyValueSpecification","valueRequired":true,"valueName":"search_term_string"}}],"inLanguage":"fr-FR"},{"@type":"Organization","@id":"https:\/\/nataliaramirezrivera.com\/#organization","name":"Natalia Ram\u00edrez","url":"https:\/\/nataliaramirezrivera.com\/","logo":{"@type":"ImageObject","inLanguage":"fr-FR","@id":"https:\/\/nataliaramirezrivera.com\/#\/schema\/logo\/image\/","url":"https:\/\/nataliaramirezrivera.com\/wp-content\/uploads\/2025\/10\/cropped-Natalia-Ramirez-logo-2.png","contentUrl":"https:\/\/nataliaramirezrivera.com\/wp-content\/uploads\/2025\/10\/cropped-Natalia-Ramirez-logo-2.png","width":1087,"height":548,"caption":"Natalia Ram\u00edrez"},"image":{"@id":"https:\/\/nataliaramirezrivera.com\/#\/schema\/logo\/image\/"}}]}},"_links":{"self":[{"href":"https:\/\/nataliaramirezrivera.com\/fr\/wp-json\/wp\/v2\/pages\/1012","targetHints":{"allow":["GET"]}}],"collection":[{"href":"https:\/\/nataliaramirezrivera.com\/fr\/wp-json\/wp\/v2\/pages"}],"about":[{"href":"https:\/\/nataliaramirezrivera.com\/fr\/wp-json\/wp\/v2\/types\/page"}],"author":[{"embeddable":true,"href":"https:\/\/nataliaramirezrivera.com\/fr\/wp-json\/wp\/v2\/users\/1"}],"replies":[{"embeddable":true,"href":"https:\/\/nataliaramirezrivera.com\/fr\/wp-json\/wp\/v2\/comments?post=1012"}],"version-history":[{"count":19,"href":"https:\/\/nataliaramirezrivera.com\/fr\/wp-json\/wp\/v2\/pages\/1012\/revisions"}],"predecessor-version":[{"id":2574,"href":"https:\/\/nataliaramirezrivera.com\/fr\/wp-json\/wp\/v2\/pages\/1012\/revisions\/2574"}],"wp:attachment":[{"href":"https:\/\/nataliaramirezrivera.com\/fr\/wp-json\/wp\/v2\/media?parent=1012"}],"curies":[{"name":"wp","href":"https:\/\/api.w.org\/{rel}","templated":true}]}}