{"id":992,"date":"2025-09-12T10:14:41","date_gmt":"2025-09-12T08:14:41","guid":{"rendered":"https:\/\/nataliaramirezrivera.com\/?page_id=992"},"modified":"2026-01-05T11:49:36","modified_gmt":"2026-01-05T10:49:36","slug":"jeffrey-dahmer","status":"publish","type":"page","link":"https:\/\/nataliaramirezrivera.com\/en\/jeffrey-dahmer\/","title":{"rendered":"Jeffrey Dahmer"},"content":{"rendered":"<div data-elementor-type=\"wp-page\" data-elementor-id=\"992\" class=\"elementor elementor-992\" data-elementor-post-type=\"page\">\n\t\t\t\t<div class=\"elementor-element elementor-element-2b3a67f e-flex e-con-boxed e-con e-parent\" data-id=\"2b3a67f\" data-element_type=\"container\" data-settings=\"{&quot;background_background&quot;:&quot;gradient&quot;}\">\n\t\t\t\t\t<div class=\"e-con-inner\">\n\t\t\t\t<div class=\"elementor-element elementor-element-654d5ff elementor-widget elementor-widget-heading\" data-id=\"654d5ff\" data-element_type=\"widget\" data-widget_type=\"heading.default\">\n\t\t\t\t<div class=\"elementor-widget-container\">\n\t\t\t\t\t<h1 class=\"elementor-heading-title elementor-size-default\">Dahmer: Monster - The Jeffrey Dahmer Story<\/h1>\t\t\t\t<\/div>\n\t\t\t\t<\/div>\n\t\t\t\t\t<\/div>\n\t\t\t\t<\/div>\n\t\t<div class=\"elementor-element elementor-element-bd0a65b e-flex e-con-boxed e-con e-parent\" data-id=\"bd0a65b\" data-element_type=\"container\">\n\t\t\t\t\t<div class=\"e-con-inner\">\n\t\t\t\t<div class=\"elementor-element elementor-element-65aa65b elementor-widget elementor-widget-spacer\" data-id=\"65aa65b\" data-element_type=\"widget\" data-widget_type=\"spacer.default\">\n\t\t\t\t<div class=\"elementor-widget-container\">\n\t\t\t\t\t\t\t<div class=\"elementor-spacer\">\n\t\t\t<div class=\"elementor-spacer-inner\"><\/div>\n\t\t<\/div>\n\t\t\t\t\t\t<\/div>\n\t\t\t\t<\/div>\n\t\t\t\t\t<\/div>\n\t\t\t\t<\/div>\n\t\t<div class=\"elementor-element elementor-element-f122080 e-grid e-con-boxed e-con e-parent\" data-id=\"f122080\" data-element_type=\"container\">\n\t\t\t\t\t<div class=\"e-con-inner\">\n\t\t\t\t<div class=\"elementor-element elementor-element-26d01a8 elementor-widget elementor-widget-image\" data-id=\"26d01a8\" data-element_type=\"widget\" data-widget_type=\"image.default\">\n\t\t\t\t<div class=\"elementor-widget-container\">\n\t\t\t\t\t\t\t\t\t\t\t\t\t\t\t<img fetchpriority=\"high\" decoding=\"async\" width=\"691\" height=\"1024\" src=\"https:\/\/nataliaramirezrivera.com\/wp-content\/uploads\/2025\/09\/DAHMER-Monster-The-Jeffrey-Dahmer-Story_Dahmer-monstruo-La-historia-de-Jeffrey-Dahmer-691x1024.jpg\" class=\"attachment-large size-large wp-image-812\" alt=\"DAHMER- Monster- The Jeffrey Dahmer Story_Dahmer - monstruo - La historia de Jeffrey Dahmer\" srcset=\"https:\/\/nataliaramirezrivera.com\/wp-content\/uploads\/2025\/09\/DAHMER-Monster-The-Jeffrey-Dahmer-Story_Dahmer-monstruo-La-historia-de-Jeffrey-Dahmer-691x1024.jpg 691w, https:\/\/nataliaramirezrivera.com\/wp-content\/uploads\/2025\/09\/DAHMER-Monster-The-Jeffrey-Dahmer-Story_Dahmer-monstruo-La-historia-de-Jeffrey-Dahmer-203x300.jpg 203w, https:\/\/nataliaramirezrivera.com\/wp-content\/uploads\/2025\/09\/DAHMER-Monster-The-Jeffrey-Dahmer-Story_Dahmer-monstruo-La-historia-de-Jeffrey-Dahmer.jpg 729w\" sizes=\"(max-width: 691px) 100vw, 691px\" \/>\t\t\t\t\t\t\t\t\t\t\t\t\t\t\t<\/div>\n\t\t\t\t<\/div>\n\t\t<div class=\"elementor-element elementor-element-b89e92d e-con-full e-flex e-con e-child\" data-id=\"b89e92d\" data-element_type=\"container\">\n\t\t\t\t<div class=\"elementor-element elementor-element-998e6e0 elementor-widget elementor-widget-heading\" data-id=\"998e6e0\" data-element_type=\"widget\" data-widget_type=\"heading.default\">\n\t\t\t\t<div class=\"elementor-widget-container\">\n\t\t\t\t\t<h2 class=\"elementor-heading-title elementor-size-default\">PROJECT TECHNICAL SHEET<\/h2>\t\t\t\t<\/div>\n\t\t\t\t<\/div>\n\t\t\t\t<div class=\"elementor-element elementor-element-69cb7c9 elementor-widget elementor-widget-text-editor\" data-id=\"69cb7c9\" data-element_type=\"widget\" data-widget_type=\"text-editor.default\">\n\t\t\t\t<div class=\"elementor-widget-container\">\n\t\t\t\t\t\t\t\t\t<p><strong>Work <span style=\"text-transform: lowercase;\">performed:<\/span><\/strong><\/p><ul><li><p>Audio description in Spanish<\/p><\/li><\/ul><p><strong>Duration:<\/strong><\/p><p>10 episodes<\/p><p><strong>Classification:<\/strong><\/p><p>18 years old<\/p><p><strong>Gender:<\/strong><\/p><p>Biographical, Series, Drama, Thriller, Based on true events<\/p><p><strong>Synopsis:<\/strong><\/p><p>Between 1978 and 1991, Jeffrey Dahmer brutally murdered seventeen innocent victims. DAHMER \u2013 Monster: The Jeffrey Dahmer Story is a series that reveals these heinous crimes, focusing on the victims and marginalized communities affected, and exposing the institutional failures and systemic racism that allowed one of America\u2019s most notorious serial killers to operate in plain sight for over a decade.<\/p><p><strong><span style=\"color: #000000;\">Trailer:<\/span><\/strong><\/p>\t\t\t\t\t\t\t\t<\/div>\n\t\t\t\t<\/div>\n\t\t\t\t<div class=\"elementor-element elementor-element-6917953 elementor-widget elementor-widget-video\" data-id=\"6917953\" data-element_type=\"widget\" data-settings=\"{&quot;youtube_url&quot;:&quot;https:\\\/\\\/youtu.be\\\/GnujgrCPT7A&quot;,&quot;cc_load_policy&quot;:&quot;yes&quot;,&quot;video_type&quot;:&quot;youtube&quot;,&quot;controls&quot;:&quot;yes&quot;}\" data-widget_type=\"video.default\">\n\t\t\t\t<div class=\"elementor-widget-container\">\n\t\t\t\t\t\t\t<div class=\"elementor-wrapper elementor-open-inline\">\n\t\t\t<div class=\"elementor-video\"><\/div>\t\t<\/div>\n\t\t\t\t\t\t<\/div>\n\t\t\t\t<\/div>\n\t\t\t\t<\/div>\n\t\t\t\t\t<\/div>\n\t\t\t\t<\/div>\n\t\t<div class=\"elementor-element elementor-element-c582b69 e-flex e-con-boxed e-con e-parent\" data-id=\"c582b69\" data-element_type=\"container\">\n\t\t\t\t\t<div class=\"e-con-inner\">\n\t\t\t\t<div class=\"elementor-element elementor-element-4fc43ed elementor-widget elementor-widget-spacer\" data-id=\"4fc43ed\" data-element_type=\"widget\" data-widget_type=\"spacer.default\">\n\t\t\t\t<div class=\"elementor-widget-container\">\n\t\t\t\t\t\t\t<div class=\"elementor-spacer\">\n\t\t\t<div class=\"elementor-spacer-inner\"><\/div>\n\t\t<\/div>\n\t\t\t\t\t\t<\/div>\n\t\t\t\t<\/div>\n\t\t\t\t\t<\/div>\n\t\t\t\t<\/div>\n\t\t\t\t<\/div>","protected":false},"excerpt":{"rendered":"<p>Dahmer: Monstruo &#8211; La historia de Jeffrey Dahmer FICHA T\u00c9CNICA DEL PROYECTO Trabajo realizado: Audiodescripci\u00f3n en espa\u00f1ol Duraci\u00f3n: 10 episodios Clasificaci\u00f3n: 18 a\u00f1os G\u00e9nero: Biogr\u00e1fico, S\u00e9rie, Drama, Thriller, Basado en hechos reales Sinopsis: Entre 1978 y 1991, Jeffrey Dahmer asesin\u00f3 brutalmente a diecisiete v\u00edctimas inocentes. DAHMER \u2013 Monster: The Jeffrey Dahmer Story es una serie [&hellip;]<\/p>","protected":false},"author":1,"featured_media":0,"parent":0,"menu_order":0,"comment_status":"closed","ping_status":"closed","template":"","meta":{"footnotes":""},"class_list":["post-992","page","type-page","status-publish","hentry"],"yoast_head":"<!-- This site is optimized with the Yoast SEO plugin v26.5 - https:\/\/yoast.com\/wordpress\/plugins\/seo\/ -->\n<title>Jeffrey Dahmer - Natalia Ram\u00edrez<\/title>\n<meta name=\"robots\" content=\"index, follow, max-snippet:-1, max-image-preview:large, max-video-preview:-1\" \/>\n<link rel=\"canonical\" href=\"https:\/\/nataliaramirezrivera.com\/en\/jeffrey-dahmer\/\" \/>\n<meta property=\"og:locale\" content=\"en_GB\" \/>\n<meta property=\"og:type\" content=\"article\" \/>\n<meta property=\"og:title\" content=\"Jeffrey Dahmer - Natalia Ram\u00edrez\" \/>\n<meta property=\"og:description\" content=\"Dahmer: Monstruo &#8211; La historia de Jeffrey Dahmer FICHA T\u00c9CNICA DEL PROYECTO Trabajo realizado: Audiodescripci\u00f3n en espa\u00f1ol Duraci\u00f3n: 10 episodios Clasificaci\u00f3n: 18 a\u00f1os G\u00e9nero: Biogr\u00e1fico, S\u00e9rie, Drama, Thriller, Basado en hechos reales Sinopsis: Entre 1978 y 1991, Jeffrey Dahmer asesin\u00f3 brutalmente a diecisiete v\u00edctimas inocentes. DAHMER \u2013 Monster: The Jeffrey Dahmer Story es una serie [&hellip;]\" \/>\n<meta property=\"og:url\" content=\"https:\/\/nataliaramirezrivera.com\/en\/jeffrey-dahmer\/\" \/>\n<meta property=\"og:site_name\" content=\"Natalia Ram\u00edrez\" \/>\n<meta property=\"article:modified_time\" content=\"2026-01-05T10:49:36+00:00\" \/>\n<meta property=\"og:image\" content=\"https:\/\/nataliaramirezrivera.com\/wp-content\/uploads\/2025\/09\/DAHMER-Monster-The-Jeffrey-Dahmer-Story_Dahmer-monstruo-La-historia-de-Jeffrey-Dahmer.jpg\" \/>\n\t<meta property=\"og:image:width\" content=\"729\" \/>\n\t<meta property=\"og:image:height\" content=\"1080\" \/>\n\t<meta property=\"og:image:type\" content=\"image\/jpeg\" \/>\n<meta name=\"twitter:card\" content=\"summary_large_image\" \/>\n<meta name=\"twitter:label1\" content=\"Estimated reading time\" \/>\n\t<meta name=\"twitter:data1\" content=\"1 minute\" \/>\n<script type=\"application\/ld+json\" class=\"yoast-schema-graph\">{\"@context\":\"https:\/\/schema.org\",\"@graph\":[{\"@type\":\"WebPage\",\"@id\":\"https:\/\/nataliaramirezrivera.com\/jeffrey-dahmer\/\",\"url\":\"https:\/\/nataliaramirezrivera.com\/jeffrey-dahmer\/\",\"name\":\"Jeffrey Dahmer - Natalia Ram\u00edrez\",\"isPartOf\":{\"@id\":\"https:\/\/nataliaramirezrivera.com\/#website\"},\"primaryImageOfPage\":{\"@id\":\"https:\/\/nataliaramirezrivera.com\/jeffrey-dahmer\/#primaryimage\"},\"image\":{\"@id\":\"https:\/\/nataliaramirezrivera.com\/jeffrey-dahmer\/#primaryimage\"},\"thumbnailUrl\":\"https:\/\/nataliaramirezrivera.com\/wp-content\/uploads\/2025\/09\/DAHMER-Monster-The-Jeffrey-Dahmer-Story_Dahmer-monstruo-La-historia-de-Jeffrey-Dahmer-691x1024.jpg\",\"datePublished\":\"2025-09-12T08:14:41+00:00\",\"dateModified\":\"2026-01-05T10:49:36+00:00\",\"breadcrumb\":{\"@id\":\"https:\/\/nataliaramirezrivera.com\/jeffrey-dahmer\/#breadcrumb\"},\"inLanguage\":\"en-GB\",\"potentialAction\":[{\"@type\":\"ReadAction\",\"target\":[\"https:\/\/nataliaramirezrivera.com\/jeffrey-dahmer\/\"]}]},{\"@type\":\"ImageObject\",\"inLanguage\":\"en-GB\",\"@id\":\"https:\/\/nataliaramirezrivera.com\/jeffrey-dahmer\/#primaryimage\",\"url\":\"https:\/\/nataliaramirezrivera.com\/wp-content\/uploads\/2025\/09\/DAHMER-Monster-The-Jeffrey-Dahmer-Story_Dahmer-monstruo-La-historia-de-Jeffrey-Dahmer-691x1024.jpg\",\"contentUrl\":\"https:\/\/nataliaramirezrivera.com\/wp-content\/uploads\/2025\/09\/DAHMER-Monster-The-Jeffrey-Dahmer-Story_Dahmer-monstruo-La-historia-de-Jeffrey-Dahmer-691x1024.jpg\"},{\"@type\":\"BreadcrumbList\",\"@id\":\"https:\/\/nataliaramirezrivera.com\/jeffrey-dahmer\/#breadcrumb\",\"itemListElement\":[{\"@type\":\"ListItem\",\"position\":1,\"name\":\"Portada\",\"item\":\"https:\/\/nataliaramirezrivera.com\/\"},{\"@type\":\"ListItem\",\"position\":2,\"name\":\"Jeffrey Dahmer\"}]},{\"@type\":\"WebSite\",\"@id\":\"https:\/\/nataliaramirezrivera.com\/#website\",\"url\":\"https:\/\/nataliaramirezrivera.com\/\",\"name\":\"Natalia Ram\u00edrez\",\"description\":\"Traducci\u00f3n audiovisual especializada\",\"publisher\":{\"@id\":\"https:\/\/nataliaramirezrivera.com\/#organization\"},\"potentialAction\":[{\"@type\":\"SearchAction\",\"target\":{\"@type\":\"EntryPoint\",\"urlTemplate\":\"https:\/\/nataliaramirezrivera.com\/?s={search_term_string}\"},\"query-input\":{\"@type\":\"PropertyValueSpecification\",\"valueRequired\":true,\"valueName\":\"search_term_string\"}}],\"inLanguage\":\"en-GB\"},{\"@type\":\"Organization\",\"@id\":\"https:\/\/nataliaramirezrivera.com\/#organization\",\"name\":\"Natalia Ram\u00edrez\",\"url\":\"https:\/\/nataliaramirezrivera.com\/\",\"logo\":{\"@type\":\"ImageObject\",\"inLanguage\":\"en-GB\",\"@id\":\"https:\/\/nataliaramirezrivera.com\/#\/schema\/logo\/image\/\",\"url\":\"https:\/\/nataliaramirezrivera.com\/wp-content\/uploads\/2025\/10\/cropped-Natalia-Ramirez-logo-2.png\",\"contentUrl\":\"https:\/\/nataliaramirezrivera.com\/wp-content\/uploads\/2025\/10\/cropped-Natalia-Ramirez-logo-2.png\",\"width\":1087,\"height\":548,\"caption\":\"Natalia Ram\u00edrez\"},\"image\":{\"@id\":\"https:\/\/nataliaramirezrivera.com\/#\/schema\/logo\/image\/\"}}]}<\/script>\n<!-- \/ Yoast SEO plugin. -->","yoast_head_json":{"title":"Jeffrey Dahmer - Natalia Ram\u00edrez","robots":{"index":"index","follow":"follow","max-snippet":"max-snippet:-1","max-image-preview":"max-image-preview:large","max-video-preview":"max-video-preview:-1"},"canonical":"https:\/\/nataliaramirezrivera.com\/en\/jeffrey-dahmer\/","og_locale":"en_GB","og_type":"article","og_title":"Jeffrey Dahmer - Natalia Ram\u00edrez","og_description":"Dahmer: Monstruo &#8211; La historia de Jeffrey Dahmer FICHA T\u00c9CNICA DEL PROYECTO Trabajo realizado: Audiodescripci\u00f3n en espa\u00f1ol Duraci\u00f3n: 10 episodios Clasificaci\u00f3n: 18 a\u00f1os G\u00e9nero: Biogr\u00e1fico, S\u00e9rie, Drama, Thriller, Basado en hechos reales Sinopsis: Entre 1978 y 1991, Jeffrey Dahmer asesin\u00f3 brutalmente a diecisiete v\u00edctimas inocentes. DAHMER \u2013 Monster: The Jeffrey Dahmer Story es una serie [&hellip;]","og_url":"https:\/\/nataliaramirezrivera.com\/en\/jeffrey-dahmer\/","og_site_name":"Natalia Ram\u00edrez","article_modified_time":"2026-01-05T10:49:36+00:00","og_image":[{"width":729,"height":1080,"url":"https:\/\/nataliaramirezrivera.com\/wp-content\/uploads\/2025\/09\/DAHMER-Monster-The-Jeffrey-Dahmer-Story_Dahmer-monstruo-La-historia-de-Jeffrey-Dahmer.jpg","type":"image\/jpeg"}],"twitter_card":"summary_large_image","twitter_misc":{"Estimated reading time":"1 minute"},"schema":{"@context":"https:\/\/schema.org","@graph":[{"@type":"WebPage","@id":"https:\/\/nataliaramirezrivera.com\/jeffrey-dahmer\/","url":"https:\/\/nataliaramirezrivera.com\/jeffrey-dahmer\/","name":"Jeffrey Dahmer - Natalia Ram\u00edrez","isPartOf":{"@id":"https:\/\/nataliaramirezrivera.com\/#website"},"primaryImageOfPage":{"@id":"https:\/\/nataliaramirezrivera.com\/jeffrey-dahmer\/#primaryimage"},"image":{"@id":"https:\/\/nataliaramirezrivera.com\/jeffrey-dahmer\/#primaryimage"},"thumbnailUrl":"https:\/\/nataliaramirezrivera.com\/wp-content\/uploads\/2025\/09\/DAHMER-Monster-The-Jeffrey-Dahmer-Story_Dahmer-monstruo-La-historia-de-Jeffrey-Dahmer-691x1024.jpg","datePublished":"2025-09-12T08:14:41+00:00","dateModified":"2026-01-05T10:49:36+00:00","breadcrumb":{"@id":"https:\/\/nataliaramirezrivera.com\/jeffrey-dahmer\/#breadcrumb"},"inLanguage":"en-GB","potentialAction":[{"@type":"ReadAction","target":["https:\/\/nataliaramirezrivera.com\/jeffrey-dahmer\/"]}]},{"@type":"ImageObject","inLanguage":"en-GB","@id":"https:\/\/nataliaramirezrivera.com\/jeffrey-dahmer\/#primaryimage","url":"https:\/\/nataliaramirezrivera.com\/wp-content\/uploads\/2025\/09\/DAHMER-Monster-The-Jeffrey-Dahmer-Story_Dahmer-monstruo-La-historia-de-Jeffrey-Dahmer-691x1024.jpg","contentUrl":"https:\/\/nataliaramirezrivera.com\/wp-content\/uploads\/2025\/09\/DAHMER-Monster-The-Jeffrey-Dahmer-Story_Dahmer-monstruo-La-historia-de-Jeffrey-Dahmer-691x1024.jpg"},{"@type":"BreadcrumbList","@id":"https:\/\/nataliaramirezrivera.com\/jeffrey-dahmer\/#breadcrumb","itemListElement":[{"@type":"ListItem","position":1,"name":"Portada","item":"https:\/\/nataliaramirezrivera.com\/"},{"@type":"ListItem","position":2,"name":"Jeffrey Dahmer"}]},{"@type":"WebSite","@id":"https:\/\/nataliaramirezrivera.com\/#website","url":"https:\/\/nataliaramirezrivera.com\/","name":"Natalia Ram\u00edrez","description":"Specialized Audiovisual Translation","publisher":{"@id":"https:\/\/nataliaramirezrivera.com\/#organization"},"potentialAction":[{"@type":"SearchAction","target":{"@type":"EntryPoint","urlTemplate":"https:\/\/nataliaramirezrivera.com\/?s={search_term_string}"},"query-input":{"@type":"PropertyValueSpecification","valueRequired":true,"valueName":"search_term_string"}}],"inLanguage":"en-GB"},{"@type":"Organization","@id":"https:\/\/nataliaramirezrivera.com\/#organization","name":"Natalia Ram\u00edrez","url":"https:\/\/nataliaramirezrivera.com\/","logo":{"@type":"ImageObject","inLanguage":"en-GB","@id":"https:\/\/nataliaramirezrivera.com\/#\/schema\/logo\/image\/","url":"https:\/\/nataliaramirezrivera.com\/wp-content\/uploads\/2025\/10\/cropped-Natalia-Ramirez-logo-2.png","contentUrl":"https:\/\/nataliaramirezrivera.com\/wp-content\/uploads\/2025\/10\/cropped-Natalia-Ramirez-logo-2.png","width":1087,"height":548,"caption":"Natalia Ram\u00edrez"},"image":{"@id":"https:\/\/nataliaramirezrivera.com\/#\/schema\/logo\/image\/"}}]}},"_links":{"self":[{"href":"https:\/\/nataliaramirezrivera.com\/en\/wp-json\/wp\/v2\/pages\/992","targetHints":{"allow":["GET"]}}],"collection":[{"href":"https:\/\/nataliaramirezrivera.com\/en\/wp-json\/wp\/v2\/pages"}],"about":[{"href":"https:\/\/nataliaramirezrivera.com\/en\/wp-json\/wp\/v2\/types\/page"}],"author":[{"embeddable":true,"href":"https:\/\/nataliaramirezrivera.com\/en\/wp-json\/wp\/v2\/users\/1"}],"replies":[{"embeddable":true,"href":"https:\/\/nataliaramirezrivera.com\/en\/wp-json\/wp\/v2\/comments?post=992"}],"version-history":[{"count":22,"href":"https:\/\/nataliaramirezrivera.com\/en\/wp-json\/wp\/v2\/pages\/992\/revisions"}],"predecessor-version":[{"id":2571,"href":"https:\/\/nataliaramirezrivera.com\/en\/wp-json\/wp\/v2\/pages\/992\/revisions\/2571"}],"wp:attachment":[{"href":"https:\/\/nataliaramirezrivera.com\/en\/wp-json\/wp\/v2\/media?parent=992"}],"curies":[{"name":"wp","href":"https:\/\/api.w.org\/{rel}","templated":true}]}}