{"id":1385,"date":"2025-09-12T12:43:47","date_gmt":"2025-09-12T10:43:47","guid":{"rendered":"https:\/\/nataliaramirezrivera.com\/?page_id=1385"},"modified":"2026-01-05T12:01:29","modified_gmt":"2026-01-05T11:01:29","slug":"how-to-rob-a-bank","status":"publish","type":"page","link":"https:\/\/nataliaramirezrivera.com\/en\/how-to-rob-a-bank\/","title":{"rendered":"How to rob a bank"},"content":{"rendered":"<div data-elementor-type=\"wp-page\" data-elementor-id=\"1385\" class=\"elementor elementor-1385\" data-elementor-post-type=\"page\">\n\t\t\t\t<div class=\"elementor-element elementor-element-60029f6 e-flex e-con-boxed e-con e-parent\" data-id=\"60029f6\" data-element_type=\"container\" data-settings=\"{&quot;background_background&quot;:&quot;gradient&quot;}\">\n\t\t\t\t\t<div class=\"e-con-inner\">\n\t\t\t\t<div class=\"elementor-element elementor-element-252718e elementor-widget elementor-widget-heading\" data-id=\"252718e\" data-element_type=\"widget\" data-widget_type=\"heading.default\">\n\t\t\t\t<div class=\"elementor-widget-container\">\n\t\t\t\t\t<h1 class=\"elementor-heading-title elementor-size-default\">How to rob a bank<\/h1>\t\t\t\t<\/div>\n\t\t\t\t<\/div>\n\t\t\t\t\t<\/div>\n\t\t\t\t<\/div>\n\t\t<div class=\"elementor-element elementor-element-cf3a678 e-flex e-con-boxed e-con e-parent\" data-id=\"cf3a678\" data-element_type=\"container\">\n\t\t\t\t\t<div class=\"e-con-inner\">\n\t\t\t\t<div class=\"elementor-element elementor-element-af32829 elementor-widget elementor-widget-spacer\" data-id=\"af32829\" data-element_type=\"widget\" data-widget_type=\"spacer.default\">\n\t\t\t\t<div class=\"elementor-widget-container\">\n\t\t\t\t\t\t\t<div class=\"elementor-spacer\">\n\t\t\t<div class=\"elementor-spacer-inner\"><\/div>\n\t\t<\/div>\n\t\t\t\t\t\t<\/div>\n\t\t\t\t<\/div>\n\t\t\t\t\t<\/div>\n\t\t\t\t<\/div>\n\t\t<div class=\"elementor-element elementor-element-e6e4069 e-grid e-con-boxed e-con e-parent\" data-id=\"e6e4069\" data-element_type=\"container\">\n\t\t\t\t\t<div class=\"e-con-inner\">\n\t\t\t\t<div class=\"elementor-element elementor-element-564ddf6 elementor-widget elementor-widget-image\" data-id=\"564ddf6\" data-element_type=\"widget\" data-widget_type=\"image.default\">\n\t\t\t\t<div class=\"elementor-widget-container\">\n\t\t\t\t\t\t\t\t\t\t\t\t\t\t\t<img fetchpriority=\"high\" decoding=\"async\" width=\"683\" height=\"1024\" src=\"https:\/\/nataliaramirezrivera.com\/wp-content\/uploads\/2025\/09\/How-to-Rob-a-Bank_Como-robar-un-banco-683x1024.jpg\" class=\"attachment-large size-large wp-image-815\" alt=\"How to Rob a Bank_Co\u0301mo robar un banco\" srcset=\"https:\/\/nataliaramirezrivera.com\/wp-content\/uploads\/2025\/09\/How-to-Rob-a-Bank_Como-robar-un-banco-683x1024.jpg 683w, https:\/\/nataliaramirezrivera.com\/wp-content\/uploads\/2025\/09\/How-to-Rob-a-Bank_Como-robar-un-banco-200x300.jpg 200w, https:\/\/nataliaramirezrivera.com\/wp-content\/uploads\/2025\/09\/How-to-Rob-a-Bank_Como-robar-un-banco-768x1152.jpg 768w, https:\/\/nataliaramirezrivera.com\/wp-content\/uploads\/2025\/09\/How-to-Rob-a-Bank_Como-robar-un-banco.jpg 1000w\" sizes=\"(max-width: 683px) 100vw, 683px\" \/>\t\t\t\t\t\t\t\t\t\t\t\t\t\t\t<\/div>\n\t\t\t\t<\/div>\n\t\t<div class=\"elementor-element elementor-element-7bf6ef9 e-con-full e-flex e-con e-child\" data-id=\"7bf6ef9\" data-element_type=\"container\">\n\t\t\t\t<div class=\"elementor-element elementor-element-70cbd6b elementor-widget elementor-widget-heading\" data-id=\"70cbd6b\" data-element_type=\"widget\" data-widget_type=\"heading.default\">\n\t\t\t\t<div class=\"elementor-widget-container\">\n\t\t\t\t\t<h2 class=\"elementor-heading-title elementor-size-default\">PROJECT TECHNICAL SHEET<\/h2>\t\t\t\t<\/div>\n\t\t\t\t<\/div>\n\t\t\t\t<div class=\"elementor-element elementor-element-bc51b36 elementor-widget elementor-widget-text-editor\" data-id=\"bc51b36\" data-element_type=\"widget\" data-widget_type=\"text-editor.default\">\n\t\t\t\t<div class=\"elementor-widget-container\">\n\t\t\t\t\t\t\t\t\t<p><strong>Work <span style=\"text-transform: lowercase;\">performed:<\/span><\/strong><\/p><ul><li><p>Audio description in Spanish<\/p><\/li><\/ul><p><strong>Duration:<\/strong><\/p><p>86 min.<\/p><p><strong>Classification:<\/strong><\/p><p>16 years old<\/p><p><strong>Gender:<\/strong><\/p><p>Documentary, Robberies and Heists<\/p><p><strong>Synopsis:<\/strong><\/p><p><em data-start=\"42\" data-end=\"56\">The Diplomat<\/em> is a political thriller created by Debora Cahn. The plot follows Kate Wyler (Keri Russell), a veteran diplomat who, in the midst of an international crisis, is appointed U.S. ambassador to the United Kingdom. This appointment tests her professional abilities and unsettles her marriage to Hal Wyler (Rufus Sewell), also a career diplomat.<\/p><p><strong><span style=\"color: #000000;\">Trailer:<\/span><\/strong><\/p>\t\t\t\t\t\t\t\t<\/div>\n\t\t\t\t<\/div>\n\t\t\t\t<div class=\"elementor-element elementor-element-439c271 elementor-widget elementor-widget-video\" data-id=\"439c271\" data-element_type=\"widget\" data-settings=\"{&quot;youtube_url&quot;:&quot;https:\\\/\\\/youtu.be\\\/w20aHhlRjDc&quot;,&quot;cc_load_policy&quot;:&quot;yes&quot;,&quot;video_type&quot;:&quot;youtube&quot;,&quot;controls&quot;:&quot;yes&quot;}\" data-widget_type=\"video.default\">\n\t\t\t\t<div class=\"elementor-widget-container\">\n\t\t\t\t\t\t\t<div class=\"elementor-wrapper elementor-open-inline\">\n\t\t\t<div class=\"elementor-video\"><\/div>\t\t<\/div>\n\t\t\t\t\t\t<\/div>\n\t\t\t\t<\/div>\n\t\t\t\t<\/div>\n\t\t\t\t\t<\/div>\n\t\t\t\t<\/div>\n\t\t<div class=\"elementor-element elementor-element-b6a0a3a e-flex e-con-boxed e-con e-parent\" data-id=\"b6a0a3a\" data-element_type=\"container\">\n\t\t\t\t\t<div class=\"e-con-inner\">\n\t\t\t\t<div class=\"elementor-element elementor-element-efcd2af elementor-widget elementor-widget-spacer\" data-id=\"efcd2af\" data-element_type=\"widget\" data-widget_type=\"spacer.default\">\n\t\t\t\t<div class=\"elementor-widget-container\">\n\t\t\t\t\t\t\t<div class=\"elementor-spacer\">\n\t\t\t<div class=\"elementor-spacer-inner\"><\/div>\n\t\t<\/div>\n\t\t\t\t\t\t<\/div>\n\t\t\t\t<\/div>\n\t\t\t\t\t<\/div>\n\t\t\t\t<\/div>\n\t\t\t\t<\/div>","protected":false},"excerpt":{"rendered":"<p>C\u00f3mo robar un banco FICHA T\u00c9CNICA DEL PROYECTO Trabajo realizado: Audiodescripci\u00f3n en espa\u00f1ol Duraci\u00f3n: 86 min. Clasificaci\u00f3n: 16 a\u00f1os G\u00e9nero: Documental, Robos y Atracos Sinopsis: The Diplomat es un thriller pol\u00edtico creado por Debora Cahn. La trama sigue a Kate Wyler (Keri Russell), una diplom\u00e1tica veterana que, en medio de una crisis internacional, es nombrada [&hellip;]<\/p>","protected":false},"author":1,"featured_media":0,"parent":0,"menu_order":0,"comment_status":"closed","ping_status":"closed","template":"","meta":{"footnotes":""},"class_list":["post-1385","page","type-page","status-publish","hentry"],"yoast_head":"<!-- This site is optimized with the Yoast SEO plugin v26.5 - https:\/\/yoast.com\/wordpress\/plugins\/seo\/ -->\n<title>How to rob a bank - Natalia Ram\u00edrez<\/title>\n<meta name=\"robots\" content=\"index, follow, max-snippet:-1, max-image-preview:large, max-video-preview:-1\" \/>\n<link rel=\"canonical\" href=\"https:\/\/nataliaramirezrivera.com\/en\/how-to-rob-a-bank\/\" \/>\n<meta property=\"og:locale\" content=\"en_GB\" \/>\n<meta property=\"og:type\" content=\"article\" \/>\n<meta property=\"og:title\" content=\"How to rob a bank - Natalia Ram\u00edrez\" \/>\n<meta property=\"og:description\" content=\"C\u00f3mo robar un banco FICHA T\u00c9CNICA DEL PROYECTO Trabajo realizado: Audiodescripci\u00f3n en espa\u00f1ol Duraci\u00f3n: 86 min. Clasificaci\u00f3n: 16 a\u00f1os G\u00e9nero: Documental, Robos y Atracos Sinopsis: The Diplomat es un thriller pol\u00edtico creado por Debora Cahn. La trama sigue a Kate Wyler (Keri Russell), una diplom\u00e1tica veterana que, en medio de una crisis internacional, es nombrada [&hellip;]\" \/>\n<meta property=\"og:url\" content=\"https:\/\/nataliaramirezrivera.com\/en\/how-to-rob-a-bank\/\" \/>\n<meta property=\"og:site_name\" content=\"Natalia Ram\u00edrez\" \/>\n<meta property=\"article:modified_time\" content=\"2026-01-05T11:01:29+00:00\" \/>\n<meta property=\"og:image\" content=\"https:\/\/nataliaramirezrivera.com\/wp-content\/uploads\/2025\/09\/How-to-Rob-a-Bank_Como-robar-un-banco.jpg\" \/>\n\t<meta property=\"og:image:width\" content=\"1000\" \/>\n\t<meta property=\"og:image:height\" content=\"1500\" \/>\n\t<meta property=\"og:image:type\" content=\"image\/jpeg\" \/>\n<meta name=\"twitter:card\" content=\"summary_large_image\" \/>\n<meta name=\"twitter:label1\" content=\"Estimated reading time\" \/>\n\t<meta name=\"twitter:data1\" content=\"1 minute\" \/>\n<script type=\"application\/ld+json\" class=\"yoast-schema-graph\">{\"@context\":\"https:\/\/schema.org\",\"@graph\":[{\"@type\":\"WebPage\",\"@id\":\"https:\/\/nataliaramirezrivera.com\/how-to-rob-a-bank\/\",\"url\":\"https:\/\/nataliaramirezrivera.com\/how-to-rob-a-bank\/\",\"name\":\"How to rob a bank - Natalia Ram\u00edrez\",\"isPartOf\":{\"@id\":\"https:\/\/nataliaramirezrivera.com\/#website\"},\"primaryImageOfPage\":{\"@id\":\"https:\/\/nataliaramirezrivera.com\/how-to-rob-a-bank\/#primaryimage\"},\"image\":{\"@id\":\"https:\/\/nataliaramirezrivera.com\/how-to-rob-a-bank\/#primaryimage\"},\"thumbnailUrl\":\"https:\/\/nataliaramirezrivera.com\/wp-content\/uploads\/2025\/09\/How-to-Rob-a-Bank_Como-robar-un-banco-683x1024.jpg\",\"datePublished\":\"2025-09-12T10:43:47+00:00\",\"dateModified\":\"2026-01-05T11:01:29+00:00\",\"breadcrumb\":{\"@id\":\"https:\/\/nataliaramirezrivera.com\/how-to-rob-a-bank\/#breadcrumb\"},\"inLanguage\":\"en-GB\",\"potentialAction\":[{\"@type\":\"ReadAction\",\"target\":[\"https:\/\/nataliaramirezrivera.com\/how-to-rob-a-bank\/\"]}]},{\"@type\":\"ImageObject\",\"inLanguage\":\"en-GB\",\"@id\":\"https:\/\/nataliaramirezrivera.com\/how-to-rob-a-bank\/#primaryimage\",\"url\":\"https:\/\/nataliaramirezrivera.com\/wp-content\/uploads\/2025\/09\/How-to-Rob-a-Bank_Como-robar-un-banco-683x1024.jpg\",\"contentUrl\":\"https:\/\/nataliaramirezrivera.com\/wp-content\/uploads\/2025\/09\/How-to-Rob-a-Bank_Como-robar-un-banco-683x1024.jpg\"},{\"@type\":\"BreadcrumbList\",\"@id\":\"https:\/\/nataliaramirezrivera.com\/how-to-rob-a-bank\/#breadcrumb\",\"itemListElement\":[{\"@type\":\"ListItem\",\"position\":1,\"name\":\"Portada\",\"item\":\"https:\/\/nataliaramirezrivera.com\/\"},{\"@type\":\"ListItem\",\"position\":2,\"name\":\"How to rob a bank\"}]},{\"@type\":\"WebSite\",\"@id\":\"https:\/\/nataliaramirezrivera.com\/#website\",\"url\":\"https:\/\/nataliaramirezrivera.com\/\",\"name\":\"Natalia Ram\u00edrez\",\"description\":\"Traducci\u00f3n audiovisual especializada\",\"publisher\":{\"@id\":\"https:\/\/nataliaramirezrivera.com\/#organization\"},\"potentialAction\":[{\"@type\":\"SearchAction\",\"target\":{\"@type\":\"EntryPoint\",\"urlTemplate\":\"https:\/\/nataliaramirezrivera.com\/?s={search_term_string}\"},\"query-input\":{\"@type\":\"PropertyValueSpecification\",\"valueRequired\":true,\"valueName\":\"search_term_string\"}}],\"inLanguage\":\"en-GB\"},{\"@type\":\"Organization\",\"@id\":\"https:\/\/nataliaramirezrivera.com\/#organization\",\"name\":\"Natalia Ram\u00edrez\",\"url\":\"https:\/\/nataliaramirezrivera.com\/\",\"logo\":{\"@type\":\"ImageObject\",\"inLanguage\":\"en-GB\",\"@id\":\"https:\/\/nataliaramirezrivera.com\/#\/schema\/logo\/image\/\",\"url\":\"https:\/\/nataliaramirezrivera.com\/wp-content\/uploads\/2025\/10\/cropped-Natalia-Ramirez-logo-2.png\",\"contentUrl\":\"https:\/\/nataliaramirezrivera.com\/wp-content\/uploads\/2025\/10\/cropped-Natalia-Ramirez-logo-2.png\",\"width\":1087,\"height\":548,\"caption\":\"Natalia Ram\u00edrez\"},\"image\":{\"@id\":\"https:\/\/nataliaramirezrivera.com\/#\/schema\/logo\/image\/\"}}]}<\/script>\n<!-- \/ Yoast SEO plugin. -->","yoast_head_json":{"title":"How to rob a bank - Natalia Ram\u00edrez","robots":{"index":"index","follow":"follow","max-snippet":"max-snippet:-1","max-image-preview":"max-image-preview:large","max-video-preview":"max-video-preview:-1"},"canonical":"https:\/\/nataliaramirezrivera.com\/en\/how-to-rob-a-bank\/","og_locale":"en_GB","og_type":"article","og_title":"How to rob a bank - Natalia Ram\u00edrez","og_description":"C\u00f3mo robar un banco FICHA T\u00c9CNICA DEL PROYECTO Trabajo realizado: Audiodescripci\u00f3n en espa\u00f1ol Duraci\u00f3n: 86 min. Clasificaci\u00f3n: 16 a\u00f1os G\u00e9nero: Documental, Robos y Atracos Sinopsis: The Diplomat es un thriller pol\u00edtico creado por Debora Cahn. La trama sigue a Kate Wyler (Keri Russell), una diplom\u00e1tica veterana que, en medio de una crisis internacional, es nombrada [&hellip;]","og_url":"https:\/\/nataliaramirezrivera.com\/en\/how-to-rob-a-bank\/","og_site_name":"Natalia Ram\u00edrez","article_modified_time":"2026-01-05T11:01:29+00:00","og_image":[{"width":1000,"height":1500,"url":"https:\/\/nataliaramirezrivera.com\/wp-content\/uploads\/2025\/09\/How-to-Rob-a-Bank_Como-robar-un-banco.jpg","type":"image\/jpeg"}],"twitter_card":"summary_large_image","twitter_misc":{"Estimated reading time":"1 minute"},"schema":{"@context":"https:\/\/schema.org","@graph":[{"@type":"WebPage","@id":"https:\/\/nataliaramirezrivera.com\/how-to-rob-a-bank\/","url":"https:\/\/nataliaramirezrivera.com\/how-to-rob-a-bank\/","name":"How to rob a bank - Natalia Ram\u00edrez","isPartOf":{"@id":"https:\/\/nataliaramirezrivera.com\/#website"},"primaryImageOfPage":{"@id":"https:\/\/nataliaramirezrivera.com\/how-to-rob-a-bank\/#primaryimage"},"image":{"@id":"https:\/\/nataliaramirezrivera.com\/how-to-rob-a-bank\/#primaryimage"},"thumbnailUrl":"https:\/\/nataliaramirezrivera.com\/wp-content\/uploads\/2025\/09\/How-to-Rob-a-Bank_Como-robar-un-banco-683x1024.jpg","datePublished":"2025-09-12T10:43:47+00:00","dateModified":"2026-01-05T11:01:29+00:00","breadcrumb":{"@id":"https:\/\/nataliaramirezrivera.com\/how-to-rob-a-bank\/#breadcrumb"},"inLanguage":"en-GB","potentialAction":[{"@type":"ReadAction","target":["https:\/\/nataliaramirezrivera.com\/how-to-rob-a-bank\/"]}]},{"@type":"ImageObject","inLanguage":"en-GB","@id":"https:\/\/nataliaramirezrivera.com\/how-to-rob-a-bank\/#primaryimage","url":"https:\/\/nataliaramirezrivera.com\/wp-content\/uploads\/2025\/09\/How-to-Rob-a-Bank_Como-robar-un-banco-683x1024.jpg","contentUrl":"https:\/\/nataliaramirezrivera.com\/wp-content\/uploads\/2025\/09\/How-to-Rob-a-Bank_Como-robar-un-banco-683x1024.jpg"},{"@type":"BreadcrumbList","@id":"https:\/\/nataliaramirezrivera.com\/how-to-rob-a-bank\/#breadcrumb","itemListElement":[{"@type":"ListItem","position":1,"name":"Portada","item":"https:\/\/nataliaramirezrivera.com\/"},{"@type":"ListItem","position":2,"name":"How to rob a bank"}]},{"@type":"WebSite","@id":"https:\/\/nataliaramirezrivera.com\/#website","url":"https:\/\/nataliaramirezrivera.com\/","name":"Natalia Ram\u00edrez","description":"Specialized Audiovisual Translation","publisher":{"@id":"https:\/\/nataliaramirezrivera.com\/#organization"},"potentialAction":[{"@type":"SearchAction","target":{"@type":"EntryPoint","urlTemplate":"https:\/\/nataliaramirezrivera.com\/?s={search_term_string}"},"query-input":{"@type":"PropertyValueSpecification","valueRequired":true,"valueName":"search_term_string"}}],"inLanguage":"en-GB"},{"@type":"Organization","@id":"https:\/\/nataliaramirezrivera.com\/#organization","name":"Natalia Ram\u00edrez","url":"https:\/\/nataliaramirezrivera.com\/","logo":{"@type":"ImageObject","inLanguage":"en-GB","@id":"https:\/\/nataliaramirezrivera.com\/#\/schema\/logo\/image\/","url":"https:\/\/nataliaramirezrivera.com\/wp-content\/uploads\/2025\/10\/cropped-Natalia-Ramirez-logo-2.png","contentUrl":"https:\/\/nataliaramirezrivera.com\/wp-content\/uploads\/2025\/10\/cropped-Natalia-Ramirez-logo-2.png","width":1087,"height":548,"caption":"Natalia Ram\u00edrez"},"image":{"@id":"https:\/\/nataliaramirezrivera.com\/#\/schema\/logo\/image\/"}}]}},"_links":{"self":[{"href":"https:\/\/nataliaramirezrivera.com\/en\/wp-json\/wp\/v2\/pages\/1385","targetHints":{"allow":["GET"]}}],"collection":[{"href":"https:\/\/nataliaramirezrivera.com\/en\/wp-json\/wp\/v2\/pages"}],"about":[{"href":"https:\/\/nataliaramirezrivera.com\/en\/wp-json\/wp\/v2\/types\/page"}],"author":[{"embeddable":true,"href":"https:\/\/nataliaramirezrivera.com\/en\/wp-json\/wp\/v2\/users\/1"}],"replies":[{"embeddable":true,"href":"https:\/\/nataliaramirezrivera.com\/en\/wp-json\/wp\/v2\/comments?post=1385"}],"version-history":[{"count":16,"href":"https:\/\/nataliaramirezrivera.com\/en\/wp-json\/wp\/v2\/pages\/1385\/revisions"}],"predecessor-version":[{"id":2625,"href":"https:\/\/nataliaramirezrivera.com\/en\/wp-json\/wp\/v2\/pages\/1385\/revisions\/2625"}],"wp:attachment":[{"href":"https:\/\/nataliaramirezrivera.com\/en\/wp-json\/wp\/v2\/media?parent=1385"}],"curies":[{"name":"wp","href":"https:\/\/api.w.org\/{rel}","templated":true}]}}