{"id":1295,"date":"2025-09-12T12:16:28","date_gmt":"2025-09-12T10:16:28","guid":{"rendered":"https:\/\/nataliaramirezrivera.com\/?page_id=1295"},"modified":"2026-01-05T11:59:06","modified_gmt":"2026-01-05T10:59:06","slug":"testamento-la-historia-de-moises","status":"publish","type":"page","link":"https:\/\/nataliaramirezrivera.com\/en\/testamento-la-historia-de-moises\/","title":{"rendered":"Testament: The Story of Moses"},"content":{"rendered":"<div data-elementor-type=\"wp-page\" data-elementor-id=\"1295\" class=\"elementor elementor-1295\" data-elementor-post-type=\"page\">\n\t\t\t\t<div class=\"elementor-element elementor-element-c7cfc69 e-flex e-con-boxed e-con e-parent\" data-id=\"c7cfc69\" data-element_type=\"container\" data-settings=\"{&quot;background_background&quot;:&quot;gradient&quot;}\">\n\t\t\t\t\t<div class=\"e-con-inner\">\n\t\t\t\t<div class=\"elementor-element elementor-element-f98875d elementor-widget elementor-widget-heading\" data-id=\"f98875d\" data-element_type=\"widget\" data-widget_type=\"heading.default\">\n\t\t\t\t<div class=\"elementor-widget-container\">\n\t\t\t\t\t<h1 class=\"elementor-heading-title elementor-size-default\">Testament: The Story of Moses<\/h1>\t\t\t\t<\/div>\n\t\t\t\t<\/div>\n\t\t\t\t\t<\/div>\n\t\t\t\t<\/div>\n\t\t<div class=\"elementor-element elementor-element-18cfda4 e-flex e-con-boxed e-con e-parent\" data-id=\"18cfda4\" data-element_type=\"container\">\n\t\t\t\t\t<div class=\"e-con-inner\">\n\t\t\t\t<div class=\"elementor-element elementor-element-b3ae5ad elementor-widget elementor-widget-spacer\" data-id=\"b3ae5ad\" data-element_type=\"widget\" data-widget_type=\"spacer.default\">\n\t\t\t\t<div class=\"elementor-widget-container\">\n\t\t\t\t\t\t\t<div class=\"elementor-spacer\">\n\t\t\t<div class=\"elementor-spacer-inner\"><\/div>\n\t\t<\/div>\n\t\t\t\t\t\t<\/div>\n\t\t\t\t<\/div>\n\t\t\t\t\t<\/div>\n\t\t\t\t<\/div>\n\t\t<div class=\"elementor-element elementor-element-d5a2e24 e-grid e-con-boxed e-con e-parent\" data-id=\"d5a2e24\" data-element_type=\"container\">\n\t\t\t\t\t<div class=\"e-con-inner\">\n\t\t\t\t<div class=\"elementor-element elementor-element-a817aa7 elementor-widget elementor-widget-image\" data-id=\"a817aa7\" data-element_type=\"widget\" data-widget_type=\"image.default\">\n\t\t\t\t<div class=\"elementor-widget-container\">\n\t\t\t\t\t\t\t\t\t\t\t\t\t\t\t<img fetchpriority=\"high\" decoding=\"async\" width=\"500\" height=\"750\" src=\"https:\/\/nataliaramirezrivera.com\/wp-content\/uploads\/2025\/09\/Testament-The-Story-of-Moses_Testamento-la-historia-de-Moises.jpg\" class=\"attachment-large size-large wp-image-821\" alt=\"Testament- The Story of Moses_Testamento la historia de Moise\u0301s\" srcset=\"https:\/\/nataliaramirezrivera.com\/wp-content\/uploads\/2025\/09\/Testament-The-Story-of-Moses_Testamento-la-historia-de-Moises.jpg 500w, https:\/\/nataliaramirezrivera.com\/wp-content\/uploads\/2025\/09\/Testament-The-Story-of-Moses_Testamento-la-historia-de-Moises-200x300.jpg 200w\" sizes=\"(max-width: 500px) 100vw, 500px\" \/>\t\t\t\t\t\t\t\t\t\t\t\t\t\t\t<\/div>\n\t\t\t\t<\/div>\n\t\t<div class=\"elementor-element elementor-element-83b7f1f e-con-full e-flex e-con e-child\" data-id=\"83b7f1f\" data-element_type=\"container\">\n\t\t\t\t<div class=\"elementor-element elementor-element-e429ab9 elementor-widget elementor-widget-heading\" data-id=\"e429ab9\" data-element_type=\"widget\" data-widget_type=\"heading.default\">\n\t\t\t\t<div class=\"elementor-widget-container\">\n\t\t\t\t\t<h2 class=\"elementor-heading-title elementor-size-default\">PROJECT TECHNICAL SHEET<\/h2>\t\t\t\t<\/div>\n\t\t\t\t<\/div>\n\t\t\t\t<div class=\"elementor-element elementor-element-dcfddb7 elementor-widget elementor-widget-text-editor\" data-id=\"dcfddb7\" data-element_type=\"widget\" data-widget_type=\"text-editor.default\">\n\t\t\t\t<div class=\"elementor-widget-container\">\n\t\t\t\t\t\t\t\t\t<p><strong>Work <span style=\"text-transform: lowercase;\">performed:<\/span><\/strong><\/p><ul><li><p>Audio description in Spanish<\/p><\/li><\/ul><p><strong>Duration:<\/strong><\/p><p>3 episodes<\/p><p><strong>Classification:<\/strong><\/p><p>12 years<\/p><p><strong>Gender:<\/strong><\/p><p>TV Series, Documentary, Drama, Biography<\/p><p><strong>Synopsis:<\/strong><\/p><p>This Turkish docudrama chronicles the life of Moses from his birth in Egypt to his role as leader of the Hebrew people. The story centers on his struggle for freedom, his relationship with God, and his confrontation with Pharaoh Ramses II. Through a visually stunning narrative, the film explores themes of faith, sacrifice, and redemption.<\/p><p><strong><span style=\"color: #000000;\">Trailer:<\/span><\/strong><\/p>\t\t\t\t\t\t\t\t<\/div>\n\t\t\t\t<\/div>\n\t\t\t\t<div class=\"elementor-element elementor-element-cf7f2de elementor-widget elementor-widget-video\" data-id=\"cf7f2de\" data-element_type=\"widget\" data-settings=\"{&quot;youtube_url&quot;:&quot;https:\\\/\\\/youtu.be\\\/BRa0EK-K8OE&quot;,&quot;cc_load_policy&quot;:&quot;yes&quot;,&quot;video_type&quot;:&quot;youtube&quot;,&quot;controls&quot;:&quot;yes&quot;}\" data-widget_type=\"video.default\">\n\t\t\t\t<div class=\"elementor-widget-container\">\n\t\t\t\t\t\t\t<div class=\"elementor-wrapper elementor-open-inline\">\n\t\t\t<div class=\"elementor-video\"><\/div>\t\t<\/div>\n\t\t\t\t\t\t<\/div>\n\t\t\t\t<\/div>\n\t\t\t\t<\/div>\n\t\t\t\t\t<\/div>\n\t\t\t\t<\/div>\n\t\t<div class=\"elementor-element elementor-element-174ab63 e-flex e-con-boxed e-con e-parent\" data-id=\"174ab63\" data-element_type=\"container\">\n\t\t\t\t\t<div class=\"e-con-inner\">\n\t\t\t\t<div class=\"elementor-element elementor-element-2f108bf elementor-widget elementor-widget-spacer\" data-id=\"2f108bf\" data-element_type=\"widget\" data-widget_type=\"spacer.default\">\n\t\t\t\t<div class=\"elementor-widget-container\">\n\t\t\t\t\t\t\t<div class=\"elementor-spacer\">\n\t\t\t<div class=\"elementor-spacer-inner\"><\/div>\n\t\t<\/div>\n\t\t\t\t\t\t<\/div>\n\t\t\t\t<\/div>\n\t\t\t\t\t<\/div>\n\t\t\t\t<\/div>\n\t\t\t\t<\/div>","protected":false},"excerpt":{"rendered":"<p>Testamento: La historia de Moises FICHA T\u00c9CNICA DEL PROYECTO Trabajo realizado: Audiodescripci\u00f3n en espa\u00f1ol Duraci\u00f3n: 3 episodios Clasificaci\u00f3n: 12 a\u00f1os G\u00e9nero: Serie de TV, Documental, Drama, Biogr\u00e1fico Sinopsis: Esta pel\u00edcula turca de docudrama narra la vida de Mois\u00e9s desde su nacimiento en Egipto hasta su papel como l\u00edder del pueblo hebreo. La historia se centra [&hellip;]<\/p>","protected":false},"author":1,"featured_media":0,"parent":0,"menu_order":0,"comment_status":"closed","ping_status":"closed","template":"","meta":{"footnotes":""},"class_list":["post-1295","page","type-page","status-publish","hentry"],"yoast_head":"<!-- This site is optimized with the Yoast SEO plugin v26.5 - https:\/\/yoast.com\/wordpress\/plugins\/seo\/ -->\n<title>Testamento: La historia de Mois\u00e9s - Natalia Ram\u00edrez<\/title>\n<meta name=\"robots\" content=\"index, follow, max-snippet:-1, max-image-preview:large, max-video-preview:-1\" \/>\n<link rel=\"canonical\" href=\"https:\/\/nataliaramirezrivera.com\/en\/testamento-la-historia-de-moises\/\" \/>\n<meta property=\"og:locale\" content=\"en_GB\" \/>\n<meta property=\"og:type\" content=\"article\" \/>\n<meta property=\"og:title\" content=\"Testamento: La historia de Mois\u00e9s - Natalia Ram\u00edrez\" \/>\n<meta property=\"og:description\" content=\"Testamento: La historia de Moises FICHA T\u00c9CNICA DEL PROYECTO Trabajo realizado: Audiodescripci\u00f3n en espa\u00f1ol Duraci\u00f3n: 3 episodios Clasificaci\u00f3n: 12 a\u00f1os G\u00e9nero: Serie de TV, Documental, Drama, Biogr\u00e1fico Sinopsis: Esta pel\u00edcula turca de docudrama narra la vida de Mois\u00e9s desde su nacimiento en Egipto hasta su papel como l\u00edder del pueblo hebreo. La historia se centra [&hellip;]\" \/>\n<meta property=\"og:url\" content=\"https:\/\/nataliaramirezrivera.com\/en\/testamento-la-historia-de-moises\/\" \/>\n<meta property=\"og:site_name\" content=\"Natalia Ram\u00edrez\" \/>\n<meta property=\"article:modified_time\" content=\"2026-01-05T10:59:06+00:00\" \/>\n<meta property=\"og:image\" content=\"https:\/\/nataliaramirezrivera.com\/wp-content\/uploads\/2025\/09\/Testament-The-Story-of-Moses_Testamento-la-historia-de-Moises.jpg\" \/>\n\t<meta property=\"og:image:width\" content=\"500\" \/>\n\t<meta property=\"og:image:height\" content=\"750\" \/>\n\t<meta property=\"og:image:type\" content=\"image\/jpeg\" \/>\n<meta name=\"twitter:card\" content=\"summary_large_image\" \/>\n<meta name=\"twitter:label1\" content=\"Estimated reading time\" \/>\n\t<meta name=\"twitter:data1\" content=\"1 minute\" \/>\n<script type=\"application\/ld+json\" class=\"yoast-schema-graph\">{\"@context\":\"https:\/\/schema.org\",\"@graph\":[{\"@type\":\"WebPage\",\"@id\":\"https:\/\/nataliaramirezrivera.com\/testamento-la-historia-de-moises\/\",\"url\":\"https:\/\/nataliaramirezrivera.com\/testamento-la-historia-de-moises\/\",\"name\":\"Testamento: La historia de Mois\u00e9s - Natalia Ram\u00edrez\",\"isPartOf\":{\"@id\":\"https:\/\/nataliaramirezrivera.com\/#website\"},\"primaryImageOfPage\":{\"@id\":\"https:\/\/nataliaramirezrivera.com\/testamento-la-historia-de-moises\/#primaryimage\"},\"image\":{\"@id\":\"https:\/\/nataliaramirezrivera.com\/testamento-la-historia-de-moises\/#primaryimage\"},\"thumbnailUrl\":\"https:\/\/nataliaramirezrivera.com\/wp-content\/uploads\/2025\/09\/Testament-The-Story-of-Moses_Testamento-la-historia-de-Moises.jpg\",\"datePublished\":\"2025-09-12T10:16:28+00:00\",\"dateModified\":\"2026-01-05T10:59:06+00:00\",\"breadcrumb\":{\"@id\":\"https:\/\/nataliaramirezrivera.com\/testamento-la-historia-de-moises\/#breadcrumb\"},\"inLanguage\":\"en-GB\",\"potentialAction\":[{\"@type\":\"ReadAction\",\"target\":[\"https:\/\/nataliaramirezrivera.com\/testamento-la-historia-de-moises\/\"]}]},{\"@type\":\"ImageObject\",\"inLanguage\":\"en-GB\",\"@id\":\"https:\/\/nataliaramirezrivera.com\/testamento-la-historia-de-moises\/#primaryimage\",\"url\":\"https:\/\/nataliaramirezrivera.com\/wp-content\/uploads\/2025\/09\/Testament-The-Story-of-Moses_Testamento-la-historia-de-Moises.jpg\",\"contentUrl\":\"https:\/\/nataliaramirezrivera.com\/wp-content\/uploads\/2025\/09\/Testament-The-Story-of-Moses_Testamento-la-historia-de-Moises.jpg\"},{\"@type\":\"BreadcrumbList\",\"@id\":\"https:\/\/nataliaramirezrivera.com\/testamento-la-historia-de-moises\/#breadcrumb\",\"itemListElement\":[{\"@type\":\"ListItem\",\"position\":1,\"name\":\"Portada\",\"item\":\"https:\/\/nataliaramirezrivera.com\/\"},{\"@type\":\"ListItem\",\"position\":2,\"name\":\"Testamento: La historia de Mois\u00e9s\"}]},{\"@type\":\"WebSite\",\"@id\":\"https:\/\/nataliaramirezrivera.com\/#website\",\"url\":\"https:\/\/nataliaramirezrivera.com\/\",\"name\":\"Natalia Ram\u00edrez\",\"description\":\"Traducci\u00f3n audiovisual especializada\",\"publisher\":{\"@id\":\"https:\/\/nataliaramirezrivera.com\/#organization\"},\"potentialAction\":[{\"@type\":\"SearchAction\",\"target\":{\"@type\":\"EntryPoint\",\"urlTemplate\":\"https:\/\/nataliaramirezrivera.com\/?s={search_term_string}\"},\"query-input\":{\"@type\":\"PropertyValueSpecification\",\"valueRequired\":true,\"valueName\":\"search_term_string\"}}],\"inLanguage\":\"en-GB\"},{\"@type\":\"Organization\",\"@id\":\"https:\/\/nataliaramirezrivera.com\/#organization\",\"name\":\"Natalia Ram\u00edrez\",\"url\":\"https:\/\/nataliaramirezrivera.com\/\",\"logo\":{\"@type\":\"ImageObject\",\"inLanguage\":\"en-GB\",\"@id\":\"https:\/\/nataliaramirezrivera.com\/#\/schema\/logo\/image\/\",\"url\":\"https:\/\/nataliaramirezrivera.com\/wp-content\/uploads\/2025\/10\/cropped-Natalia-Ramirez-logo-2.png\",\"contentUrl\":\"https:\/\/nataliaramirezrivera.com\/wp-content\/uploads\/2025\/10\/cropped-Natalia-Ramirez-logo-2.png\",\"width\":1087,\"height\":548,\"caption\":\"Natalia Ram\u00edrez\"},\"image\":{\"@id\":\"https:\/\/nataliaramirezrivera.com\/#\/schema\/logo\/image\/\"}}]}<\/script>\n<!-- \/ Yoast SEO plugin. -->","yoast_head_json":{"title":"Testamento: La historia de Mois\u00e9s - Natalia Ram\u00edrez","robots":{"index":"index","follow":"follow","max-snippet":"max-snippet:-1","max-image-preview":"max-image-preview:large","max-video-preview":"max-video-preview:-1"},"canonical":"https:\/\/nataliaramirezrivera.com\/en\/testamento-la-historia-de-moises\/","og_locale":"en_GB","og_type":"article","og_title":"Testamento: La historia de Mois\u00e9s - Natalia Ram\u00edrez","og_description":"Testamento: La historia de Moises FICHA T\u00c9CNICA DEL PROYECTO Trabajo realizado: Audiodescripci\u00f3n en espa\u00f1ol Duraci\u00f3n: 3 episodios Clasificaci\u00f3n: 12 a\u00f1os G\u00e9nero: Serie de TV, Documental, Drama, Biogr\u00e1fico Sinopsis: Esta pel\u00edcula turca de docudrama narra la vida de Mois\u00e9s desde su nacimiento en Egipto hasta su papel como l\u00edder del pueblo hebreo. La historia se centra [&hellip;]","og_url":"https:\/\/nataliaramirezrivera.com\/en\/testamento-la-historia-de-moises\/","og_site_name":"Natalia Ram\u00edrez","article_modified_time":"2026-01-05T10:59:06+00:00","og_image":[{"width":500,"height":750,"url":"https:\/\/nataliaramirezrivera.com\/wp-content\/uploads\/2025\/09\/Testament-The-Story-of-Moses_Testamento-la-historia-de-Moises.jpg","type":"image\/jpeg"}],"twitter_card":"summary_large_image","twitter_misc":{"Estimated reading time":"1 minute"},"schema":{"@context":"https:\/\/schema.org","@graph":[{"@type":"WebPage","@id":"https:\/\/nataliaramirezrivera.com\/testamento-la-historia-de-moises\/","url":"https:\/\/nataliaramirezrivera.com\/testamento-la-historia-de-moises\/","name":"Testamento: La historia de Mois\u00e9s - Natalia Ram\u00edrez","isPartOf":{"@id":"https:\/\/nataliaramirezrivera.com\/#website"},"primaryImageOfPage":{"@id":"https:\/\/nataliaramirezrivera.com\/testamento-la-historia-de-moises\/#primaryimage"},"image":{"@id":"https:\/\/nataliaramirezrivera.com\/testamento-la-historia-de-moises\/#primaryimage"},"thumbnailUrl":"https:\/\/nataliaramirezrivera.com\/wp-content\/uploads\/2025\/09\/Testament-The-Story-of-Moses_Testamento-la-historia-de-Moises.jpg","datePublished":"2025-09-12T10:16:28+00:00","dateModified":"2026-01-05T10:59:06+00:00","breadcrumb":{"@id":"https:\/\/nataliaramirezrivera.com\/testamento-la-historia-de-moises\/#breadcrumb"},"inLanguage":"en-GB","potentialAction":[{"@type":"ReadAction","target":["https:\/\/nataliaramirezrivera.com\/testamento-la-historia-de-moises\/"]}]},{"@type":"ImageObject","inLanguage":"en-GB","@id":"https:\/\/nataliaramirezrivera.com\/testamento-la-historia-de-moises\/#primaryimage","url":"https:\/\/nataliaramirezrivera.com\/wp-content\/uploads\/2025\/09\/Testament-The-Story-of-Moses_Testamento-la-historia-de-Moises.jpg","contentUrl":"https:\/\/nataliaramirezrivera.com\/wp-content\/uploads\/2025\/09\/Testament-The-Story-of-Moses_Testamento-la-historia-de-Moises.jpg"},{"@type":"BreadcrumbList","@id":"https:\/\/nataliaramirezrivera.com\/testamento-la-historia-de-moises\/#breadcrumb","itemListElement":[{"@type":"ListItem","position":1,"name":"Portada","item":"https:\/\/nataliaramirezrivera.com\/"},{"@type":"ListItem","position":2,"name":"Testamento: La historia de Mois\u00e9s"}]},{"@type":"WebSite","@id":"https:\/\/nataliaramirezrivera.com\/#website","url":"https:\/\/nataliaramirezrivera.com\/","name":"Natalia Ram\u00edrez","description":"Specialized Audiovisual Translation","publisher":{"@id":"https:\/\/nataliaramirezrivera.com\/#organization"},"potentialAction":[{"@type":"SearchAction","target":{"@type":"EntryPoint","urlTemplate":"https:\/\/nataliaramirezrivera.com\/?s={search_term_string}"},"query-input":{"@type":"PropertyValueSpecification","valueRequired":true,"valueName":"search_term_string"}}],"inLanguage":"en-GB"},{"@type":"Organization","@id":"https:\/\/nataliaramirezrivera.com\/#organization","name":"Natalia Ram\u00edrez","url":"https:\/\/nataliaramirezrivera.com\/","logo":{"@type":"ImageObject","inLanguage":"en-GB","@id":"https:\/\/nataliaramirezrivera.com\/#\/schema\/logo\/image\/","url":"https:\/\/nataliaramirezrivera.com\/wp-content\/uploads\/2025\/10\/cropped-Natalia-Ramirez-logo-2.png","contentUrl":"https:\/\/nataliaramirezrivera.com\/wp-content\/uploads\/2025\/10\/cropped-Natalia-Ramirez-logo-2.png","width":1087,"height":548,"caption":"Natalia Ram\u00edrez"},"image":{"@id":"https:\/\/nataliaramirezrivera.com\/#\/schema\/logo\/image\/"}}]}},"_links":{"self":[{"href":"https:\/\/nataliaramirezrivera.com\/en\/wp-json\/wp\/v2\/pages\/1295","targetHints":{"allow":["GET"]}}],"collection":[{"href":"https:\/\/nataliaramirezrivera.com\/en\/wp-json\/wp\/v2\/pages"}],"about":[{"href":"https:\/\/nataliaramirezrivera.com\/en\/wp-json\/wp\/v2\/types\/page"}],"author":[{"embeddable":true,"href":"https:\/\/nataliaramirezrivera.com\/en\/wp-json\/wp\/v2\/users\/1"}],"replies":[{"embeddable":true,"href":"https:\/\/nataliaramirezrivera.com\/en\/wp-json\/wp\/v2\/comments?post=1295"}],"version-history":[{"count":34,"href":"https:\/\/nataliaramirezrivera.com\/en\/wp-json\/wp\/v2\/pages\/1295\/revisions"}],"predecessor-version":[{"id":2613,"href":"https:\/\/nataliaramirezrivera.com\/en\/wp-json\/wp\/v2\/pages\/1295\/revisions\/2613"}],"wp:attachment":[{"href":"https:\/\/nataliaramirezrivera.com\/en\/wp-json\/wp\/v2\/media?parent=1295"}],"curies":[{"name":"wp","href":"https:\/\/api.w.org\/{rel}","templated":true}]}}