{"id":1118,"date":"2025-09-12T11:06:46","date_gmt":"2025-09-12T09:06:46","guid":{"rendered":"https:\/\/nataliaramirezrivera.com\/?page_id=1118"},"modified":"2026-01-05T11:55:41","modified_gmt":"2026-01-05T10:55:41","slug":"los-caballeros","status":"publish","type":"page","link":"https:\/\/nataliaramirezrivera.com\/en\/los-caballeros\/","title":{"rendered":"The Knights"},"content":{"rendered":"<div data-elementor-type=\"wp-page\" data-elementor-id=\"1118\" class=\"elementor elementor-1118\" data-elementor-post-type=\"page\">\n\t\t\t\t<div class=\"elementor-element elementor-element-67d324c e-flex e-con-boxed e-con e-parent\" data-id=\"67d324c\" data-element_type=\"container\" data-settings=\"{&quot;background_background&quot;:&quot;gradient&quot;}\">\n\t\t\t\t\t<div class=\"e-con-inner\">\n\t\t\t\t<div class=\"elementor-element elementor-element-bae81f4 elementor-widget elementor-widget-heading\" data-id=\"bae81f4\" data-element_type=\"widget\" data-widget_type=\"heading.default\">\n\t\t\t\t<div class=\"elementor-widget-container\">\n\t\t\t\t\t<h1 class=\"elementor-heading-title elementor-size-default\">The Knights<\/h1>\t\t\t\t<\/div>\n\t\t\t\t<\/div>\n\t\t\t\t\t<\/div>\n\t\t\t\t<\/div>\n\t\t<div class=\"elementor-element elementor-element-ceab05b e-flex e-con-boxed e-con e-parent\" data-id=\"ceab05b\" data-element_type=\"container\">\n\t\t\t\t\t<div class=\"e-con-inner\">\n\t\t\t\t<div class=\"elementor-element elementor-element-47a0804 elementor-widget elementor-widget-spacer\" data-id=\"47a0804\" data-element_type=\"widget\" data-widget_type=\"spacer.default\">\n\t\t\t\t<div class=\"elementor-widget-container\">\n\t\t\t\t\t\t\t<div class=\"elementor-spacer\">\n\t\t\t<div class=\"elementor-spacer-inner\"><\/div>\n\t\t<\/div>\n\t\t\t\t\t\t<\/div>\n\t\t\t\t<\/div>\n\t\t\t\t\t<\/div>\n\t\t\t\t<\/div>\n\t\t<div class=\"elementor-element elementor-element-1543824 e-grid e-con-boxed e-con e-parent\" data-id=\"1543824\" data-element_type=\"container\">\n\t\t\t\t\t<div class=\"e-con-inner\">\n\t\t\t\t<div class=\"elementor-element elementor-element-e4f9110 elementor-widget elementor-widget-image\" data-id=\"e4f9110\" data-element_type=\"widget\" data-widget_type=\"image.default\">\n\t\t\t\t<div class=\"elementor-widget-container\">\n\t\t\t\t\t\t\t\t\t\t\t\t\t\t\t<img fetchpriority=\"high\" decoding=\"async\" width=\"683\" height=\"1024\" src=\"https:\/\/nataliaramirezrivera.com\/wp-content\/uploads\/2025\/09\/The-Gentlemen_Los-Caballeros-683x1024.jpg\" class=\"attachment-large size-large wp-image-802\" alt=\"The Gentlemen_Los Caballeros\" srcset=\"https:\/\/nataliaramirezrivera.com\/wp-content\/uploads\/2025\/09\/The-Gentlemen_Los-Caballeros-683x1024.jpg 683w, https:\/\/nataliaramirezrivera.com\/wp-content\/uploads\/2025\/09\/The-Gentlemen_Los-Caballeros-200x300.jpg 200w, https:\/\/nataliaramirezrivera.com\/wp-content\/uploads\/2025\/09\/The-Gentlemen_Los-Caballeros-768x1152.jpg 768w, https:\/\/nataliaramirezrivera.com\/wp-content\/uploads\/2025\/09\/The-Gentlemen_Los-Caballeros-1024x1536.jpg 1024w, https:\/\/nataliaramirezrivera.com\/wp-content\/uploads\/2025\/09\/The-Gentlemen_Los-Caballeros-1365x2048.jpg 1365w, https:\/\/nataliaramirezrivera.com\/wp-content\/uploads\/2025\/09\/The-Gentlemen_Los-Caballeros.jpg 1500w\" sizes=\"(max-width: 683px) 100vw, 683px\" \/>\t\t\t\t\t\t\t\t\t\t\t\t\t\t\t<\/div>\n\t\t\t\t<\/div>\n\t\t<div class=\"elementor-element elementor-element-7934d91 e-con-full e-flex e-con e-child\" data-id=\"7934d91\" data-element_type=\"container\">\n\t\t\t\t<div class=\"elementor-element elementor-element-74a71bd elementor-widget elementor-widget-heading\" data-id=\"74a71bd\" data-element_type=\"widget\" data-widget_type=\"heading.default\">\n\t\t\t\t<div class=\"elementor-widget-container\">\n\t\t\t\t\t<h2 class=\"elementor-heading-title elementor-size-default\">PROJECT TECHNICAL SHEET<\/h2>\t\t\t\t<\/div>\n\t\t\t\t<\/div>\n\t\t\t\t<div class=\"elementor-element elementor-element-9f978d2 elementor-widget elementor-widget-text-editor\" data-id=\"9f978d2\" data-element_type=\"widget\" data-widget_type=\"text-editor.default\">\n\t\t\t\t<div class=\"elementor-widget-container\">\n\t\t\t\t\t\t\t\t\t<p><strong>Work <span style=\"text-transform: lowercase;\">performed:<\/span><\/strong><\/p><ul><li><p>Audio description in Spanish<\/p><\/li><\/ul><p><strong>Duration:<\/strong><\/p><p>8 episodes<\/p><p><strong>Classification:<\/strong><\/p><p>16 years old<\/p><p><strong>Gender:<\/strong><\/p><p>TV Series, Thriller, Action, Comedy, Spin-off, Crime, Drugs<\/p><p><strong>Synopsis:<\/strong><\/p><p><em data-start=\"42\" data-end=\"57\">The Gentlemen<\/em> follows the story of Eddie Horniman (Theo James), a former British Army officer who unexpectedly inherits a massive country estate and the title of Duke of Halstead following the death of his father. But the shocker: the property hides a cannabis cultivation empire run by the Glass crime family. Caught between keeping his family safe and diving deeper into the underworld, Eddie decides to take on everyone by playing by his own rules\u2014and discovers he might like it more than he imagined.<\/p><p><strong><span style=\"color: #000000;\">Trailer:<\/span><\/strong><\/p>\t\t\t\t\t\t\t\t<\/div>\n\t\t\t\t<\/div>\n\t\t\t\t<div class=\"elementor-element elementor-element-b06414b elementor-widget elementor-widget-video\" data-id=\"b06414b\" data-element_type=\"widget\" data-settings=\"{&quot;youtube_url&quot;:&quot;https:\\\/\\\/youtu.be\\\/wyEOwHrpZH4&quot;,&quot;cc_load_policy&quot;:&quot;yes&quot;,&quot;video_type&quot;:&quot;youtube&quot;,&quot;controls&quot;:&quot;yes&quot;}\" data-widget_type=\"video.default\">\n\t\t\t\t<div class=\"elementor-widget-container\">\n\t\t\t\t\t\t\t<div class=\"elementor-wrapper elementor-open-inline\">\n\t\t\t<div class=\"elementor-video\"><\/div>\t\t<\/div>\n\t\t\t\t\t\t<\/div>\n\t\t\t\t<\/div>\n\t\t\t\t<\/div>\n\t\t\t\t\t<\/div>\n\t\t\t\t<\/div>\n\t\t<div class=\"elementor-element elementor-element-55a8c45 e-flex e-con-boxed e-con e-parent\" data-id=\"55a8c45\" data-element_type=\"container\">\n\t\t\t\t\t<div class=\"e-con-inner\">\n\t\t\t\t<div class=\"elementor-element elementor-element-03aa913 elementor-widget elementor-widget-spacer\" data-id=\"03aa913\" data-element_type=\"widget\" data-widget_type=\"spacer.default\">\n\t\t\t\t<div class=\"elementor-widget-container\">\n\t\t\t\t\t\t\t<div class=\"elementor-spacer\">\n\t\t\t<div class=\"elementor-spacer-inner\"><\/div>\n\t\t<\/div>\n\t\t\t\t\t\t<\/div>\n\t\t\t\t<\/div>\n\t\t\t\t\t<\/div>\n\t\t\t\t<\/div>\n\t\t\t\t<\/div>","protected":false},"excerpt":{"rendered":"<p>Los Caballeros FICHA T\u00c9CNICA DEL PROYECTO Trabajo realizado: Audiodescripci\u00f3n en espa\u00f1ol Duraci\u00f3n: 8 episodios Clasificaci\u00f3n: 16 a\u00f1os G\u00e9nero: Serie de TV, Thriller, Acci\u00f3n, Comedia, Spin-off, Crimen, Drogas Sinopsis: The Gentlemen sigue la historia de Eddie Horniman (Theo James), un exoficial del ej\u00e9rcito brit\u00e1nico que hereda inesperadamente una gigantesca finca campestre y el t\u00edtulo de duque [&hellip;]<\/p>","protected":false},"author":1,"featured_media":0,"parent":0,"menu_order":0,"comment_status":"closed","ping_status":"closed","template":"","meta":{"footnotes":""},"class_list":["post-1118","page","type-page","status-publish","hentry"],"yoast_head":"<!-- This site is optimized with the Yoast SEO plugin v26.5 - https:\/\/yoast.com\/wordpress\/plugins\/seo\/ -->\n<title>Los Caballeros - Natalia Ram\u00edrez<\/title>\n<meta name=\"robots\" content=\"index, follow, max-snippet:-1, max-image-preview:large, max-video-preview:-1\" \/>\n<link rel=\"canonical\" href=\"https:\/\/nataliaramirezrivera.com\/en\/los-caballeros\/\" \/>\n<meta property=\"og:locale\" content=\"en_GB\" \/>\n<meta property=\"og:type\" content=\"article\" \/>\n<meta property=\"og:title\" content=\"Los Caballeros - Natalia Ram\u00edrez\" \/>\n<meta property=\"og:description\" content=\"Los Caballeros FICHA T\u00c9CNICA DEL PROYECTO Trabajo realizado: Audiodescripci\u00f3n en espa\u00f1ol Duraci\u00f3n: 8 episodios Clasificaci\u00f3n: 16 a\u00f1os G\u00e9nero: Serie de TV, Thriller, Acci\u00f3n, Comedia, Spin-off, Crimen, Drogas Sinopsis: The Gentlemen sigue la historia de Eddie Horniman (Theo James), un exoficial del ej\u00e9rcito brit\u00e1nico que hereda inesperadamente una gigantesca finca campestre y el t\u00edtulo de duque [&hellip;]\" \/>\n<meta property=\"og:url\" content=\"https:\/\/nataliaramirezrivera.com\/en\/los-caballeros\/\" \/>\n<meta property=\"og:site_name\" content=\"Natalia Ram\u00edrez\" \/>\n<meta property=\"article:modified_time\" content=\"2026-01-05T10:55:41+00:00\" \/>\n<meta property=\"og:image\" content=\"https:\/\/nataliaramirezrivera.com\/wp-content\/uploads\/2025\/09\/The-Gentlemen_Los-Caballeros.jpg\" \/>\n\t<meta property=\"og:image:width\" content=\"1500\" \/>\n\t<meta property=\"og:image:height\" content=\"2250\" \/>\n\t<meta property=\"og:image:type\" content=\"image\/jpeg\" \/>\n<meta name=\"twitter:card\" content=\"summary_large_image\" \/>\n<meta name=\"twitter:label1\" content=\"Estimated reading time\" \/>\n\t<meta name=\"twitter:data1\" content=\"1 minute\" \/>\n<script type=\"application\/ld+json\" class=\"yoast-schema-graph\">{\"@context\":\"https:\/\/schema.org\",\"@graph\":[{\"@type\":\"WebPage\",\"@id\":\"https:\/\/nataliaramirezrivera.com\/los-caballeros\/\",\"url\":\"https:\/\/nataliaramirezrivera.com\/los-caballeros\/\",\"name\":\"Los Caballeros - Natalia Ram\u00edrez\",\"isPartOf\":{\"@id\":\"https:\/\/nataliaramirezrivera.com\/#website\"},\"primaryImageOfPage\":{\"@id\":\"https:\/\/nataliaramirezrivera.com\/los-caballeros\/#primaryimage\"},\"image\":{\"@id\":\"https:\/\/nataliaramirezrivera.com\/los-caballeros\/#primaryimage\"},\"thumbnailUrl\":\"https:\/\/nataliaramirezrivera.com\/wp-content\/uploads\/2025\/09\/The-Gentlemen_Los-Caballeros-683x1024.jpg\",\"datePublished\":\"2025-09-12T09:06:46+00:00\",\"dateModified\":\"2026-01-05T10:55:41+00:00\",\"breadcrumb\":{\"@id\":\"https:\/\/nataliaramirezrivera.com\/los-caballeros\/#breadcrumb\"},\"inLanguage\":\"en-GB\",\"potentialAction\":[{\"@type\":\"ReadAction\",\"target\":[\"https:\/\/nataliaramirezrivera.com\/los-caballeros\/\"]}]},{\"@type\":\"ImageObject\",\"inLanguage\":\"en-GB\",\"@id\":\"https:\/\/nataliaramirezrivera.com\/los-caballeros\/#primaryimage\",\"url\":\"https:\/\/nataliaramirezrivera.com\/wp-content\/uploads\/2025\/09\/The-Gentlemen_Los-Caballeros-683x1024.jpg\",\"contentUrl\":\"https:\/\/nataliaramirezrivera.com\/wp-content\/uploads\/2025\/09\/The-Gentlemen_Los-Caballeros-683x1024.jpg\"},{\"@type\":\"BreadcrumbList\",\"@id\":\"https:\/\/nataliaramirezrivera.com\/los-caballeros\/#breadcrumb\",\"itemListElement\":[{\"@type\":\"ListItem\",\"position\":1,\"name\":\"Portada\",\"item\":\"https:\/\/nataliaramirezrivera.com\/\"},{\"@type\":\"ListItem\",\"position\":2,\"name\":\"Los Caballeros\"}]},{\"@type\":\"WebSite\",\"@id\":\"https:\/\/nataliaramirezrivera.com\/#website\",\"url\":\"https:\/\/nataliaramirezrivera.com\/\",\"name\":\"Natalia Ram\u00edrez\",\"description\":\"Traducci\u00f3n audiovisual especializada\",\"publisher\":{\"@id\":\"https:\/\/nataliaramirezrivera.com\/#organization\"},\"potentialAction\":[{\"@type\":\"SearchAction\",\"target\":{\"@type\":\"EntryPoint\",\"urlTemplate\":\"https:\/\/nataliaramirezrivera.com\/?s={search_term_string}\"},\"query-input\":{\"@type\":\"PropertyValueSpecification\",\"valueRequired\":true,\"valueName\":\"search_term_string\"}}],\"inLanguage\":\"en-GB\"},{\"@type\":\"Organization\",\"@id\":\"https:\/\/nataliaramirezrivera.com\/#organization\",\"name\":\"Natalia Ram\u00edrez\",\"url\":\"https:\/\/nataliaramirezrivera.com\/\",\"logo\":{\"@type\":\"ImageObject\",\"inLanguage\":\"en-GB\",\"@id\":\"https:\/\/nataliaramirezrivera.com\/#\/schema\/logo\/image\/\",\"url\":\"https:\/\/nataliaramirezrivera.com\/wp-content\/uploads\/2025\/10\/cropped-Natalia-Ramirez-logo-2.png\",\"contentUrl\":\"https:\/\/nataliaramirezrivera.com\/wp-content\/uploads\/2025\/10\/cropped-Natalia-Ramirez-logo-2.png\",\"width\":1087,\"height\":548,\"caption\":\"Natalia Ram\u00edrez\"},\"image\":{\"@id\":\"https:\/\/nataliaramirezrivera.com\/#\/schema\/logo\/image\/\"}}]}<\/script>\n<!-- \/ Yoast SEO plugin. -->","yoast_head_json":{"title":"Los Caballeros - Natalia Ram\u00edrez","robots":{"index":"index","follow":"follow","max-snippet":"max-snippet:-1","max-image-preview":"max-image-preview:large","max-video-preview":"max-video-preview:-1"},"canonical":"https:\/\/nataliaramirezrivera.com\/en\/los-caballeros\/","og_locale":"en_GB","og_type":"article","og_title":"Los Caballeros - Natalia Ram\u00edrez","og_description":"Los Caballeros FICHA T\u00c9CNICA DEL PROYECTO Trabajo realizado: Audiodescripci\u00f3n en espa\u00f1ol Duraci\u00f3n: 8 episodios Clasificaci\u00f3n: 16 a\u00f1os G\u00e9nero: Serie de TV, Thriller, Acci\u00f3n, Comedia, Spin-off, Crimen, Drogas Sinopsis: The Gentlemen sigue la historia de Eddie Horniman (Theo James), un exoficial del ej\u00e9rcito brit\u00e1nico que hereda inesperadamente una gigantesca finca campestre y el t\u00edtulo de duque [&hellip;]","og_url":"https:\/\/nataliaramirezrivera.com\/en\/los-caballeros\/","og_site_name":"Natalia Ram\u00edrez","article_modified_time":"2026-01-05T10:55:41+00:00","og_image":[{"width":1500,"height":2250,"url":"https:\/\/nataliaramirezrivera.com\/wp-content\/uploads\/2025\/09\/The-Gentlemen_Los-Caballeros.jpg","type":"image\/jpeg"}],"twitter_card":"summary_large_image","twitter_misc":{"Estimated reading time":"1 minute"},"schema":{"@context":"https:\/\/schema.org","@graph":[{"@type":"WebPage","@id":"https:\/\/nataliaramirezrivera.com\/los-caballeros\/","url":"https:\/\/nataliaramirezrivera.com\/los-caballeros\/","name":"Los Caballeros - Natalia Ram\u00edrez","isPartOf":{"@id":"https:\/\/nataliaramirezrivera.com\/#website"},"primaryImageOfPage":{"@id":"https:\/\/nataliaramirezrivera.com\/los-caballeros\/#primaryimage"},"image":{"@id":"https:\/\/nataliaramirezrivera.com\/los-caballeros\/#primaryimage"},"thumbnailUrl":"https:\/\/nataliaramirezrivera.com\/wp-content\/uploads\/2025\/09\/The-Gentlemen_Los-Caballeros-683x1024.jpg","datePublished":"2025-09-12T09:06:46+00:00","dateModified":"2026-01-05T10:55:41+00:00","breadcrumb":{"@id":"https:\/\/nataliaramirezrivera.com\/los-caballeros\/#breadcrumb"},"inLanguage":"en-GB","potentialAction":[{"@type":"ReadAction","target":["https:\/\/nataliaramirezrivera.com\/los-caballeros\/"]}]},{"@type":"ImageObject","inLanguage":"en-GB","@id":"https:\/\/nataliaramirezrivera.com\/los-caballeros\/#primaryimage","url":"https:\/\/nataliaramirezrivera.com\/wp-content\/uploads\/2025\/09\/The-Gentlemen_Los-Caballeros-683x1024.jpg","contentUrl":"https:\/\/nataliaramirezrivera.com\/wp-content\/uploads\/2025\/09\/The-Gentlemen_Los-Caballeros-683x1024.jpg"},{"@type":"BreadcrumbList","@id":"https:\/\/nataliaramirezrivera.com\/los-caballeros\/#breadcrumb","itemListElement":[{"@type":"ListItem","position":1,"name":"Portada","item":"https:\/\/nataliaramirezrivera.com\/"},{"@type":"ListItem","position":2,"name":"Los Caballeros"}]},{"@type":"WebSite","@id":"https:\/\/nataliaramirezrivera.com\/#website","url":"https:\/\/nataliaramirezrivera.com\/","name":"Natalia Ram\u00edrez","description":"Specialized Audiovisual Translation","publisher":{"@id":"https:\/\/nataliaramirezrivera.com\/#organization"},"potentialAction":[{"@type":"SearchAction","target":{"@type":"EntryPoint","urlTemplate":"https:\/\/nataliaramirezrivera.com\/?s={search_term_string}"},"query-input":{"@type":"PropertyValueSpecification","valueRequired":true,"valueName":"search_term_string"}}],"inLanguage":"en-GB"},{"@type":"Organization","@id":"https:\/\/nataliaramirezrivera.com\/#organization","name":"Natalia Ram\u00edrez","url":"https:\/\/nataliaramirezrivera.com\/","logo":{"@type":"ImageObject","inLanguage":"en-GB","@id":"https:\/\/nataliaramirezrivera.com\/#\/schema\/logo\/image\/","url":"https:\/\/nataliaramirezrivera.com\/wp-content\/uploads\/2025\/10\/cropped-Natalia-Ramirez-logo-2.png","contentUrl":"https:\/\/nataliaramirezrivera.com\/wp-content\/uploads\/2025\/10\/cropped-Natalia-Ramirez-logo-2.png","width":1087,"height":548,"caption":"Natalia Ram\u00edrez"},"image":{"@id":"https:\/\/nataliaramirezrivera.com\/#\/schema\/logo\/image\/"}}]}},"_links":{"self":[{"href":"https:\/\/nataliaramirezrivera.com\/en\/wp-json\/wp\/v2\/pages\/1118","targetHints":{"allow":["GET"]}}],"collection":[{"href":"https:\/\/nataliaramirezrivera.com\/en\/wp-json\/wp\/v2\/pages"}],"about":[{"href":"https:\/\/nataliaramirezrivera.com\/en\/wp-json\/wp\/v2\/types\/page"}],"author":[{"embeddable":true,"href":"https:\/\/nataliaramirezrivera.com\/en\/wp-json\/wp\/v2\/users\/1"}],"replies":[{"embeddable":true,"href":"https:\/\/nataliaramirezrivera.com\/en\/wp-json\/wp\/v2\/comments?post=1118"}],"version-history":[{"count":34,"href":"https:\/\/nataliaramirezrivera.com\/en\/wp-json\/wp\/v2\/pages\/1118\/revisions"}],"predecessor-version":[{"id":2595,"href":"https:\/\/nataliaramirezrivera.com\/en\/wp-json\/wp\/v2\/pages\/1118\/revisions\/2595"}],"wp:attachment":[{"href":"https:\/\/nataliaramirezrivera.com\/en\/wp-json\/wp\/v2\/media?parent=1118"}],"curies":[{"name":"wp","href":"https:\/\/api.w.org\/{rel}","templated":true}]}}